{"id":94,"date":"2025-10-12T17:48:30","date_gmt":"2025-10-12T14:48:30","guid":{"rendered":"https:\/\/noca.art\/?page_id=94"},"modified":"2026-03-12T21:17:22","modified_gmt":"2026-03-12T19:17:22","slug":"erintkezes","status":"publish","type":"page","link":"https:\/\/noca.art\/hu\/contact\/","title":{"rendered":"Kapcsolat"},"content":{"rendered":"<div>\n<p>    <iframe src=\"https:\/\/www.google.com\/maps\/embed?pb=!1m18!1m12!1m3!1d2718.231589106274!2d21.928931276675392!3d47.05530722588393!2m3!1f0!2f0!3f0!3m2!1i1024!2i768!4f13.1!3m3!1m2!1s0x474647001400961d%3A0x5c04da2832458c4a!2sNOCA!5e0!3m2!1sen!2sro!4v1760590202011!5m2!1sen!2sro\" width=\"700\" height=\"450\" style=\"border:0;\" allowfullscreen=\"\" loading=\"lazy\" referrerpolicy=\"no-referrer-when-downgrade\"><\/iframe>\n<\/div>\n<h1>Contact<\/h1>\n<h4>Informa\u021bii contact<\/h4>\n<ul>\n<li>\n<div>Mobil: <a class=\"uk-link-reset\" href=\"tel:+40715530655\">+40 715 530 655<\/a><\/div>\n<\/li>\n<li>\n<div>Email: <a class=\"uk-link-reset\" href=\"mailto:hello@noca.art\">hello@noca.art<\/a><\/div>\n<\/li>\n<\/ul>\n<h4>Orar<\/h4>\n<div>\n<p>Mar\u021bi &#8211; Duminc\u0103<br \/><strong>10:00 &#8211; 18:00<\/strong><\/p>\n<p>Luni<br \/><strong>\u00eenchis<\/strong><\/p>\n<p>Strada Independen\u021bei nr. 20, Oradea, RO<\/p>\n<\/div>\n<h4>Formular de contact<\/h4>\n<div>\n<div class='fluentform ff-default fluentform_wrapper_1 ffs_default_wrap'><form data-form_id=\"1\" id=\"fluentform_1\" class=\"frm-fluent-form fluent_form_1 ff-el-form-top ff_form_instance_1_1 ff-form-loading ffs_default\" data-form_instance=\"ff_form_instance_1_1\" method=\"POST\" ><fieldset  style=\"border: none!important;margin: 0!important;padding: 0!important;background-color: transparent!important;box-shadow: none!important;outline: none!important; min-inline-size: 100%;\">\n                    <legend class=\"ff_screen_reader_title\" style=\"display: block; margin: 0!important;padding: 0!important;height: 0!important;text-indent: -999999px;width: 0!important;overflow:hidden;\">Contact RO<\/legend><input type='hidden' name='__fluent_form_embded_post_id' value='94' \/><input type=\"hidden\" id=\"_fluentform_1_fluentformnonce\" name=\"_fluentform_1_fluentformnonce\" value=\"c6d726fb25\" \/><input type=\"hidden\" name=\"_wp_http_referer\" value=\"\/hu\/wp-json\/wp\/v2\/pages\/94\" \/><div data-type=\"name-element\" data-name=\"nume\" class=\" ff-field_container ff-name-field-wrapper\" ><div class='ff-t-container'><div class='ff-t-cell '><div class='ff-el-group  ff-el-form-hide_label'><div class='ff-el-input--content'><input type=\"text\" name=\"nume[first_name]\" id=\"ff_1_nume_first_name_\" class=\"ff-el-form-control\" placeholder=\"Nume \u0219i prenume\" aria-invalid=\"false\" aria-required=true><\/div><\/div><\/div><\/div><\/div><div class='ff-el-group ff-el-form-hide_label'><div class=\"ff-el-input--label ff-el-is-required asterisk-right\"><label for='ff_1_email' id='label_ff_1_email' aria-label=\"Email\">Email<\/label><\/div><div class='ff-el-input--content'><input type=\"email\" name=\"email\" id=\"ff_1_email\" class=\"ff-el-form-control\" placeholder=\"Adres\u0103 de email\" data-name=\"email\"  aria-invalid=\"false\" aria-required=true><\/div><\/div><div class='ff-el-group ff-el-form-hide_label'><div class=\"ff-el-input--label ff-el-is-required asterisk-right\"><label for='ff_1_subiect' id='label_ff_1_subiect' aria-label=\"Subiect\">Subiect<\/label><\/div><div class='ff-el-input--content'><input type=\"text\" name=\"subiect\" class=\"ff-el-form-control\" placeholder=\"Subiect\" data-name=\"subiect\" id=\"ff_1_subiect\"  aria-invalid=\"false\" aria-required=true><\/div><\/div><div class='ff-el-group'><div class=\"ff-el-input--label ff-el-is-required asterisk-right\"><label for='ff_1_mesaj' id='label_ff_1_mesaj' aria-label=\"Mesajul t\u0103u\">Mesajul t\u0103u<\/label><\/div><div class='ff-el-input--content'><textarea aria-required=\"true\" aria-labelledby=\"label_ff_1_mesaj\" name=\"mesaj\" id=\"ff_1_mesaj\" class=\"ff-el-form-control\" placeholder=\"Mesaj\" rows=\"6\" data-name=\"mesaj\" ><\/textarea><\/div><\/div><div class='ff-el-group ff-text-left ff_submit_btn_wrapper'><button type=\"submit\" class=\"ff-btn ff-btn-submit ff-btn-md ff_btn_style wpf_has_custom_css\"  aria-label=\"TRIMITE\">TRIMITE<\/button><\/div><\/fieldset><\/form><div id='fluentform_1_errors' class='ff-errors-in-stack ff_form_instance_1_1 ff-form-loading_errors ff_form_instance_1_1_errors'><\/div><\/div>            <script type=\"text\/javascript\">\n                window.fluent_form_ff_form_instance_1_1 = {\"id\":\"1\",\"ajaxUrl\":\"https:\\\/\\\/noca.art\\\/wp-admin\\\/admin-ajax.php\",\"settings\":{\"layout\":{\"labelPlacement\":\"top\",\"helpMessagePlacement\":\"with_label\",\"errorMessagePlacement\":\"inline\",\"cssClassName\":\"\",\"asteriskPlacement\":\"asterisk-right\"},\"restrictions\":{\"denyEmptySubmission\":{\"enabled\":false}}},\"form_instance\":\"ff_form_instance_1_1\",\"form_id_selector\":\"fluentform_1\",\"rules\":{\"nume[first_name]\":{\"required\":{\"value\":true,\"message\":\"This field is required\",\"global\":false,\"global_message\":\"This field is required\"}},\"nume[middle_name]\":{\"required\":{\"value\":false,\"message\":\"This field is required\",\"global\":false,\"global_message\":\"This field is required\"}},\"nume[last_name]\":{\"required\":{\"value\":false,\"message\":\"This field is required\",\"global\":false,\"global_message\":\"This field is required\"}},\"email\":{\"required\":{\"value\":true,\"message\":\"This field is required\",\"global\":false,\"global_message\":\"This field is required\"},\"email\":{\"value\":true,\"message\":\"This field must contain a valid email\",\"global\":false,\"global_message\":\"This field must contain a valid email\"}},\"subiect\":{\"required\":{\"value\":true,\"message\":\"This field is required\",\"global\":false,\"global_message\":\"This field is required\"}},\"mesaj\":{\"required\":{\"value\":true,\"message\":\"This field is required\",\"global\":false,\"global_message\":\"This field is required\"}}},\"debounce_time\":300};\n                            <\/script>\n            \n<\/div>\n<h1>Newsletter<\/h1>\n<hr>\n<div>Aboneaz\u0103-te la newsletterul NOCA \u0219i fii printre primii care afl\u0103 despre expozi\u021bii noi, arti\u0219ti contemporani, vernisaje \u0219i evenimente speciale din Oradea.<br \/>\nDin c\u00e2nd \u00een c\u00e2nd, inboxul t\u0103u merit\u0103 \u0219i pu\u021bin\u0103 art\u0103.<\/div>\n<div>\n<div class='fluentform ff-default fluentform_wrapper_3 ffs_default_wrap'><form data-form_id=\"3\" id=\"fluentform_3\" class=\"frm-fluent-form fluent_form_3 ff-el-form-top ff_form_instance_3_2 ff-form-loading ffs_default\" data-form_instance=\"ff_form_instance_3_2\" method=\"POST\" ><fieldset  style=\"border: none!important;margin: 0!important;padding: 0!important;background-color: transparent!important;box-shadow: none!important;outline: none!important; min-inline-size: 100%;\">\n                    <legend class=\"ff_screen_reader_title\" style=\"display: block; margin: 0!important;padding: 0!important;height: 0!important;text-indent: -999999px;width: 0!important;overflow:hidden;\">Newsletter Signup<\/legend><input type='hidden' name='__fluent_form_embded_post_id' value='94' \/><input type=\"hidden\" id=\"_fluentform_3_fluentformnonce\" name=\"_fluentform_3_fluentformnonce\" value=\"c6d726fb25\" \/><input type=\"hidden\" name=\"_wp_http_referer\" value=\"\/hu\/wp-json\/wp\/v2\/pages\/94\" \/><div data-type=\"name-element\" data-name=\"names\" class=\" ff-field_container ff-name-field-wrapper\" ><div class='ff-t-container'><div class='ff-t-cell '><div class='ff-el-group ff-el-form-top'><div class=\"ff-el-input--label asterisk-right\"><label for='ff_3_2_names_first_name_' id='label_ff_3_2_names_first_name_' >Prenume<\/label><\/div><div class='ff-el-input--content'><input type=\"text\" name=\"names[first_name]\" id=\"ff_3_2_names_first_name_\" class=\"ff-el-form-control\" placeholder=\"Prenume\" aria-invalid=\"false\" aria-required=false><\/div><\/div><\/div><div class='ff-t-cell '><div class='ff-el-group ff-el-form-top'><div class=\"ff-el-input--label asterisk-right\"><label for='ff_3_2_names_last_name_' id='label_ff_3_2_names_last_name_' >Nume<\/label><\/div><div class='ff-el-input--content'><input type=\"text\" name=\"names[last_name]\" id=\"ff_3_2_names_last_name_\" class=\"ff-el-form-control\" placeholder=\"Nume\" aria-invalid=\"false\" aria-required=false><\/div><\/div><\/div><\/div><\/div><div class='ff-el-group'><div class=\"ff-el-input--label ff-el-is-required asterisk-right\"><label for='ff_3_2_email' id='label_ff_3_2_email' aria-label=\"Email\">Email<\/label><\/div><div class='ff-el-input--content'><input type=\"email\" name=\"email\" id=\"ff_3_2_email\" class=\"ff-el-form-control\" placeholder=\"Adresa de e-mail\" data-name=\"email\"  aria-invalid=\"false\" aria-required=true><\/div><\/div><div class='ff-el-group    ff-el-input--content'><div class='ff-el-form-check ff-el-tc'><label aria-label='Doresc s\u0103 primesc newsletterul \u0219i sunt de acord cu Politica de confiden\u021bialitate.' class='ff-el-form-check-label ff_tc_label' for=gdpr-agreement_6e5f493d8544fce8dd5aa3d637806167><span class='ff_tc_checkbox'><input type=\"checkbox\" name=\"gdpr-agreement\" class=\"ff-el-form-check-input ff_gdpr_field\" data-name=\"gdpr-agreement\" id=\"gdpr-agreement_6e5f493d8544fce8dd5aa3d637806167\"  value='on' aria-invalid='false' aria-required=true><\/span> <div class='ff_t_c'>Doresc s\u0103 primesc newsletterul \u0219i sunt de acord cu Politica de confiden\u021bialitate.<\/div><\/label><\/div><\/div><div class='ff-el-group ff-text-left ff_submit_btn_wrapper'><button type=\"submit\" class=\"ff-btn ff-btn-submit ff-btn-md ff_btn_style wpf_has_custom_css\"  aria-label=\"M\u0103 abonez\">M\u0103 abonez<\/button><\/div><\/fieldset><\/form><div id='fluentform_3_errors' class='ff-errors-in-stack ff_form_instance_3_2 ff-form-loading_errors ff_form_instance_3_2_errors'><\/div><\/div>            <script type=\"text\/javascript\">\n                window.fluent_form_ff_form_instance_3_2 = {\"id\":\"3\",\"ajaxUrl\":\"https:\\\/\\\/noca.art\\\/wp-admin\\\/admin-ajax.php\",\"settings\":{\"layout\":{\"labelPlacement\":\"top\",\"asteriskPlacement\":\"asterisk-right\",\"helpMessagePlacement\":\"with_label\",\"errorMessagePlacement\":\"inline\",\"cssClassName\":\"\"},\"restrictions\":{\"denyEmptySubmission\":{\"enabled\":false}}},\"form_instance\":\"ff_form_instance_3_2\",\"form_id_selector\":\"fluentform_3\",\"rules\":{\"names[first_name]\":{\"required\":{\"value\":false,\"global\":false,\"global_message\":\"This field is required\"}},\"names[middle_name]\":{\"required\":{\"value\":false,\"global\":false,\"global_message\":\"This field is required\"}},\"names[last_name]\":{\"required\":{\"value\":false,\"global\":false,\"global_message\":\"This field is required\"}},\"email\":{\"required\":{\"value\":true,\"global\":false,\"global_message\":\"This field is required\"},\"email\":{\"value\":true,\"global\":false,\"global_message\":\"This field must contain a valid email\"}},\"gdpr-agreement\":{\"required\":{\"value\":true,\"global\":false,\"global_message\":\"This field is required\"}}},\"debounce_time\":300};\n                            <\/script>\n            <\/div>\n<p><!--more--><br \/>\n<!-- {\"type\":\"layout\",\"children\":[{\"type\":\"section\",\"props\":{\"image_position\":\"center-center\",\"style\":\"default\",\"title_breakpoint\":\"xl\",\"title_position\":\"top-left\",\"title_rotation\":\"left\",\"vertical_align\":\"middle\",\"width\":\"default\"},\"children\":[{\"type\":\"row\",\"children\":[{\"type\":\"column\",\"props\":{\"image_position\":\"center-center\",\"position_sticky_breakpoint\":\"m\",\"width_medium\":\"2-3\"},\"children\":[{\"type\":\"map\",\"props\":{\"clustering\":false,\"controls\":true,\"dragging\":false,\"fit_bounds\":true,\"height\":500,\"image_svg_color\":\"emphasis\",\"link_style\":\"default\",\"link_text\":\"Read more\",\"margin_bottom\":\"default\",\"margin_top\":\"default\",\"marker_icon\":\"wp-content\/uploads\/2025\/10\/marker-pink.svg\",\"max_zoom\":18,\"meta_align\":\"below-title\",\"meta_element\":\"div\",\"meta_style\":\"text-meta\",\"min_zoom\":0,\"poi\":false,\"show_content\":false,\"show_image\":false,\"show_link\":false,\"show_meta\":false,\"show_title\":false,\"status\":\"disabled\",\"title_element\":\"h3\",\"title_hover_style\":\"reset\",\"type\":\"roadmap\",\"zoom\":\"15\",\"zooming\":true},\"children\":[{\"type\":\"map_item\",\"props\":{\"hide\":false,\"location\":\"47.0535,21.9327\",\"title\":\"NOCA\"}}]},{\"type\":\"html\",\"props\":{\"content\":\"<iframe src=\\\"https:\/\/www.google.com\/maps\/embed?pb=!1m18!1m12!1m3!1d2718.231589106274!2d21.928931276675392!3d47.05530722588393!2m3!1f0!2f0!3f0!3m2!1i1024!2i768!4f13.1!3m3!1m2!1s0x474647001400961d%3A0x5c04da2832458c4a!2sNOCA!5e0!3m2!1sen!2sro!4v1760590202011!5m2!1sen!2sro\\\" width=\\\"700\\\" height=\\\"450\\\" style=\\\"border:0;\\\" allowfullscreen=\\\"\\\" loading=\\\"lazy\\\" referrerpolicy=\\\"no-referrer-when-downgrade\\\"><\/iframe>\"}}]},{\"type\":\"column\",\"props\":{\"image_position\":\"center-center\",\"position_sticky_breakpoint\":\"m\",\"width_medium\":\"1-3\"}}],\"props\":{\"layout\":\"2-3,1-3\"}}],\"name\":\"Sectiune content - 1\/2\/1 sau 3\/1\"},{\"type\":\"section\",\"props\":{\"image_position\":\"center-center\",\"padding_bottom\":\"small\",\"padding_top\":\"small\",\"style\":\"default\",\"title_breakpoint\":\"xl\",\"title_position\":\"top-left\",\"title_rotation\":\"left\",\"vertical_align\":\"middle\",\"width\":\"default\"},\"children\":[{\"type\":\"row\",\"children\":[{\"type\":\"column\",\"props\":{\"image_position\":\"center-center\",\"position_sticky\":\"section\",\"position_sticky_breakpoint\":\"m\",\"width_medium\":\"1-4\"},\"children\":[{\"type\":\"headline\",\"props\":{\"content\":\"Contact\",\"image_align\":\"left\",\"image_margin\":\"xsmall\",\"title_element\":\"h1\",\"title_font_family\":\"primary\"}},{\"type\":\"headline\",\"props\":{\"content\":\"Informa\u021bii contact\",\"image_align\":\"left\",\"image_margin\":\"xsmall\",\"title_element\":\"h4\",\"title_style\":\"h4\"}},{\"type\":\"list\",\"props\":{\"column_breakpoint\":\"m\",\"image_align\":\"left\",\"image_svg_color\":\"emphasis\",\"image_vertical_align\":true,\"list_element\":\"ul\",\"list_horizontal_separator\":\", \",\"list_size\":\"collapse\",\"list_type\":\"vertical\",\"show_image\":true,\"show_link\":true},\"children\":[{\"type\":\"list_item\",\"props\":{\"content\":\"Mobil: <a class=\\\"uk-link-reset\\\" href=\\\"tel:+40715530655\\\">+40 715 530 655<\/a>\"}},{\"type\":\"list_item\",\"props\":{\"content\":\"Email: <a class=\\\"uk-link-reset\\\" href=\\\"mailto:hello@noca.art\\\">hello@noca.art<\/a>\"}}],\"name\":\"Informatii contact\"}]},{\"type\":\"column\",\"props\":{\"image_position\":\"center-center\",\"position_sticky_breakpoint\":\"m\",\"width_medium\":\"1-2\"},\"children\":[{\"type\":\"headline\",\"props\":{\"content\":\"Orar\",\"image_align\":\"left\",\"image_margin\":\"xsmall\",\"margin_bottom\":\"remove\",\"title_element\":\"h4\",\"title_style\":\"h3\"}},{\"type\":\"text\",\"props\":{\"column_breakpoint\":\"m\",\"content\":\"\n\n<p>Mar\u021bi - Duminc\u0103<br \/><strong>10:00 - 18:00<\/strong><\/p>\n\n\\n\n\n<p>Luni<br \/><strong>\u00eenchis<\/strong><\/p>\n\n\\n\n\n<p>Strada Independen\u021bei nr. 20, Oradea, RO<\/p>\n\n\",\"margin_bottom\":\"small\",\"margin_top\":\"small\"}},{\"type\":\"divider\",\"props\":{\"divider_element\":\"hr\",\"status\":\"disabled\"}},{\"type\":\"headline\",\"props\":{\"content\":\"Formular de contact\",\"image_align\":\"left\",\"image_margin\":\"xsmall\",\"margin_bottom\":\"remove\",\"title_element\":\"h4\",\"title_style\":\"h3\"}},{\"type\":\"text\",\"props\":{\"column_breakpoint\":\"m\",\"content\":\"\n\n[fluentform id=\\\"1\\\"]\n\n\",\"margin_bottom\":\"default\",\"margin_top\":\"default\"}},{\"type\":\"headline\",\"props\":{\"content\":\"Newsletter\",\"image_align\":\"left\",\"image_margin\":\"xsmall\",\"title_element\":\"h1\",\"title_style\":\"h3\"}},{\"type\":\"divider\",\"props\":{\"divider_element\":\"hr\"}},{\"type\":\"text\",\"props\":{\"column_breakpoint\":\"m\",\"content\":\"Aboneaz\u0103-te la newsletterul NOCA \u0219i fii printre primii care afl\u0103 despre expozi\u021bii noi, arti\u0219ti contemporani, vernisaje \u0219i evenimente speciale din Oradea. \\nDin c\u00e2nd \u00een c\u00e2nd, inboxul t\u0103u merit\u0103 \u0219i pu\u021bin\u0103 art\u0103.\",\"margin_bottom\":\"default\",\"margin_top\":\"default\"}},{\"type\":\"html\",\"props\":{\"content\":\"[fluentform id=\\\"3\\\"]\"}}]},{\"type\":\"column\",\"props\":{\"image_position\":\"center-center\",\"position_sticky_breakpoint\":\"m\",\"width_medium\":\"1-4\"}}],\"props\":{\"column_gap\":\"medium\",\"layout\":\"1-4,1-2,1-4\"}}],\"name\":\"Visit 2nd\"},{\"type\":\"section\",\"props\":{\"image_position\":\"center-center\",\"padding_remove_horizontal\":false,\"style\":\"default\",\"title_breakpoint\":\"xl\",\"title_position\":\"top-left\",\"title_rotation\":\"left\",\"vertical_align\":\"middle\",\"width\":\"expand\"},\"children\":[{\"type\":\"row\",\"props\":{\"layout\":\"2-3,1-3\"},\"children\":[{\"type\":\"column\",\"props\":{\"image_position\":\"center-center\",\"position_sticky_breakpoint\":\"m\",\"width_medium\":\"2-3\"}},{\"type\":\"column\",\"props\":{\"class\":\"tm-sidebar\",\"image_position\":\"center-center\",\"position_sticky_breakpoint\":\"m\",\"width_medium\":\"1-3\"},\"children\":[{\"type\":\"module_position\",\"props\":{\"breakpoint\":\"m\",\"content\":\"sidebar\",\"layout\":\"stack\"}}]}]}],\"name\":\"Sidebar fixed - ramane ultima sectiune\"}],\"version\":\"5.0.22\"} --><\/p>\n","protected":false},"excerpt":{"rendered":"<p>Contact Informa\u021bii contact Mobil: +40 715 530 655 Email: hello@noca.art Orar Mar\u021bi &#8211; Duminc\u010310:00 &#8211; 18:00 Luni\u00eenchis Strada Independen\u021bei nr. 20, Oradea, RO Formular de contact Newsletter Aboneaz\u0103-te la newsletterul NOCA \u0219i fii printre primii care afl\u0103 despre expozi\u021bii noi, arti\u0219ti contemporani, vernisaje \u0219i evenimente speciale din Oradea. Din c\u00e2nd \u00een c\u00e2nd, inboxul t\u0103u merit\u0103 [&hellip;]<\/p>\n","protected":false},"author":1,"featured_media":0,"parent":0,"menu_order":0,"comment_status":"closed","ping_status":"closed","template":"","meta":{"_acf_changed":false,"footnotes":""},"class_list":["post-94","page","type-page","status-publish","hentry"],"acf":[],"aioseo_notices":[],"_links":{"self":[{"href":"https:\/\/noca.art\/hu\/wp-json\/wp\/v2\/pages\/94","targetHints":{"allow":["GET"]}}],"collection":[{"href":"https:\/\/noca.art\/hu\/wp-json\/wp\/v2\/pages"}],"about":[{"href":"https:\/\/noca.art\/hu\/wp-json\/wp\/v2\/types\/page"}],"author":[{"embeddable":true,"href":"https:\/\/noca.art\/hu\/wp-json\/wp\/v2\/users\/1"}],"replies":[{"embeddable":true,"href":"https:\/\/noca.art\/hu\/wp-json\/wp\/v2\/comments?post=94"}],"version-history":[{"count":3,"href":"https:\/\/noca.art\/hu\/wp-json\/wp\/v2\/pages\/94\/revisions"}],"predecessor-version":[{"id":338,"href":"https:\/\/noca.art\/hu\/wp-json\/wp\/v2\/pages\/94\/revisions\/338"}],"wp:attachment":[{"href":"https:\/\/noca.art\/hu\/wp-json\/wp\/v2\/media?parent=94"}],"curies":[{"name":"munkaf\u00fczet","href":"https:\/\/api.w.org\/{rel}","templated":true}]}}