{"id":92,"date":"2025-10-12T17:48:16","date_gmt":"2025-10-12T14:48:16","guid":{"rendered":"https:\/\/noca.art\/?page_id=92"},"modified":"2026-03-13T10:38:00","modified_gmt":"2026-03-13T08:38:00","slug":"korulbelul","status":"publish","type":"page","link":"https:\/\/noca.art\/hu\/despre\/","title":{"rendered":"R\u00f3lunk"},"content":{"rendered":"<p>A New Oradea Contemporary Art (NOCA) az orsz\u00e1g \u00e9szaknyugati r\u00e9gi\u00f3j\u00e1nak \u00faj, helyi jelent\u0151s\u00e9g\u0171 \u00e9s nemzetk\u00f6zi lefedetts\u00e9g\u0171 alkot\u00e1sok bemutat\u00e1s\u00e1t c\u00e9lz\u00f3 kort\u00e1rs kultur\u00e1lis k\u00f6zpontja. A Sebes-K\u00f6r\u00f6s partj\u00e1n, a belv\u00e1ros rangos helysz\u00edn\u00e9n tal\u00e1lhat\u00f3, \u00edgy nemcsak ki\u00e1ll\u00edt\u00f3t\u00e9rk\u00e9nt, hanem \u00e9l\u00e9nk tal\u00e1lkoz\u00f3helyk\u00e9nt is szolg\u00e1l a helyi lakosok \u00e9s a l\u00e1togat\u00f3k sz\u00e1m\u00e1ra, Nagyv\u00e1rad barokk, szecesszi\u00f3s \u00e9s neorom\u00e1n st\u00edlus\u00fa \u00e9p\u00edtett \u00f6r\u00f6ks\u00e9g\u00e9vel \u00f6vezve. A NOCA a dinamikusan fejl\u0151d\u0151 v\u00e1ros egyik l\u00e9tfontoss\u00e1g\u00fa pill\u00e9rek\u00e9nt pozicion\u00e1lja a kort\u00e1rs m\u0171v\u00e9szetet, kultur\u00e1lis \u00e9lm\u00e9nyt ny\u00fajt a helybeliek sz\u00e1m\u00e1ra, ugyanakkor a turist\u00e1knak is vonzer\u0151t jelent.<\/p>\n<p>A New Oradea Contemporary Art (NOCA) kort\u00e1rs m\u0171v\u00e9szeti ki\u00e1ll\u00edt\u00f3k\u00f6zpont szakmai platformot k\u00edn\u00e1l az innovat\u00edv kur\u00e1tori \u00e9s m\u0171v\u00e9szeti k\u00eds\u00e9rletez\u00e9s sz\u00e1m\u00e1ra. Suzana Vasilescu kultur\u00e1lis v\u00e1llalkoz\u00f3 \u00e9s gal\u00e9riatulajdonos, valamint Cristina Vasilescu kur\u00e1tor \u00e1ltal kur\u00e1lt ki\u00e1ll\u00edt\u00e1si programja r\u00e9v\u00e9n a NOCA k\u00fcl\u00f6nb\u00f6z\u0151 h\u00e1tter\u0171 \u00e9s t\u00f6bb gener\u00e1ci\u00f3t k\u00e9pvisel\u0151 m\u0171v\u00e9szeket \u00e9s k\u00f6z\u00f6ns\u00e9get sz\u00f3l\u00edt meg \u00e9s h\u00edv egy\u00fctt gondolkod\u00e1sra arr\u00f3l, hogy mit jelent a mai t\u00e1rsadalomban \u00e9lni.<\/p>\n<p>A program egyik c\u00e9lkit\u0171z\u00e9se \u00e9vi k\u00e9t nagyszab\u00e1s\u00fa ki\u00e1ll\u00edt\u00e1s szervez\u00e9se, amelyeket egy harmadik, a Nagyv\u00e1radi M\u0171v\u00e9szeti Egyetem \u00e9s a k\u00f6rnyez\u0151 r\u00e9gi\u00f3 hallgat\u00f3inak munk\u00e1it bemutat\u00f3 t\u00e1rlat eg\u00e9sz\u00edt ki. Emellett besz\u00e9lget\u00e9sekre \u00e9s egy\u00e9b rendezv\u00e9nyekre is sor ker\u00fcl majd, multidiszciplin\u00e1ris gyakorlatok \u00f6szt\u00f6nz\u00e9se \u00e9s kor\u00e1bbi egy\u00fcttm\u0171k\u00f6d\u00e9sek fel\u00e9leszt\u00e9se c\u00e9lj\u00e1b\u00f3l, el\u0151seg\u00edtve a kort\u00e1rs kult\u00fara \u00faj megk\u00f6zel\u00edt\u00e9s\u00e9t a kis- \u00e9s k\u00f6zepes m\u00e9ret\u0171 v\u00e1rosokban.<\/p>\n<p>A k\u00f6zponton bel\u00fcl a Bihar Megyei T\u00f6rt\u00e9nelmi M\u0171eml\u00e9kek V\u00e9delm\u00e9\u00e9rt Alap\u00edtv\u00e1ny (Nagyv\u00e1radi \u00d6r\u00f6ks\u00e9g) sz\u00e9lesk\u00f6r\u0171 tapasztalat\u00e1ra \u00e9p\u00edtve, amely mind kezdem\u00e9nyez\u0151k\u00e9nt, mind kulcsfontoss\u00e1g\u00fa k\u00f6zvet\u00edt\u0151k\u00e9nt tev\u00e9kenykedik. A program helyi \u00e9s nemzetk\u00f6zi m\u0171v\u00e9szeket, felt\u00f6rekv\u0151 \u00e9s m\u00e1r befutott, valamint \u00fajra felfedezett \u00e9s \u00faj hangokat hoz \u00f6ssze ki\u00e1ll\u00edt\u00e1sokon \u00e9s diskurz\u00edv programokban, amelyek elm\u00e9ly\u00edtik a m\u0171v\u00e9szet, a kult\u00fara \u00e9s a t\u00e1rsadalom k\u00f6z\u00f6tti szoros kapcsolatot.<\/p>\n<p>A k\u00f6zpont helyspecifikus \u00e9rz\u00e9kenys\u00e9ggel k\u00edv\u00e1nja megk\u00e9rd\u0151jelezni a m\u00faltat, kutatja a jelent \u00e9s a j\u00f6v\u0151re \u00f6sszpontos\u00edt. Emellett egy\u00fcttm\u0171k\u00f6d\u00e9seket k\u00edv\u00e1n \u00e1polni a szomsz\u00e9dos orsz\u00e1gok m\u0171v\u00e9szeti k\u00f6z\u00f6ss\u00e9geivel, programj\u00e1t er\u0151s helyi kontextusra alapozva, ugyanakkor nyitott a nemzetk\u00f6zi cser\u00e9kre is.<\/p>\n<p>Mindezeket figyelembe v\u00e9ve a New Oradea Contemporary Art (NOCA) c\u00e9lja, hogy kapcsolatokat teremtsen m\u0171v\u00e9szek, gal\u00e9ri\u00e1k, m\u0171v\u00e9szeti egyetemek \u00e9s m\u00fazeumok k\u00f6z\u00f6tt, hozz\u00e1j\u00e1rulva a kort\u00e1rs m\u0171v\u00e9szet fenntarthat\u00f3 kultur\u00e1lis \u00f6kosziszt\u00e9m\u00e1j\u00e1nak fejl\u0151d\u00e9s\u00e9hez a bihari r\u00e9gi\u00f3ban \u00e9s az orsz\u00e1g teljes ter\u00fclet\u00e9n.<\/p>","protected":false},"excerpt":{"rendered":"<p>New Oradea Contemporary Art (NOCA) se contureaz\u0103 ca un nou centru de cultur\u0103 contemporan\u0103 \u00een regiunea de nord-vest a \u021b\u0103rii, dedicat prezent\u0103rii \u0219i producerii de art\u0103 vizual\u0103 cu profunzime local\u0103 \u0219i acoperire interna\u021bional\u0103. Situat \u00eentr-o pozi\u021bie proeminent\u0103 pe malurile r\u00e2ului Cri\u0219ul Repede, acesta serve\u0219te nu numai ca spa\u021biu expozi\u021bional, ci \u0219i ca punct de \u00eent\u00e2lnire [&hellip;]<\/p>\n","protected":false},"author":1,"featured_media":0,"parent":0,"menu_order":0,"comment_status":"closed","ping_status":"closed","template":"","meta":{"_acf_changed":false,"footnotes":""},"class_list":["post-92","page","type-page","status-publish","hentry"],"acf":[],"aioseo_notices":[],"_links":{"self":[{"href":"https:\/\/noca.art\/hu\/wp-json\/wp\/v2\/pages\/92","targetHints":{"allow":["GET"]}}],"collection":[{"href":"https:\/\/noca.art\/hu\/wp-json\/wp\/v2\/pages"}],"about":[{"href":"https:\/\/noca.art\/hu\/wp-json\/wp\/v2\/types\/page"}],"author":[{"embeddable":true,"href":"https:\/\/noca.art\/hu\/wp-json\/wp\/v2\/users\/1"}],"replies":[{"embeddable":true,"href":"https:\/\/noca.art\/hu\/wp-json\/wp\/v2\/comments?post=92"}],"version-history":[{"count":3,"href":"https:\/\/noca.art\/hu\/wp-json\/wp\/v2\/pages\/92\/revisions"}],"predecessor-version":[{"id":341,"href":"https:\/\/noca.art\/hu\/wp-json\/wp\/v2\/pages\/92\/revisions\/341"}],"wp:attachment":[{"href":"https:\/\/noca.art\/hu\/wp-json\/wp\/v2\/media?parent=92"}],"curies":[{"name":"munkaf\u00fczet","href":"https:\/\/api.w.org\/{rel}","templated":true}]}}