{"id":90,"date":"2025-10-12T17:48:10","date_gmt":"2025-10-12T14:48:10","guid":{"rendered":"https:\/\/noca.art\/?page_id=90"},"modified":"2026-03-11T15:45:59","modified_gmt":"2026-03-11T13:45:59","slug":"kiallitas","status":"publish","type":"page","link":"https:\/\/noca.art\/hu\/expozitie\/","title":{"rendered":"Ki\u00e1ll\u00edt\u00e1s"},"content":{"rendered":"<p><em>Sz\u00f6rnyeteg? Szfinx, vad\u00e1llat \u00e9s l\u00e1ny; kentaur, f\u00e9rfi \u00e9s l\u00f3; egyszarv\u00fa, kim\u00e9ra, \u00f6sszetett \u00e9s kevert test; hol \u00e9s hogyan lehet megtal\u00e1lni az illeszt\u00e9ket, a reped\u00e9st, a k\u00f6t\u00e9st \u00e9s a csom\u00f3t, a hegeket, ahol \u00f6ssze\u00e9rnek az ajkak, a fent \u00e9s a lent, a jobb \u00e9s a bal, az angyal \u00e9s a bestia, a hi\u00fa, szer\u00e9ny vagy bossz\u00fa\u00e1ll\u00f3 gy\u0151ztes \u00e9s az al\u00e1zatos vagy visszatasz\u00edt\u00f3 \u00e1ldozat, a mozdulatlan \u00e9s az \u00e9l\u0151, a nyomorult \u00e9s a nagyon gazdag, a teljesen idi\u00f3ta \u00e9s a nyughatatlan \u0151r\u00fclt, a zseni \u00e9s az ostoba, az \u00far \u00e9s a rabszolga, a cs\u00e1sz\u00e1r \u00e9s a boh\u00f3c? Sz\u00f6rnyeteg, k\u00e9ts\u00e9gtelen\u00fcl, de norm\u00e1lis. Milyen \u00e1rny\u00e9knak kell most elt\u0171nnie, hogy megpillanthassuk a tal\u00e1lkoz\u00e1si pontot?<\/em><\/p>\n<p>R\u00e9szlet Michel Serres <strong>Le Tiers-instruit<\/strong> c\u00edm\u0171 <em>m\u0171v\u00e9b\u0151l<\/em><\/p>\n<p>A NOCA (New Oradea Contemporary Art) nyit\u00f3ki\u00e1ll\u00edt\u00e1sa j\u00e1t\u00e9kos \u00e9s sz\u00f6rny\u0171s\u00e9ges, sz\u00fcrre\u00e1lis \u00e9s irracion\u00e1lis m\u0171v\u00e9szi hangok egy\u00fctt\u00e1ll\u00e1s\u00e1t hozza, \u00e9s k\u00f6nnyed, n\u00e9hol m\u00e9gis felkavar\u00f3 p\u00e1rbesz\u00e9dek ter\u00e9be invit\u00e1lja a n\u00e9z\u0151t. A kontextus j\u00f3l ismert: megszoktuk m\u00e1r, hogy t\u00f6redezett, \u00f6sszevissza val\u00f3s\u00e1goban \u00e9l\u00fcnk, l\u00e1tsz\u00f3lag t\u00f6bb vil\u00e1gban egyszerre, amelyek \u00f6sszekapcsolnak \u00e9s sz\u00e9tv\u00e1lasztanak, elcsendes\u00edtenek \u00e9s kibillentenek. Mik\u00f6zben bels\u0151 \u00e9let\u00fcnk darabokra hullik, a ki\u00e1ll\u00edt\u00e1s a fant\u00e1zia mint ellen\u00e1ll\u00e1s fel\u00e9 tereli a n\u00e9z\u0151t: visszat\u00e9r\u00e9s a mese eszt\u00e9tik\u00e1j\u00e1hoz, a gyermeki r\u00e1csod\u00e1lkoz\u00e1shoz \u00e9s a szabad j\u00e1t\u00e9khoz. A fant\u00e1zia nem eg\u00e9rutat k\u00edn\u00e1l, hanem a kritikus szeml\u00e9let, a k\u00e9t\u00e9rtelm\u0171s\u00e9gben val\u00f3 navig\u00e1l\u00e1s, a fesz\u00fclts\u00e9gold\u00e1s \u00e9a a val\u00f3s\u00e1gkoordin\u00e1t\u00e1k \u00fajragondol\u00e1s\u00e1nak eszk\u00f6z\u00e9v\u00e9 v\u00e1lik.<\/p>\n<p>A sz\u00f6rny\u0171 itt nem a f\u00e9lelem forr\u00e1sa, hanem az \u00e1talakul\u00e1s, a k\u00e9t\u00e9rtelm\u0171s\u00e9g \u00e9s a lehet\u0151s\u00e9gek megtestes\u00fcl\u00e9se. A hagyom\u00e1nyosan \u00e9rtelmezett sz\u00f6rnyetegfigur\u00e1t az \u0151t fenyeget\u0151v\u00e9 tev\u0151 narrat\u00edv\u00e1k megk\u00e9rd\u0151jelez\u00e9sek\u00e9nt defini\u00e1ljuk \u00fajra, \u00edgy ellenl\u00e9p\u00e9sekre teremt\u00fcnk lehet\u0151s\u00e9get azok sz\u00e1m\u00e1ra, akik ellen a sz\u00f6rny\u0171s\u00e9g fegyver\u00e9t haszn\u00e1lt\u00e1k. Ez az \u00faj meghat\u00e1roz\u00e1s V\u00e1rad megsz\u00e1ll\u00e1sok, forradalmak, elt\u00f6rl\u00e9sek \u00e9s \u00fajj\u00e1\u00e9p\u00edt\u00e9sek ciklusaiban hull\u00e1mz\u00f3 t\u00f6rt\u00e9nelm\u00e9re is r\u00edmel. Mint a r\u00e9gi\u00f3 t\u00f6bbi r\u00e9sz\u00e9ben is, a t\u00e1rsadalmi-politikai hatalom t\u00f6bbsz\u00f6r is v\u00e1ltozott, cser\u00e9l\u0151d\u00f6tt, \u00e9s mindez m\u00e9ly nyomokat hagyott a v\u00e1roson. Ha innen n\u00e9zz\u00fck, Rosi Braidotti radik\u00e1lis k\u00fcl\u00f6nbs\u00e9gr\u0151l \u00e9s megtestes\u00fclt ellen\u00e1ll\u00e1sr\u00f3l sz\u00f3l\u00f3 sz\u00f6rny\u0171s\u00e9gelm\u00e9let\u00e9re is reflekt\u00e1l. A sz\u00f6rny\u0171 \u00edgy a domesztik\u00e1ci\u00f3val \u00e9s az elnyom\u00e1ssal szembeni ellen\u00e1ll\u00e1s k\u00e9pek\u00e9nt maradt fenn a helyi folkl\u00f3rban \u00e9s sz\u00e1jhagyom\u00e1nyban.<\/p>\n<p>Minden egyes m\u0171alkot\u00e1s a saj\u00e1t n\u00e9z\u0151pontj\u00e1t k\u00e9pviseli, ugyanakkor tov\u00e1bbra is kapcsol\u00f3dik a t\u00f6bbihez, teret nyitva a kreat\u00edv fesz\u00fclts\u00e9g \u00e9s spekulat\u00edv ellenv\u00e9lem\u00e9ny sz\u00e1m\u00e1ra.<\/p>\n<p><strong>Ki\u00e1ll\u00edt\u00f3 m\u0171v\u00e9szek<\/strong><br \/>\nApparatus 22<br \/>\nVioara Bara<br \/>\n\u0218tefan Bertalan<br \/>\nAlex Bodea<br \/>\nAna Botezatu<br \/>\nMichele Bressan<br \/>\nRudolf Bone<br \/>\nJakobovits M\u00e1rta<br \/>\nChristian Jankowski<br \/>\nCiprian Mure\u0219an<br \/>\nMiron Schm\u00fcckle<br \/>\nIon \u021auculescu<br \/>\nEcaterina Vrana<\/p>","protected":false},"excerpt":{"rendered":"<p>Monstru? Un sfinx, fiar\u0103 \u0219i fat\u0103; centaur, b\u0103rbat \u0219i cal; unicorn, himer\u0103, corp compozit \u0219i mixt; unde \u0219i cum s\u0103 localizezi locul suturii sau al amestecului, cr\u0103p\u0103tura \u00een care leg\u0103tura este nodat\u0103 \u0219i str\u00e2ns\u0103, cicatricele unde buzele, dreapta \u0219i st\u00e2nga, sus \u0219i jos, dar \u0219i \u00eengerul \u0219i bestia, \u00eenving\u0103torul vanitos, modest sau r\u0103zbun\u0103tor \u0219i victima [&hellip;]<\/p>\n","protected":false},"author":1,"featured_media":0,"parent":0,"menu_order":0,"comment_status":"closed","ping_status":"closed","template":"","meta":{"_acf_changed":false,"footnotes":""},"class_list":["post-90","page","type-page","status-publish","hentry"],"acf":[],"aioseo_notices":[],"aioseo_head":"\n\t\t<!-- All in One SEO Pro 4.9.6.2 - aioseo.com -->\n\t<meta name=\"description\" content=\"Monstru? Un sfinx, fiar\u0103 \u0219i fat\u0103; centaur, b\u0103rbat \u0219i cal; unicorn, himer\u0103, corp compozit \u0219i mixt; unde \u0219i cum s\u0103 localizezi locul suturii sau al amestecului, cr\u0103p\u0103tura \u00een care leg\u0103tura este nodat\u0103 \u0219i str\u00e2ns\u0103, cicatricele unde buzele, dreapta \u0219i st\u00e2nga, sus \u0219i jos, dar \u0219i \u00eengerul \u0219i bestia, \u00eenving\u0103torul vanitos, modest sau r\u0103zbun\u0103tor \u0219i victima\" \/>\n\t<meta name=\"robots\" content=\"max-image-preview:large\" \/>\n\t<link rel=\"canonical\" href=\"https:\/\/noca.art\/hu\/expozitie\/\" \/>\n\t<meta name=\"generator\" content=\"All in One SEO Pro (AIOSEO) 4.9.6.2\" \/>\n\t\t<meta property=\"og:locale\" content=\"hu_HU\" \/>\n\t\t<meta property=\"og:site_name\" content=\"NOCA New Oradea Contemporary Art - Centru de art\u0103 contemporan\u0103 Oradea\" \/>\n\t\t<meta property=\"og:type\" content=\"article\" \/>\n\t\t<meta property=\"og:title\" content=\"Expozi\u021bie - NOCA New Oradea Contemporary Art\" \/>\n\t\t<meta property=\"og:description\" content=\"Monstru? Un sfinx, fiar\u0103 \u0219i fat\u0103; centaur, b\u0103rbat \u0219i cal; unicorn, himer\u0103, corp compozit \u0219i mixt; unde \u0219i cum s\u0103 localizezi locul suturii sau al amestecului, cr\u0103p\u0103tura \u00een care leg\u0103tura este nodat\u0103 \u0219i str\u00e2ns\u0103, cicatricele unde buzele, dreapta \u0219i st\u00e2nga, sus \u0219i jos, dar \u0219i \u00eengerul \u0219i bestia, \u00eenving\u0103torul vanitos, modest sau r\u0103zbun\u0103tor \u0219i victima\" \/>\n\t\t<meta property=\"og:url\" content=\"https:\/\/noca.art\/hu\/expozitie\/\" \/>\n\t\t<meta property=\"article:published_time\" content=\"2025-10-12T14:48:10+00:00\" \/>\n\t\t<meta property=\"article:modified_time\" content=\"2026-03-11T13:45:59+00:00\" \/>\n\t\t<meta property=\"article:publisher\" content=\"https:\/\/www.facebook.com\/noca.oradea\" \/>\n\t\t<meta name=\"twitter:card\" content=\"summary_large_image\" \/>\n\t\t<meta name=\"twitter:title\" content=\"Expozi\u021bie - NOCA New Oradea Contemporary Art\" \/>\n\t\t<meta name=\"twitter:description\" content=\"Monstru? Un sfinx, fiar\u0103 \u0219i fat\u0103; centaur, b\u0103rbat \u0219i cal; unicorn, himer\u0103, corp compozit \u0219i mixt; unde \u0219i cum s\u0103 localizezi locul suturii sau al amestecului, cr\u0103p\u0103tura \u00een care leg\u0103tura este nodat\u0103 \u0219i str\u00e2ns\u0103, cicatricele unde buzele, dreapta \u0219i st\u00e2nga, sus \u0219i jos, dar \u0219i \u00eengerul \u0219i bestia, \u00eenving\u0103torul vanitos, modest sau r\u0103zbun\u0103tor \u0219i victima\" \/>\n\t\t<script type=\"application\/ld+json\" class=\"aioseo-schema\">\n\t\t\t{\"@context\":\"https:\\\/\\\/schema.org\",\"@graph\":[{\"@type\":\"BreadcrumbList\",\"@id\":\"https:\\\/\\\/noca.art\\\/hu\\\/expozitie\\\/#breadcrumblist\",\"itemListElement\":[{\"@type\":\"ListItem\",\"@id\":\"https:\\\/\\\/noca.art\\\/hu#listItem\",\"position\":1,\"name\":\"Home\",\"item\":\"https:\\\/\\\/noca.art\\\/hu\",\"nextItem\":{\"@type\":\"ListItem\",\"@id\":\"https:\\\/\\\/noca.art\\\/hu\\\/expozitie\\\/#listItem\",\"name\":\"Expozi\\u021bie\"}},{\"@type\":\"ListItem\",\"@id\":\"https:\\\/\\\/noca.art\\\/hu\\\/expozitie\\\/#listItem\",\"position\":2,\"name\":\"Expozi\\u021bie\",\"previousItem\":{\"@type\":\"ListItem\",\"@id\":\"https:\\\/\\\/noca.art\\\/hu#listItem\",\"name\":\"Home\"}}]},{\"@type\":\"Organization\",\"@id\":\"https:\\\/\\\/noca.art\\\/hu\\\/#organization\",\"name\":\"NOCA New Oradea Contemporary Art\",\"description\":\"Centru de art\\u0103 contemporan\\u0103 Oradea\",\"url\":\"https:\\\/\\\/noca.art\\\/hu\\\/\",\"email\":\"hello@noca.art\",\"telephone\":\"+40715530655\",\"foundingDate\":\"2025-10-21\",\"numberOfEmployees\":{\"@type\":\"QuantitativeValue\",\"value\":5},\"logo\":{\"@type\":\"ImageObject\",\"url\":\"https:\\\/\\\/noca.art\\\/wp-content\\\/uploads\\\/2025\\\/10\\\/noca.png\",\"@id\":\"https:\\\/\\\/noca.art\\\/hu\\\/expozitie\\\/#organizationLogo\",\"width\":500,\"height\":514,\"caption\":\"NOCA Oradea\"},\"image\":{\"@id\":\"https:\\\/\\\/noca.art\\\/hu\\\/expozitie\\\/#organizationLogo\"},\"sameAs\":[\"https:\\\/\\\/www.facebook.com\\\/noca.oradea\",\"https:\\\/\\\/www.instagram.com\\\/noca_oradea\"],\"address\":{\"@id\":\"https:\\\/\\\/noca.art\\\/hu\\\/#postaladdress\",\"@type\":\"PostalAddress\",\"streetAddress\":\", Strada Independen\\u021bei nr. 20\",\"addressLocality\":\"Oradea\",\"addressRegion\":\"Bihor\",\"addressCountry\":\"RO\"}},{\"@type\":\"WebPage\",\"@id\":\"https:\\\/\\\/noca.art\\\/hu\\\/expozitie\\\/#webpage\",\"url\":\"https:\\\/\\\/noca.art\\\/hu\\\/expozitie\\\/\",\"name\":\"Expozi\\u021bie - NOCA New Oradea Contemporary Art\",\"description\":\"Monstru? Un sfinx, fiar\\u0103 \\u0219i fat\\u0103; centaur, b\\u0103rbat \\u0219i cal; unicorn, himer\\u0103, corp compozit \\u0219i mixt; unde \\u0219i cum s\\u0103 localizezi locul suturii sau al amestecului, cr\\u0103p\\u0103tura \\u00een care leg\\u0103tura este nodat\\u0103 \\u0219i str\\u00e2ns\\u0103, cicatricele unde buzele, dreapta \\u0219i st\\u00e2nga, sus \\u0219i jos, dar \\u0219i \\u00eengerul \\u0219i bestia, \\u00eenving\\u0103torul vanitos, modest sau r\\u0103zbun\\u0103tor \\u0219i victima\",\"inLanguage\":\"hu-HU\",\"isPartOf\":{\"@id\":\"https:\\\/\\\/noca.art\\\/hu\\\/#website\"},\"breadcrumb\":{\"@id\":\"https:\\\/\\\/noca.art\\\/hu\\\/expozitie\\\/#breadcrumblist\"},\"datePublished\":\"2025-10-12T17:48:10+03:00\",\"dateModified\":\"2026-03-11T15:45:59+02:00\"},{\"@type\":\"WebSite\",\"@id\":\"https:\\\/\\\/noca.art\\\/hu\\\/#website\",\"url\":\"https:\\\/\\\/noca.art\\\/hu\\\/\",\"name\":\"NOCA New Oradea Contemporary Art\",\"description\":\"Centru de art\\u0103 contemporan\\u0103 Oradea\",\"inLanguage\":\"hu-HU\",\"publisher\":{\"@id\":\"https:\\\/\\\/noca.art\\\/hu\\\/#organization\"}}]}\n\t\t<\/script>\n\t\t<!-- All in One SEO Pro -->\r\n\t\t<title>Expozi\u021bie - NOCA New Oradea Contemporary Art<\/title>\n\n","aioseo_head_json":{"title":"Ki\u00e1ll\u00edt\u00e1s - NOCA \u00daj-Nagyv\u00e1radi Kort\u00e1rs M\u0171v\u00e9szet","description":"Sz\u00f6rnyeteg? Szfinx, sz\u00f6rnyeteg \u00e9s l\u00e1ny; kentaur, ember \u00e9s l\u00f3; unikornis, kim\u00e9ra, \u00f6sszetett \u00e9s vegyes test; hol \u00e9s hogyan lehet megtal\u00e1lni a varrat vagy a kever\u00e9k hely\u00e9t, a reped\u00e9st, ahol a k\u00f6t\u00e9s csom\u00f3zott \u00e9s megh\u00faz\u00f3dott, a hegeket, ahol az ajkak vannak, jobbra \u00e9s balra, fent \u00e9s lent, de az angyal \u00e9s a sz\u00f6rnyeteg, a hi\u00fa, szer\u00e9ny vagy bossz\u00fa\u00e1ll\u00f3 gy\u0151ztes \u00e9s \u00e1ldozat is.","canonical_url":"https:\/\/noca.art\/hu\/expozitie\/","robots":"max-image-preview:large","keywords":"","webmasterTools":{"miscellaneous":""},"schema":{"@context":"https:\/\/schema.org","@graph":[{"@type":"BreadcrumbList","@id":"https:\/\/noca.art\/hu\/expozitie\/#breadcrumblist","itemListElement":[{"@type":"ListItem","@id":"https:\/\/noca.art\/hu#listItem","position":1,"name":"Home","item":"https:\/\/noca.art\/hu","nextItem":{"@type":"ListItem","@id":"https:\/\/noca.art\/hu\/expozitie\/#listItem","name":"Expozi\u021bie"}},{"@type":"ListItem","@id":"https:\/\/noca.art\/hu\/expozitie\/#listItem","position":2,"name":"Expozi\u021bie","previousItem":{"@type":"ListItem","@id":"https:\/\/noca.art\/hu#listItem","name":"Home"}}]},{"@type":"Organization","@id":"https:\/\/noca.art\/hu\/#organization","name":"NOCA New Oradea Contemporary Art","description":"Centru de art\u0103 contemporan\u0103 Oradea","url":"https:\/\/noca.art\/hu\/","email":"hello@noca.art","telephone":"+40715530655","foundingDate":"2025-10-21","numberOfEmployees":{"@type":"QuantitativeValue","value":5},"logo":{"@type":"ImageObject","url":"https:\/\/noca.art\/wp-content\/uploads\/2025\/10\/noca.png","@id":"https:\/\/noca.art\/hu\/expozitie\/#organizationLogo","width":500,"height":514,"caption":"NOCA Oradea"},"image":{"@id":"https:\/\/noca.art\/hu\/expozitie\/#organizationLogo"},"sameAs":["https:\/\/www.facebook.com\/noca.oradea","https:\/\/www.instagram.com\/noca_oradea"],"address":{"@id":"https:\/\/noca.art\/hu\/#postaladdress","@type":"PostalAddress","streetAddress":", Strada Independen\u021bei nr. 20","addressLocality":"Oradea","addressRegion":"Bihor","addressCountry":"RO"}},{"@type":"WebPage","@id":"https:\/\/noca.art\/hu\/expozitie\/#webpage","url":"https:\/\/noca.art\/hu\/expozitie\/","name":"Expozi\u021bie - NOCA New Oradea Contemporary Art","description":"Monstru? Un sfinx, fiar\u0103 \u0219i fat\u0103; centaur, b\u0103rbat \u0219i cal; unicorn, himer\u0103, corp compozit \u0219i mixt; unde \u0219i cum s\u0103 localizezi locul suturii sau al amestecului, cr\u0103p\u0103tura \u00een care leg\u0103tura este nodat\u0103 \u0219i str\u00e2ns\u0103, cicatricele unde buzele, dreapta \u0219i st\u00e2nga, sus \u0219i jos, dar \u0219i \u00eengerul \u0219i bestia, \u00eenving\u0103torul vanitos, modest sau r\u0103zbun\u0103tor \u0219i victima","inLanguage":"hu-HU","isPartOf":{"@id":"https:\/\/noca.art\/hu\/#website"},"breadcrumb":{"@id":"https:\/\/noca.art\/hu\/expozitie\/#breadcrumblist"},"datePublished":"2025-10-12T17:48:10+03:00","dateModified":"2026-03-11T15:45:59+02:00"},{"@type":"WebSite","@id":"https:\/\/noca.art\/hu\/#website","url":"https:\/\/noca.art\/hu\/","name":"NOCA New Oradea Contemporary Art","description":"Centru de art\u0103 contemporan\u0103 Oradea","inLanguage":"hu-HU","publisher":{"@id":"https:\/\/noca.art\/hu\/#organization"}}]},"og:locale":"hu_HU","og:site_name":"NOCA New Oradea Contemporary Art - Centru de art\u0103 contemporan\u0103 Oradea","og:type":"article","og:title":"Expozi\u021bie - NOCA New Oradea Contemporary Art","og:description":"Monstru? Un sfinx, fiar\u0103 \u0219i fat\u0103; centaur, b\u0103rbat \u0219i cal; unicorn, himer\u0103, corp compozit \u0219i mixt; unde \u0219i cum s\u0103 localizezi locul suturii sau al amestecului, cr\u0103p\u0103tura \u00een care leg\u0103tura este nodat\u0103 \u0219i str\u00e2ns\u0103, cicatricele unde buzele, dreapta \u0219i st\u00e2nga, sus \u0219i jos, dar \u0219i \u00eengerul \u0219i bestia, \u00eenving\u0103torul vanitos, modest sau r\u0103zbun\u0103tor \u0219i victima","og:url":"https:\/\/noca.art\/hu\/expozitie\/","article:published_time":"2025-10-12T14:48:10+00:00","article:modified_time":"2026-03-11T13:45:59+00:00","article:publisher":"https:\/\/www.facebook.com\/noca.oradea","twitter:card":"summary_large_image","twitter:title":"Expozi\u021bie - NOCA New Oradea Contemporary Art","twitter:description":"Monstru? Un sfinx, fiar\u0103 \u0219i fat\u0103; centaur, b\u0103rbat \u0219i cal; unicorn, himer\u0103, corp compozit \u0219i mixt; unde \u0219i cum s\u0103 localizezi locul suturii sau al amestecului, cr\u0103p\u0103tura \u00een care leg\u0103tura este nodat\u0103 \u0219i str\u00e2ns\u0103, cicatricele unde buzele, dreapta \u0219i st\u00e2nga, sus \u0219i jos, dar \u0219i \u00eengerul \u0219i bestia, \u00eenving\u0103torul vanitos, modest sau r\u0103zbun\u0103tor \u0219i victima"},"aioseo_meta_data":{"post_id":"90","title":null,"description":null,"keywords":null,"keyphrases":{"focus":{"keyphrase":"","score":0,"analysis":{"keyphraseInTitle":{"score":0,"maxScore":9,"error":1}}},"additional":[]},"primary_term":null,"canonical_url":null,"og_title":null,"og_description":null,"og_object_type":"default","og_image_type":"default","og_image_url":null,"og_image_width":null,"og_image_height":null,"og_image_custom_url":null,"og_image_custom_fields":null,"og_video":"","og_custom_url":null,"og_article_section":null,"og_article_tags":null,"twitter_use_og":false,"twitter_card":"default","twitter_image_type":"default","twitter_image_url":null,"twitter_image_custom_url":null,"twitter_image_custom_fields":null,"twitter_title":null,"twitter_description":null,"schema":{"blockGraphs":[],"customGraphs":[],"default":{"data":{"Article":[],"Course":[],"Dataset":[],"FAQPage":[],"Movie":[],"Person":[],"Product":[],"ProductReview":[],"Car":[],"Recipe":[],"Service":[],"SoftwareApplication":[],"WebPage":[]},"graphName":"WebPage","isEnabled":true},"graphs":[]},"schema_type":"default","schema_type_options":null,"pillar_content":false,"robots_default":true,"robots_noindex":false,"robots_noarchive":false,"robots_nosnippet":false,"robots_nofollow":false,"robots_noimageindex":false,"robots_noodp":false,"robots_notranslate":false,"robots_max_snippet":"-1","robots_max_videopreview":"-1","robots_max_imagepreview":"large","priority":null,"frequency":"default","local_seo":null,"seo_analyzer_scan_date":"2026-03-11 14:27:51","breadcrumb_settings":null,"limit_modified_date":false,"open_ai":null,"ai":{"faqs":[],"keyPoints":[],"titles":[],"descriptions":[],"socialPosts":{"email":[],"linkedin":[],"twitter":[],"facebook":[],"instagram":[]}},"created":"2025-10-15 09:40:20","updated":"2026-03-11 14:29:07"},"aioseo_breadcrumb":"<div class=\"aioseo-breadcrumbs\"><span class=\"aioseo-breadcrumb\">\n\t<a href=\"https:\/\/noca.art\/hu\" title=\"Home\">Home<\/a>\n<\/span><span class=\"aioseo-breadcrumb-separator\">\u00bb<\/span><span class=\"aioseo-breadcrumb\">\n\tExpozi\u021bie\n<\/span><\/div>","aioseo_breadcrumb_json":[{"label":"Home","link":"https:\/\/noca.art\/hu"},{"label":"Expozi\u021bie","link":"https:\/\/noca.art\/hu\/expozitie\/"}],"_links":{"self":[{"href":"https:\/\/noca.art\/hu\/wp-json\/wp\/v2\/pages\/90","targetHints":{"allow":["GET"]}}],"collection":[{"href":"https:\/\/noca.art\/hu\/wp-json\/wp\/v2\/pages"}],"about":[{"href":"https:\/\/noca.art\/hu\/wp-json\/wp\/v2\/types\/page"}],"author":[{"embeddable":true,"href":"https:\/\/noca.art\/hu\/wp-json\/wp\/v2\/users\/1"}],"replies":[{"embeddable":true,"href":"https:\/\/noca.art\/hu\/wp-json\/wp\/v2\/comments?post=90"}],"version-history":[{"count":3,"href":"https:\/\/noca.art\/hu\/wp-json\/wp\/v2\/pages\/90\/revisions"}],"predecessor-version":[{"id":235,"href":"https:\/\/noca.art\/hu\/wp-json\/wp\/v2\/pages\/90\/revisions\/235"}],"wp:attachment":[{"href":"https:\/\/noca.art\/hu\/wp-json\/wp\/v2\/media?parent=90"}],"curies":[{"name":"munkaf\u00fczet","href":"https:\/\/api.w.org\/{rel}","templated":true}]}}