{"id":88,"date":"2025-10-12T17:47:58","date_gmt":"2025-10-12T14:47:58","guid":{"rendered":"https:\/\/noca.art\/?page_id=88"},"modified":"2026-03-13T10:42:15","modified_gmt":"2026-03-13T08:42:15","slug":"latogatas","status":"publish","type":"page","link":"https:\/\/noca.art\/hu\/viziteaza\/","title":{"rendered":"Fedezd fel"},"content":{"rendered":"<p>A New Oradea Contemporary Art (NOCA) kort\u00e1rs m\u0171v\u00e9szeti ki\u00e1ll\u00edt\u00f3k\u00f6zpont szakmai platformot k\u00edn\u00e1l az innovat\u00edv kur\u00e1tori \u00e9s m\u0171v\u00e9szeti k\u00eds\u00e9rletez\u00e9s sz\u00e1m\u00e1ra. Suzana Vasilescu kultur\u00e1lis v\u00e1llalkoz\u00f3 \u00e9s gal\u00e9riatulajdonos, valamint Cristina Vasilescu kur\u00e1tor \u00e1ltal kur\u00e1lt ki\u00e1ll\u00edt\u00e1si programja r\u00e9v\u00e9n a NOCA k\u00fcl\u00f6nb\u00f6z\u0151 h\u00e1tter\u0171 \u00e9s t\u00f6bb gener\u00e1ci\u00f3t k\u00e9pvisel\u0151 m\u0171v\u00e9szeket \u00e9s k\u00f6z\u00f6ns\u00e9get sz\u00f3l\u00edt meg \u00e9s h\u00edv egy\u00fctt gondolkod\u00e1sra arr\u00f3l, hogy mit jelent a mai t\u00e1rsadalomban \u00e9lni.<\/p>\n<p>A program egyik c\u00e9lkit\u0171z\u00e9se \u00e9vi k\u00e9t nagyszab\u00e1s\u00fa ki\u00e1ll\u00edt\u00e1s szervez\u00e9se, amelyeket egy harmadik, a Nagyv\u00e1radi M\u0171v\u00e9szeti Egyetem \u00e9s a k\u00f6rnyez\u0151 r\u00e9gi\u00f3 hallgat\u00f3inak munk\u00e1it bemutat\u00f3 t\u00e1rlat eg\u00e9sz\u00edt ki. Emellett besz\u00e9lget\u00e9sekre \u00e9s egy\u00e9b rendezv\u00e9nyekre is sor ker\u00fcl majd, multidiszciplin\u00e1ris gyakorlatok \u00f6szt\u00f6nz\u00e9se \u00e9s kor\u00e1bbi egy\u00fcttm\u0171k\u00f6d\u00e9sek fel\u00e9leszt\u00e9se c\u00e9lj\u00e1b\u00f3l, el\u0151seg\u00edtve a kort\u00e1rs kult\u00fara \u00faj megk\u00f6zel\u00edt\u00e9s\u00e9t a kis- \u00e9s k\u00f6zepes m\u00e9ret\u0171 v\u00e1rosokban.<\/p>\n<p>A k\u00f6zponton bel\u00fcl a Bihar Megyei T\u00f6rt\u00e9nelmi M\u0171eml\u00e9kek V\u00e9delm\u00e9\u00e9rt Alap\u00edtv\u00e1ny (Nagyv\u00e1radi \u00d6r\u00f6ks\u00e9g) sz\u00e9lesk\u00f6r\u0171 tapasztalat\u00e1ra \u00e9p\u00edtve, amely mind kezdem\u00e9nyez\u0151k\u00e9nt, mind kulcsfontoss\u00e1g\u00fa k\u00f6zvet\u00edt\u0151k\u00e9nt tev\u00e9kenykedik. A program helyi \u00e9s nemzetk\u00f6zi m\u0171v\u00e9szeket, felt\u00f6rekv\u0151 \u00e9s m\u00e1r befutott, valamint \u00fajra felfedezett \u00e9s \u00faj hangokat hoz \u00f6ssze ki\u00e1ll\u00edt\u00e1sokon \u00e9s diskurz\u00edv programokban, amelyek elm\u00e9ly\u00edtik a m\u0171v\u00e9szet, a kult\u00fara \u00e9s a t\u00e1rsadalom k\u00f6z\u00f6tti szoros kapcsolatot.<\/p>\n<p>A k\u00f6zpont c\u00e9lja helyspecifikus megk\u00f6zel\u00edt\u00e9ssel k\u00e9rd\u00e9seket feltenni a m\u00falttal kapcsolatban, g\u00f3rcs\u0151 al\u00e1 venni a jelent \u00e9s folyamatosan \u00f6sszpontos\u00edtani a j\u00f6v\u0151re. Fontos c\u00e9lkit\u0171z\u00e9s emellett a szomsz\u00e9dos orsz\u00e1gok m\u0171v\u00e9szeti k\u00f6z\u00f6ss\u00e9geivel val\u00f3 kapcsolattart\u00e1s, a program er\u0151teljesen helyi alapokra helyez\u00e9se \u00e9s a nemzetk\u00f6zi cser\u00e9k el\u0151seg\u00edt\u00e9se.<\/p>\n<p>Mindezeket figyelembe v\u00e9ve a New Oradea Contemporary Art (NOCA) c\u00e9lja, hogy kapcsolatokat teremtsen m\u0171v\u00e9szek, gal\u00e9ri\u00e1k, m\u0171v\u00e9szeti egyetemek \u00e9s m\u00fazeumok k\u00f6z\u00f6tt, hozz\u00e1j\u00e1rulva a kort\u00e1rs m\u0171v\u00e9szet fenntarthat\u00f3 kultur\u00e1lis \u00f6kosziszt\u00e9m\u00e1j\u00e1nak fejl\u0151d\u00e9s\u00e9hez a bihari r\u00e9gi\u00f3ban \u00e9s az orsz\u00e1g teljes ter\u00fclet\u00e9n.<\/p>","protected":false},"excerpt":{"rendered":"<p>New Oradea Contemporary Art (NOCA) ofer\u0103 o platform\u0103 profesional\u0103 pentru experimentarea premiselor curatoriale \u0219i artistice inovatoare. Prin programul s\u0103u de expozi\u021bii curatat, condus de antreprenoarea cultural\u0103 \u0219i galerista Suzana Vasilescu \u0219i curatoarea Cristina Vasilescu, NOCA invit\u0103 arti\u0219ti \u0219i public din medii \u0219i genera\u021bii diverse s\u0103 reflecteze asupra a ceea ce \u00eenseamn\u0103 s\u0103 tr\u0103ie\u0219ti \u00een societatea [&hellip;]<\/p>\n","protected":false},"author":1,"featured_media":0,"parent":0,"menu_order":0,"comment_status":"closed","ping_status":"closed","template":"","meta":{"_acf_changed":false,"footnotes":""},"class_list":["post-88","page","type-page","status-publish","hentry"],"acf":[],"aioseo_notices":[],"_links":{"self":[{"href":"https:\/\/noca.art\/hu\/wp-json\/wp\/v2\/pages\/88","targetHints":{"allow":["GET"]}}],"collection":[{"href":"https:\/\/noca.art\/hu\/wp-json\/wp\/v2\/pages"}],"about":[{"href":"https:\/\/noca.art\/hu\/wp-json\/wp\/v2\/types\/page"}],"author":[{"embeddable":true,"href":"https:\/\/noca.art\/hu\/wp-json\/wp\/v2\/users\/1"}],"replies":[{"embeddable":true,"href":"https:\/\/noca.art\/hu\/wp-json\/wp\/v2\/comments?post=88"}],"version-history":[{"count":3,"href":"https:\/\/noca.art\/hu\/wp-json\/wp\/v2\/pages\/88\/revisions"}],"predecessor-version":[{"id":346,"href":"https:\/\/noca.art\/hu\/wp-json\/wp\/v2\/pages\/88\/revisions\/346"}],"wp:attachment":[{"href":"https:\/\/noca.art\/hu\/wp-json\/wp\/v2\/media?parent=88"}],"curies":[{"name":"munkaf\u00fczet","href":"https:\/\/api.w.org\/{rel}","templated":true}]}}