{"id":3,"date":"2025-10-07T11:24:06","date_gmt":"2025-10-07T11:24:06","guid":{"rendered":"https:\/\/noca.art\/?page_id=3"},"modified":"2026-03-13T10:39:47","modified_gmt":"2026-03-13T08:39:47","slug":"altalanos-szerzodesi-feltetelek","status":"publish","type":"page","link":"https:\/\/noca.art\/hu\/termeni-si-conditii\/","title":{"rendered":"Felhaszn\u00e1l\u00e1si felt\u00e9telek"},"content":{"rendered":"<p>A Bihar Megyei T\u00f6rt\u00e9nelmi Eml\u00e9km\u0171vek V\u00e9delm\u00e9\u00e9rt Alap\u00edtv\u00e1ny (Oradea Heritage), egy nonprofit alap\u00edtv\u00e1ny, amelynek sz\u00e9khelye Nagyv\u00e1radon, a Iosif Vulcan utca 11. sz\u00e1m alatt tal\u00e1lhat\u00f3, Bihar megy\u00e9ben, CUI RO 17394856, \u00e9s amelyet Chira Alexandru \u00far \u2013 \u00fcgyvezet\u0151 igazgat\u00f3 \u2013 k\u00e9pvisel, a k\u00f6vetkez\u0151kre h\u00edvja fel a figyelm\u00e9t:<\/p>\n<p>Nem haszn\u00e1lunk szem\u00e9lyes adatokat automatiz\u00e1lt feldolgoz\u00e1sra vagy profilalkot\u00e1sra. Soha nem hozunk automatiz\u00e1lt d\u00f6nt\u00e9seket \u00d6nr\u0151l. Technikai eszk\u00f6z\u00f6ket haszn\u00e1lunk az adatok biztons\u00e1gos t\u00e1rol\u00e1s\u00e1ra. Nem dolgozunk fel adatokat m\u00e1sodlagos c\u00e9lokra, amelyek \u00f6sszeegyeztethetetlenek a gy\u0171jt\u00e9s\u00fck c\u00e9lj\u00e1val.<br \/>\nSzigor\u00faan tiszteletben tartjuk \u00e9s biztos\u00edtjuk az adataid bizalmas kezel\u00e9s\u00e9t, amelyek a weboldalunkon k\u00f6zz\u00e9tett k\u00fcl\u00f6nf\u00e9le regisztr\u00e1ci\u00f3s \u0171rlapokon kereszt\u00fcl jutnak el hozz\u00e1nk.<br \/>\nWeboldalunkon hiperhivatkoz\u00e1sokat tal\u00e1l, amelyek k\u00f6zvetlen\u00fcl m\u00e1s k\u00fcls\u0151 webhelyekre mutatnak. Nem v\u00e1llalhatunk felel\u0151ss\u00e9get az \u00d6n adatainak v\u00e9delm\u00e9\u00e9rt, miut\u00e1n felkereste a k\u00fcls\u0151 domaineket, mivel azok m\u00e1s v\u00e1llalatokhoz tartoznak.<br \/>\nA Google Analytics szolg\u00e1ltat\u00e1st optimaliz\u00e1l\u00e1shoz \u00e9s elemz\u00e9shez haszn\u00e1ljuk. A Google Analytics s\u00fctiket haszn\u00e1l a l\u00e1togat\u00f3ink elemz\u00e9s\u00e9hez.<br \/>\nAz oldal el\u00e9r\u00e9s\u00e9vel kijelentem, hogy tudom\u00e1sul vettem \u00e9s teljes m\u00e9rt\u00e9kben meg\u00e9rtettem ezeket az inform\u00e1ci\u00f3kat.<\/p>\n<p><strong>Sz\u00f6veg- \u00e9s k\u00e9pfelhaszn\u00e1l\u00e1si szab\u00e1lyzat<\/strong><\/p>\n<p>Ez a helysz\u00edn a Bihar Megyei T\u00f6rt\u00e9nelmi Eml\u00e9km\u0171vek V\u00e9delm\u00e9\u00e9rt Alap\u00edtv\u00e1ny (Nagyv\u00e1radi \u00d6r\u00f6ks\u00e9g) kiz\u00e1r\u00f3lagos tulajdona.<br \/>\nA sz\u00f6vegek \u00e9s k\u00e9pek Alap\u00edtv\u00e1ny hozz\u00e1j\u00e1rul\u00e1sa n\u00e9lk\u00fcli felhaszn\u00e1l\u00e1sa a szellemi \u00e9s szerz\u0151i jogok v\u00e9delm\u00e9re vonatkoz\u00f3 hat\u00e1lyos t\u00f6rv\u00e9nyek szerint b\u00fcntetend\u0151.<br \/>\nHa szeretn\u00e9 haszn\u00e1lni az oldalon tal\u00e1lhat\u00f3 inform\u00e1ci\u00f3kat, k\u00e9rj\u00fck, vegye fel vel\u00fcnk a kapcsolatot a k\u00f6vetkez\u0151 c\u00edmen: contact@noca.art<\/p>\n<p><strong>Jogi nyilatkozat<\/strong><\/p>\n<p>Az SC oradeaheritage Terapia SRL fenntartja a jogot, hogy a WEBOLDALON tal\u00e1lhat\u00f3 inform\u00e1ci\u00f3kat kieg\u00e9sz\u00edtse \u00e9s m\u00f3dos\u00edtsa.<br \/>\nAz SC oradeaheritage Terapia SRL nem v\u00e1llal felel\u0151ss\u00e9get a weboldal m\u0171k\u00f6d\u00e9sk\u00e9ptelens\u00e9g\u00e9b\u0151l ered\u0151 k\u00e1rok\u00e9rt.<br \/>\nA T\u00e1rsas\u00e1g k\u00f6telezetts\u00e9geinek maxim\u00e1lis \u00f6sszege b\u00e1rmely felhaszn\u00e1l\u00f3 fel\u00e9 k\u00e9zbes\u00edt\u00e9s elmarad\u00e1sa vagy nem megfelel\u0151 k\u00e9zbes\u00edt\u00e9s eset\u00e9n a T\u00e1rsas\u00e1g \u00e1ltal az adott vev\u0151t\u0151l beszedett \u00f6sszegek \u00f6sszege.<\/p>\n<p><strong>Csal\u00e1s<\/strong><\/p>\n<p>B\u00e1rmely k\u00eds\u00e9rlet egy m\u00e1sik felhaszn\u00e1l\u00f3 szem\u00e9lyes adatainak el\u00e9r\u00e9s\u00e9re, a www.noca.art oldal tartalm\u00e1nak m\u00f3dos\u00edt\u00e1s\u00e1ra, vagy a www.noca.art oldalt futtat\u00f3 szerver teljes\u00edtm\u00e9ny\u00e9nek befoly\u00e1sol\u00e1s\u00e1ra a www.noca.art oldal megk\u00e1ros\u00edt\u00e1s\u00e1ra tett k\u00eds\u00e9rletnek min\u0151s\u00fcl, \u00e9s b\u00fcntet\u0151elj\u00e1r\u00e1s megind\u00edt\u00e1s\u00e1hoz vezet a k\u00eds\u00e9rletet tev\u0151 szem\u00e9ly vagy szem\u00e9lyek ellen.<\/p>\n<p><strong>Szerz\u0151i jog<\/strong><\/p>\n<p>A www.noca.art weboldal teljes tartalma, bele\u00e9rtve, de nem kiz\u00e1r\u00f3lagosan, a k\u00e9peket, sz\u00f6vegeket, gombokat, programokat, szkripteket \u00e9s b\u00e1rmilyen egy\u00e9b adatot, a Bihar Megyei T\u00f6rt\u00e9nelmi Eml\u00e9km\u0171vek V\u00e9delm\u00e9\u00e9rt Alap\u00edtv\u00e1ny (Nagyv\u00e1radi \u00d6r\u00f6ks\u00e9g) tulajdona, \u00e9s a szerz\u0151i jogi t\u00f6rv\u00e9ny, valamint a szellemi \u00e9s ipari tulajdonjogokr\u00f3l sz\u00f3l\u00f3 t\u00f6rv\u00e9nyek v\u00e9dik. A fent felsorolt elemek b\u00e1rmelyik\u00e9nek a Bihar Megyei T\u00f6rt\u00e9nelmi Eml\u00e9km\u0171vek V\u00e9delm\u00e9\u00e9rt Alap\u00edtv\u00e1ny (Nagyv\u00e1radi \u00d6r\u00f6ks\u00e9g) \u00edr\u00e1sbeli hozz\u00e1j\u00e1rul\u00e1sa n\u00e9lk\u00fcli felhaszn\u00e1l\u00e1sa a hat\u00e1lyos t\u00f6rv\u00e9nyek \u00e9rtelm\u00e9ben b\u00fcntetend\u0151.<\/p>\n<p>Szellemi tulajdonjogokkal kapcsolatos probl\u00e9m\u00e1k bejelent\u00e9s\u00e9hez k\u00e9rj\u00fck, vegye fel vel\u00fcnk a kapcsolatot a contact@noca.art e-mail c\u00edmen.<\/p>\n<p><strong>Vis major<\/strong><\/p>\n<p>Egyik f\u00e9l sem felel\u0151s a szerz\u0151d\u00e9ses k\u00f6telezetts\u00e9geinek nem teljes\u00edt\u00e9s\u00e9\u00e9rt, ha az vis maior esem\u00e9nynek tudhat\u00f3 be. A vis maior el\u0151re nem l\u00e1that\u00f3, a felek ellen\u0151rz\u00e9s\u00e9n k\u00edv\u00fcl es\u0151 \u00e9s elker\u00fclhetetlen esem\u00e9ny.<\/p>\n<p><strong>S\u00fctik haszn\u00e1lata<\/strong><\/p>\n<p>L\u00e1sd a S\u00dcTIKRE VONATKOZ\u00d3 SZAB\u00c1LYZATOT.<\/p>\n<p><strong>Szem\u00e9lyes adatok<\/strong><\/p>\n<p>A www.noca.art weboldal felhaszn\u00e1l\u00f3inak adatai bizalmasak, \u00e9s kiz\u00e1r\u00f3lag a partnerekkel folytatott kereskedelmi kommunik\u00e1ci\u00f3hoz haszn\u00e1lhat\u00f3k fel, az \u00fcgyfelek k\u00e9r\u00e9seire adott v\u00e1laszok vagy a h\u00edrlev\u00e9l k\u00fcld\u00e9s\u00e9nek jogos c\u00e9ljaira. A kapcsolatok helyzet\u00e9vel \u00e9s \u00e1llapot\u00e1val kapcsolatos konkr\u00e9t adatokat online, a weboldalon tal\u00e1lhat\u00f3 koordin\u00e1t\u00e1kon kereszt\u00fcl lehet megszerezni.<\/p>\n<p>A szem\u00e9lyes adatok kezel\u00e9se a szem\u00e9lyes adatok kezel\u00e9se tekintet\u00e9ben az egy\u00e9nek v\u00e9delm\u00e9r\u0151l \u00e9s az ilyen adatok szabad \u00e1raml\u00e1s\u00e1r\u00f3l sz\u00f3l\u00f3 677\/2001. sz\u00e1m\u00fa t\u00f6rv\u00e9nynek, valamint a szem\u00e9lyes adatok kezel\u00e9se tekintet\u00e9ben a term\u00e9szetes szem\u00e9lyek v\u00e9delm\u00e9r\u0151l sz\u00f3l\u00f3 (EU) 2016\/679 rendeletnek (GDPR) megfelel\u0151en t\u00f6rt\u00e9nik.<\/p>\n<p><strong>Tov\u00e1bbi inform\u00e1ci\u00f3 az adatv\u00e9delemr\u0151l<\/strong><\/p>\n<p>A szem\u00e9lyes adatok v\u00e9delm\u00e9vel kapcsolatos probl\u00e9m\u00e1k bejelent\u00e9s\u00e9hez k\u00e9rj\u00fck, vegye fel vel\u00fcnk a kapcsolatot a k\u00f6vetkez\u0151 c\u00edmen: contact@noca.art<\/p>\n<p><strong>Szem\u00e9lyes adatok \u00e9s inform\u00e1ci\u00f3k biztons\u00e1ga<\/strong><\/p>\n<p>A felhaszn\u00e1l\u00f3 \u00e1ltal megadott szem\u00e9lyes adatokat az oradeaheritage kiz\u00e1r\u00f3lag a weboldalon meghat\u00e1rozott c\u00e9lra haszn\u00e1lja fel. Az \u0171rlapokon megadott inform\u00e1ci\u00f3k sz\u00fcks\u00e9gesek a kapcsolatfelv\u00e9telhez.<\/p>\n<p>A www.noca.art weboldal biztons\u00e1gi int\u00e9zked\u00e9seket alkalmaz a T\u00e1rsas\u00e1g ellen\u0151rz\u00e9se alatt \u00e1ll\u00f3 inform\u00e1ci\u00f3k elveszt\u00e9se, megv\u00e1ltoztat\u00e1sa vagy vissza\u00e9l\u00e9se ellen.<\/p>","protected":false},"excerpt":{"rendered":"<p>Funda\u021bia de Protejare a Monumentelor Istorice din Jude\u021bul Bihor (Oradea Heritage), funda\u021bie non-profit cu sediul \u00een Oradea, str. Iosif Vulcan, nr.11, jude\u021bul Bihor, CUI RO 17394856 reprezentat\u0103 prin domnul Chira Alexandru \u2013 director executiv, v\u0103 aduce la cuno\u0219tin\u021b\u0103 urm\u0103toarele: Nu utiliz\u0103m datele cu caracter personal pentru prelucrare automatizat\u0103 s\u0326i nici pentru realizarea de profile. Nu [&hellip;]<\/p>\n","protected":false},"author":1,"featured_media":0,"parent":0,"menu_order":0,"comment_status":"closed","ping_status":"closed","template":"","meta":{"_acf_changed":false,"footnotes":""},"class_list":["post-3","page","type-page","status-publish","hentry"],"acf":[],"aioseo_notices":[],"aioseo_head":"\n\t\t<!-- All in One SEO Pro 4.9.6.2 - aioseo.com -->\n\t<meta name=\"description\" content=\"Funda\u021bia de Protejare a Monumentelor Istorice din Jude\u021bul Bihor (Oradea Heritage), funda\u021bie non-profit cu sediul \u00een Oradea, str. Iosif Vulcan, nr.11, jude\u021bul Bihor, CUI RO 17394856 reprezentat\u0103 prin domnul Chira Alexandru \u2013 director executiv, v\u0103 aduce la cuno\u0219tin\u021b\u0103 urm\u0103toarele: Nu utiliz\u0103m datele cu caracter personal pentru prelucrare automatizat\u0103 s\u0326i nici pentru realizarea de profile. Nu\" \/>\n\t<meta name=\"robots\" content=\"max-image-preview:large\" \/>\n\t<link rel=\"canonical\" href=\"https:\/\/noca.art\/hu\/termeni-si-conditii\/\" \/>\n\t<meta name=\"generator\" content=\"All in One SEO Pro (AIOSEO) 4.9.6.2\" \/>\n\t\t<meta property=\"og:locale\" content=\"hu_HU\" \/>\n\t\t<meta property=\"og:site_name\" content=\"NOCA New Oradea Contemporary Art - Centru de art\u0103 contemporan\u0103 Oradea\" \/>\n\t\t<meta property=\"og:type\" content=\"article\" \/>\n\t\t<meta property=\"og:title\" content=\"Termeni \u0219i Condi\u021bii - NOCA New Oradea Contemporary Art\" \/>\n\t\t<meta property=\"og:description\" content=\"Funda\u021bia de Protejare a Monumentelor Istorice din Jude\u021bul Bihor (Oradea Heritage), funda\u021bie non-profit cu sediul \u00een Oradea, str. Iosif Vulcan, nr.11, jude\u021bul Bihor, CUI RO 17394856 reprezentat\u0103 prin domnul Chira Alexandru \u2013 director executiv, v\u0103 aduce la cuno\u0219tin\u021b\u0103 urm\u0103toarele: Nu utiliz\u0103m datele cu caracter personal pentru prelucrare automatizat\u0103 s\u0326i nici pentru realizarea de profile. Nu\" \/>\n\t\t<meta property=\"og:url\" content=\"https:\/\/noca.art\/hu\/termeni-si-conditii\/\" \/>\n\t\t<meta property=\"article:published_time\" content=\"2025-10-07T11:24:06+00:00\" \/>\n\t\t<meta property=\"article:modified_time\" content=\"2026-03-13T08:39:47+00:00\" \/>\n\t\t<meta property=\"article:publisher\" content=\"https:\/\/www.facebook.com\/noca.oradea\" \/>\n\t\t<meta name=\"twitter:card\" content=\"summary_large_image\" \/>\n\t\t<meta name=\"twitter:title\" content=\"Termeni \u0219i Condi\u021bii - NOCA New Oradea Contemporary Art\" \/>\n\t\t<meta name=\"twitter:description\" content=\"Funda\u021bia de Protejare a Monumentelor Istorice din Jude\u021bul Bihor (Oradea Heritage), funda\u021bie non-profit cu sediul \u00een Oradea, str. Iosif Vulcan, nr.11, jude\u021bul Bihor, CUI RO 17394856 reprezentat\u0103 prin domnul Chira Alexandru \u2013 director executiv, v\u0103 aduce la cuno\u0219tin\u021b\u0103 urm\u0103toarele: Nu utiliz\u0103m datele cu caracter personal pentru prelucrare automatizat\u0103 s\u0326i nici pentru realizarea de profile. Nu\" \/>\n\t\t<script type=\"application\/ld+json\" class=\"aioseo-schema\">\n\t\t\t{\"@context\":\"https:\\\/\\\/schema.org\",\"@graph\":[{\"@type\":\"BreadcrumbList\",\"@id\":\"https:\\\/\\\/noca.art\\\/hu\\\/termeni-si-conditii\\\/#breadcrumblist\",\"itemListElement\":[{\"@type\":\"ListItem\",\"@id\":\"https:\\\/\\\/noca.art\\\/hu#listItem\",\"position\":1,\"name\":\"Home\",\"item\":\"https:\\\/\\\/noca.art\\\/hu\",\"nextItem\":{\"@type\":\"ListItem\",\"@id\":\"https:\\\/\\\/noca.art\\\/hu\\\/termeni-si-conditii\\\/#listItem\",\"name\":\"Termeni \\u0219i Condi\\u021bii\"}},{\"@type\":\"ListItem\",\"@id\":\"https:\\\/\\\/noca.art\\\/hu\\\/termeni-si-conditii\\\/#listItem\",\"position\":2,\"name\":\"Termeni \\u0219i Condi\\u021bii\",\"previousItem\":{\"@type\":\"ListItem\",\"@id\":\"https:\\\/\\\/noca.art\\\/hu#listItem\",\"name\":\"Home\"}}]},{\"@type\":\"Organization\",\"@id\":\"https:\\\/\\\/noca.art\\\/hu\\\/#organization\",\"name\":\"NOCA New Oradea Contemporary Art\",\"description\":\"Centru de art\\u0103 contemporan\\u0103 Oradea\",\"url\":\"https:\\\/\\\/noca.art\\\/hu\\\/\",\"email\":\"hello@noca.art\",\"telephone\":\"+40715530655\",\"foundingDate\":\"2025-10-21\",\"numberOfEmployees\":{\"@type\":\"QuantitativeValue\",\"value\":5},\"logo\":{\"@type\":\"ImageObject\",\"url\":\"https:\\\/\\\/noca.art\\\/wp-content\\\/uploads\\\/2025\\\/10\\\/noca.png\",\"@id\":\"https:\\\/\\\/noca.art\\\/hu\\\/termeni-si-conditii\\\/#organizationLogo\",\"width\":500,\"height\":514,\"caption\":\"NOCA Oradea\"},\"image\":{\"@id\":\"https:\\\/\\\/noca.art\\\/hu\\\/termeni-si-conditii\\\/#organizationLogo\"},\"sameAs\":[\"https:\\\/\\\/www.facebook.com\\\/noca.oradea\",\"https:\\\/\\\/www.instagram.com\\\/noca_oradea\"],\"address\":{\"@id\":\"https:\\\/\\\/noca.art\\\/hu\\\/#postaladdress\",\"@type\":\"PostalAddress\",\"streetAddress\":\", Strada Independen\\u021bei nr. 20\",\"addressLocality\":\"Oradea\",\"addressRegion\":\"Bihor\",\"addressCountry\":\"RO\"}},{\"@type\":\"WebPage\",\"@id\":\"https:\\\/\\\/noca.art\\\/hu\\\/termeni-si-conditii\\\/#webpage\",\"url\":\"https:\\\/\\\/noca.art\\\/hu\\\/termeni-si-conditii\\\/\",\"name\":\"Termeni \\u0219i Condi\\u021bii - NOCA New Oradea Contemporary Art\",\"description\":\"Funda\\u021bia de Protejare a Monumentelor Istorice din Jude\\u021bul Bihor (Oradea Heritage), funda\\u021bie non-profit cu sediul \\u00een Oradea, str. Iosif Vulcan, nr.11, jude\\u021bul Bihor, CUI RO 17394856 reprezentat\\u0103 prin domnul Chira Alexandru \\u2013 director executiv, v\\u0103 aduce la cuno\\u0219tin\\u021b\\u0103 urm\\u0103toarele: Nu utiliz\\u0103m datele cu caracter personal pentru prelucrare automatizat\\u0103 s\\u0326i nici pentru realizarea de profile. Nu\",\"inLanguage\":\"hu-HU\",\"isPartOf\":{\"@id\":\"https:\\\/\\\/noca.art\\\/hu\\\/#website\"},\"breadcrumb\":{\"@id\":\"https:\\\/\\\/noca.art\\\/hu\\\/termeni-si-conditii\\\/#breadcrumblist\"},\"datePublished\":\"2025-10-07T11:24:06+03:00\",\"dateModified\":\"2026-03-13T10:39:47+02:00\"},{\"@type\":\"WebSite\",\"@id\":\"https:\\\/\\\/noca.art\\\/hu\\\/#website\",\"url\":\"https:\\\/\\\/noca.art\\\/hu\\\/\",\"name\":\"NOCA New Oradea Contemporary Art\",\"description\":\"Centru de art\\u0103 contemporan\\u0103 Oradea\",\"inLanguage\":\"hu-HU\",\"publisher\":{\"@id\":\"https:\\\/\\\/noca.art\\\/hu\\\/#organization\"}}]}\n\t\t<\/script>\n\t\t<!-- All in One SEO Pro -->\r\n\t\t<title>Termeni \u0219i Condi\u021bii - NOCA New Oradea Contemporary Art<\/title>\n\n","aioseo_head_json":{"title":"Felhaszn\u00e1l\u00e1si felt\u00e9telek - NOCA \u00daj-Nagyv\u00e1radi Kort\u00e1rs M\u0171v\u00e9szet","description":"A Bihar Megyei T\u00f6rt\u00e9nelmi Eml\u00e9km\u0171vek V\u00e9delm\u00e9\u00e9rt Alap\u00edtv\u00e1ny (Oradea Heritage), egy nonprofit alap\u00edtv\u00e1ny, amelynek sz\u00e9khelye Nagyv\u00e1radon tal\u00e1lhat\u00f3, Iosif Vulcan utca 11. sz\u00e1m alatt, Bihar megye, CUI RO 17394856, \u00e9s amelyet Chira Alexandru \u00far \u2013 \u00fcgyvezet\u0151 igazgat\u00f3 \u2013 k\u00e9pvisel, a k\u00f6vetkez\u0151kr\u0151l t\u00e1j\u00e9koztatja \u00d6nt: Szem\u00e9lyes adatokat nem haszn\u00e1lunk automatiz\u00e1lt feldolgoz\u00e1sra vagy profilalkot\u00e1sra. Nem","canonical_url":"https:\/\/noca.art\/hu\/termeni-si-conditii\/","robots":"max-image-preview:large","keywords":"","webmasterTools":{"miscellaneous":""},"schema":{"@context":"https:\/\/schema.org","@graph":[{"@type":"BreadcrumbList","@id":"https:\/\/noca.art\/hu\/termeni-si-conditii\/#breadcrumblist","itemListElement":[{"@type":"ListItem","@id":"https:\/\/noca.art\/hu#listItem","position":1,"name":"Home","item":"https:\/\/noca.art\/hu","nextItem":{"@type":"ListItem","@id":"https:\/\/noca.art\/hu\/termeni-si-conditii\/#listItem","name":"Termeni \u0219i Condi\u021bii"}},{"@type":"ListItem","@id":"https:\/\/noca.art\/hu\/termeni-si-conditii\/#listItem","position":2,"name":"Termeni \u0219i Condi\u021bii","previousItem":{"@type":"ListItem","@id":"https:\/\/noca.art\/hu#listItem","name":"Home"}}]},{"@type":"Organization","@id":"https:\/\/noca.art\/hu\/#organization","name":"NOCA New Oradea Contemporary Art","description":"Centru de art\u0103 contemporan\u0103 Oradea","url":"https:\/\/noca.art\/hu\/","email":"hello@noca.art","telephone":"+40715530655","foundingDate":"2025-10-21","numberOfEmployees":{"@type":"QuantitativeValue","value":5},"logo":{"@type":"ImageObject","url":"https:\/\/noca.art\/wp-content\/uploads\/2025\/10\/noca.png","@id":"https:\/\/noca.art\/hu\/termeni-si-conditii\/#organizationLogo","width":500,"height":514,"caption":"NOCA Oradea"},"image":{"@id":"https:\/\/noca.art\/hu\/termeni-si-conditii\/#organizationLogo"},"sameAs":["https:\/\/www.facebook.com\/noca.oradea","https:\/\/www.instagram.com\/noca_oradea"],"address":{"@id":"https:\/\/noca.art\/hu\/#postaladdress","@type":"PostalAddress","streetAddress":", Strada Independen\u021bei nr. 20","addressLocality":"Oradea","addressRegion":"Bihor","addressCountry":"RO"}},{"@type":"WebPage","@id":"https:\/\/noca.art\/hu\/termeni-si-conditii\/#webpage","url":"https:\/\/noca.art\/hu\/termeni-si-conditii\/","name":"Termeni \u0219i Condi\u021bii - NOCA New Oradea Contemporary Art","description":"Funda\u021bia de Protejare a Monumentelor Istorice din Jude\u021bul Bihor (Oradea Heritage), funda\u021bie non-profit cu sediul \u00een Oradea, str. Iosif Vulcan, nr.11, jude\u021bul Bihor, CUI RO 17394856 reprezentat\u0103 prin domnul Chira Alexandru \u2013 director executiv, v\u0103 aduce la cuno\u0219tin\u021b\u0103 urm\u0103toarele: Nu utiliz\u0103m datele cu caracter personal pentru prelucrare automatizat\u0103 s\u0326i nici pentru realizarea de profile. Nu","inLanguage":"hu-HU","isPartOf":{"@id":"https:\/\/noca.art\/hu\/#website"},"breadcrumb":{"@id":"https:\/\/noca.art\/hu\/termeni-si-conditii\/#breadcrumblist"},"datePublished":"2025-10-07T11:24:06+03:00","dateModified":"2026-03-13T10:39:47+02:00"},{"@type":"WebSite","@id":"https:\/\/noca.art\/hu\/#website","url":"https:\/\/noca.art\/hu\/","name":"NOCA New Oradea Contemporary Art","description":"Centru de art\u0103 contemporan\u0103 Oradea","inLanguage":"hu-HU","publisher":{"@id":"https:\/\/noca.art\/hu\/#organization"}}]},"og:locale":"hu_HU","og:site_name":"NOCA New Oradea Contemporary Art - Centru de art\u0103 contemporan\u0103 Oradea","og:type":"article","og:title":"Termeni \u0219i Condi\u021bii - NOCA New Oradea Contemporary Art","og:description":"Funda\u021bia de Protejare a Monumentelor Istorice din Jude\u021bul Bihor (Oradea Heritage), funda\u021bie non-profit cu sediul \u00een Oradea, str. Iosif Vulcan, nr.11, jude\u021bul Bihor, CUI RO 17394856 reprezentat\u0103 prin domnul Chira Alexandru \u2013 director executiv, v\u0103 aduce la cuno\u0219tin\u021b\u0103 urm\u0103toarele: Nu utiliz\u0103m datele cu caracter personal pentru prelucrare automatizat\u0103 s\u0326i nici pentru realizarea de profile. Nu","og:url":"https:\/\/noca.art\/hu\/termeni-si-conditii\/","article:published_time":"2025-10-07T11:24:06+00:00","article:modified_time":"2026-03-13T08:39:47+00:00","article:publisher":"https:\/\/www.facebook.com\/noca.oradea","twitter:card":"summary_large_image","twitter:title":"Termeni \u0219i Condi\u021bii - NOCA New Oradea Contemporary Art","twitter:description":"Funda\u021bia de Protejare a Monumentelor Istorice din Jude\u021bul Bihor (Oradea Heritage), funda\u021bie non-profit cu sediul \u00een Oradea, str. Iosif Vulcan, nr.11, jude\u021bul Bihor, CUI RO 17394856 reprezentat\u0103 prin domnul Chira Alexandru \u2013 director executiv, v\u0103 aduce la cuno\u0219tin\u021b\u0103 urm\u0103toarele: Nu utiliz\u0103m datele cu caracter personal pentru prelucrare automatizat\u0103 s\u0326i nici pentru realizarea de profile. Nu"},"aioseo_meta_data":{"post_id":"3","title":null,"description":null,"keywords":null,"keyphrases":{"focus":{"keyphrase":"","score":0,"analysis":{"keyphraseInTitle":{"score":0,"maxScore":9,"error":1}}},"additional":[]},"primary_term":null,"canonical_url":null,"og_title":null,"og_description":null,"og_object_type":"default","og_image_type":"default","og_image_url":null,"og_image_width":null,"og_image_height":null,"og_image_custom_url":null,"og_image_custom_fields":null,"og_video":"","og_custom_url":null,"og_article_section":null,"og_article_tags":null,"twitter_use_og":false,"twitter_card":"default","twitter_image_type":"default","twitter_image_url":null,"twitter_image_custom_url":null,"twitter_image_custom_fields":null,"twitter_title":null,"twitter_description":null,"schema":{"blockGraphs":[],"customGraphs":[],"default":{"data":{"Article":[],"Course":[],"Dataset":[],"FAQPage":[],"Movie":[],"Person":[],"Product":[],"ProductReview":[],"Car":[],"Recipe":[],"Service":[],"SoftwareApplication":[],"WebPage":[]},"graphName":"WebPage","isEnabled":true},"graphs":[]},"schema_type":"default","schema_type_options":null,"pillar_content":false,"robots_default":true,"robots_noindex":false,"robots_noarchive":false,"robots_nosnippet":false,"robots_nofollow":false,"robots_noimageindex":false,"robots_noodp":false,"robots_notranslate":false,"robots_max_snippet":"-1","robots_max_videopreview":"-1","robots_max_imagepreview":"large","priority":null,"frequency":"default","local_seo":null,"seo_analyzer_scan_date":"2026-03-13 09:36:41","breadcrumb_settings":null,"limit_modified_date":false,"open_ai":null,"ai":{"faqs":[],"keyPoints":[],"titles":[],"descriptions":[],"socialPosts":{"email":[],"linkedin":[],"twitter":[],"facebook":[],"instagram":[]}},"created":"2025-10-15 09:39:38","updated":"2026-03-13 09:37:08"},"aioseo_breadcrumb":"<div class=\"aioseo-breadcrumbs\"><span class=\"aioseo-breadcrumb\">\n\t<a href=\"https:\/\/noca.art\/hu\" title=\"Home\">Home<\/a>\n<\/span><span class=\"aioseo-breadcrumb-separator\">\u00bb<\/span><span class=\"aioseo-breadcrumb\">\n\tTermeni \u0219i Condi\u021bii\n<\/span><\/div>","aioseo_breadcrumb_json":[{"label":"Home","link":"https:\/\/noca.art\/hu"},{"label":"Termeni \u0219i Condi\u021bii","link":"https:\/\/noca.art\/hu\/termeni-si-conditii\/"}],"_links":{"self":[{"href":"https:\/\/noca.art\/hu\/wp-json\/wp\/v2\/pages\/3","targetHints":{"allow":["GET"]}}],"collection":[{"href":"https:\/\/noca.art\/hu\/wp-json\/wp\/v2\/pages"}],"about":[{"href":"https:\/\/noca.art\/hu\/wp-json\/wp\/v2\/types\/page"}],"author":[{"embeddable":true,"href":"https:\/\/noca.art\/hu\/wp-json\/wp\/v2\/users\/1"}],"replies":[{"embeddable":true,"href":"https:\/\/noca.art\/hu\/wp-json\/wp\/v2\/comments?post=3"}],"version-history":[{"count":3,"href":"https:\/\/noca.art\/hu\/wp-json\/wp\/v2\/pages\/3\/revisions"}],"predecessor-version":[{"id":343,"href":"https:\/\/noca.art\/hu\/wp-json\/wp\/v2\/pages\/3\/revisions\/343"}],"wp:attachment":[{"href":"https:\/\/noca.art\/hu\/wp-json\/wp\/v2\/media?parent=3"}],"curies":[{"name":"munkaf\u00fczet","href":"https:\/\/api.w.org\/{rel}","templated":true}]}}