{"id":236,"date":"2026-03-11T15:52:01","date_gmt":"2026-03-11T13:52:01","guid":{"rendered":"https:\/\/noca.art\/?page_id=236"},"modified":"2026-03-12T16:15:48","modified_gmt":"2026-03-12T14:15:48","slug":"gyerek-este","status":"publish","type":"page","link":"https:\/\/noca.art\/hu\/noca-kids\/","title":{"rendered":"NOCA kids"},"content":{"rendered":"<p>A NOCA kids a NOCA \u00faj kultur\u00e1lis nevel\u00e9si programja, amely gyermekeknek, serd\u00fcl\u0151knek \u00e9s csal\u00e1doknak sz\u00f3l.<\/p>\n<p>Hissz\u00fck, hogy a gyerekek itt \u00e9s most, j\u00e1t\u00e9k, k\u00edv\u00e1ncsis\u00e1g, besz\u00e9lget\u00e9s \u00e9s k\u00eds\u00e9rletez\u00e9s \u00e1ltal tal\u00e1lkozhatnak a kort\u00e1rs m\u0171v\u00e9szettel. A NOCA kidsben a gyerekek nem kapnak k\u00e9sz v\u00e1laszokat. Sokkal ink\u00e1bb megfigyel\u00e9sre, k\u00e9rd\u00e9sfeltev\u00e9sre, pr\u00f3b\u00e1lkoz\u00e1sra h\u00edvjuk fel \u0151ket, mik\u00f6zben a hib\u00e1z\u00e1snak is teret adunk, \u00e9s arra biztatjuk \u0151ket, hogy hangot adjanak saj\u00e1t gondolataiknak.<\/p>\n<p>A program alapj\u00e1t t\u00f6bbf\u00e9le tanul\u00e1si m\u00f3dszer k\u00e9pezi: k\u00f6z\u00f6sen figyel\u00fcnk, egy\u00fctt gondolkodunk, k\u00e9zzel alkotunk, a test\u00fcnkkel \u00e9rz\u00fcnk \u00e9s egym\u00e1ssal besz\u00e9lget\u00fcnk. A tev\u00e9kenys\u00e9geket k\u00fcl\u00f6nb\u00f6z\u0151 korcsoportok ig\u00e9nyeihez \u00e9s ritmus\u00e1hoz igaz\u00edtjuk, hiszen a m\u0171v\u00e9szettel val\u00f3 kapcsolat a gyermekkor minden szakasz\u00e1ban m\u00e1s.<\/p>\n<p>A NOCA kids c\u00e9lja egy biztons\u00e1gos, nyitott \u00e9s akt\u00edv t\u00e9r megteremt\u00e9se, ahol a kort\u00e1rs m\u0171v\u00e9szet hozz\u00e1f\u00e9rhet\u0151 \u00e9s relev\u00e1ns \u00e9lm\u00e9nny\u00e9 v\u00e1lik a gyermekek, a csal\u00e1dok \u00e9s a k\u00f6z\u00f6ss\u00e9g sz\u00e1m\u00e1ra.<\/p>","protected":false},"excerpt":{"rendered":"<p>NOCA kids este programul de educa\u021bie cultural\u0103 al New Oradea Contemporary Art, dedicat copiilor, adolescen\u021bilor \u0219i familiilor. Credem c\u0103 cei mici pot \u00eent\u00e2lni arta contemporan\u0103 aici \u0219i acum, prin joac\u0103, curiozitate, conversa\u021bie \u0219i experiment. La NOCA kids, copiii nu primesc r\u0103spunsuri gata f\u0103cute. Sunt invita\u021bi s\u0103 observe, s\u0103 pun\u0103 \u00eentreb\u0103ri, s\u0103 \u00eencerce, s\u0103 gre\u0219easc\u0103 \u0219i [&hellip;]<\/p>\n","protected":false},"author":1,"featured_media":0,"parent":0,"menu_order":0,"comment_status":"closed","ping_status":"closed","template":"","meta":{"_acf_changed":false,"footnotes":""},"class_list":["post-236","page","type-page","status-publish","hentry"],"acf":[],"aioseo_notices":[],"aioseo_head":"\n\t\t<!-- All in One SEO Pro 4.9.6.2 - aioseo.com -->\n\t<meta name=\"description\" content=\"NOCA kids este programul de educa\u021bie cultural\u0103 al New Oradea Contemporary Art, dedicat copiilor, adolescen\u021bilor \u0219i familiilor. Credem c\u0103 cei mici pot \u00eent\u00e2lni arta contemporan\u0103 aici \u0219i acum, prin joac\u0103, curiozitate, conversa\u021bie \u0219i experiment. La NOCA kids, copiii nu primesc r\u0103spunsuri gata f\u0103cute. Sunt invita\u021bi s\u0103 observe, s\u0103 pun\u0103 \u00eentreb\u0103ri, s\u0103 \u00eencerce, s\u0103 gre\u0219easc\u0103 \u0219i\" \/>\n\t<meta name=\"robots\" content=\"max-image-preview:large\" \/>\n\t<link rel=\"canonical\" href=\"https:\/\/noca.art\/hu\/noca-kids\/\" \/>\n\t<meta name=\"generator\" content=\"All in One SEO Pro (AIOSEO) 4.9.6.2\" \/>\n\t\t<meta property=\"og:locale\" content=\"hu_HU\" \/>\n\t\t<meta property=\"og:site_name\" content=\"NOCA New Oradea Contemporary Art - Centru de art\u0103 contemporan\u0103 Oradea\" \/>\n\t\t<meta property=\"og:type\" content=\"article\" \/>\n\t\t<meta property=\"og:title\" content=\"NOCA kids - NOCA New Oradea Contemporary Art\" \/>\n\t\t<meta property=\"og:description\" content=\"NOCA kids este programul de educa\u021bie cultural\u0103 al New Oradea Contemporary Art, dedicat copiilor, adolescen\u021bilor \u0219i familiilor. Credem c\u0103 cei mici pot \u00eent\u00e2lni arta contemporan\u0103 aici \u0219i acum, prin joac\u0103, curiozitate, conversa\u021bie \u0219i experiment. La NOCA kids, copiii nu primesc r\u0103spunsuri gata f\u0103cute. Sunt invita\u021bi s\u0103 observe, s\u0103 pun\u0103 \u00eentreb\u0103ri, s\u0103 \u00eencerce, s\u0103 gre\u0219easc\u0103 \u0219i\" \/>\n\t\t<meta property=\"og:url\" content=\"https:\/\/noca.art\/hu\/noca-kids\/\" \/>\n\t\t<meta property=\"article:published_time\" content=\"2026-03-11T13:52:01+00:00\" \/>\n\t\t<meta property=\"article:modified_time\" content=\"2026-03-12T14:15:48+00:00\" \/>\n\t\t<meta property=\"article:publisher\" content=\"https:\/\/www.facebook.com\/noca.oradea\" \/>\n\t\t<meta name=\"twitter:card\" content=\"summary_large_image\" \/>\n\t\t<meta name=\"twitter:title\" content=\"NOCA kids - NOCA New Oradea Contemporary Art\" \/>\n\t\t<meta name=\"twitter:description\" content=\"NOCA kids este programul de educa\u021bie cultural\u0103 al New Oradea Contemporary Art, dedicat copiilor, adolescen\u021bilor \u0219i familiilor. Credem c\u0103 cei mici pot \u00eent\u00e2lni arta contemporan\u0103 aici \u0219i acum, prin joac\u0103, curiozitate, conversa\u021bie \u0219i experiment. La NOCA kids, copiii nu primesc r\u0103spunsuri gata f\u0103cute. Sunt invita\u021bi s\u0103 observe, s\u0103 pun\u0103 \u00eentreb\u0103ri, s\u0103 \u00eencerce, s\u0103 gre\u0219easc\u0103 \u0219i\" \/>\n\t\t<script type=\"application\/ld+json\" class=\"aioseo-schema\">\n\t\t\t{\"@context\":\"https:\\\/\\\/schema.org\",\"@graph\":[{\"@type\":\"BreadcrumbList\",\"@id\":\"https:\\\/\\\/noca.art\\\/hu\\\/noca-kids\\\/#breadcrumblist\",\"itemListElement\":[{\"@type\":\"ListItem\",\"@id\":\"https:\\\/\\\/noca.art\\\/hu#listItem\",\"position\":1,\"name\":\"Home\",\"item\":\"https:\\\/\\\/noca.art\\\/hu\",\"nextItem\":{\"@type\":\"ListItem\",\"@id\":\"https:\\\/\\\/noca.art\\\/hu\\\/noca-kids\\\/#listItem\",\"name\":\"NOCA kids\"}},{\"@type\":\"ListItem\",\"@id\":\"https:\\\/\\\/noca.art\\\/hu\\\/noca-kids\\\/#listItem\",\"position\":2,\"name\":\"NOCA kids\",\"previousItem\":{\"@type\":\"ListItem\",\"@id\":\"https:\\\/\\\/noca.art\\\/hu#listItem\",\"name\":\"Home\"}}]},{\"@type\":\"Organization\",\"@id\":\"https:\\\/\\\/noca.art\\\/hu\\\/#organization\",\"name\":\"NOCA New Oradea Contemporary Art\",\"description\":\"Centru de art\\u0103 contemporan\\u0103 Oradea\",\"url\":\"https:\\\/\\\/noca.art\\\/hu\\\/\",\"email\":\"hello@noca.art\",\"telephone\":\"+40715530655\",\"foundingDate\":\"2025-10-21\",\"numberOfEmployees\":{\"@type\":\"QuantitativeValue\",\"value\":5},\"logo\":{\"@type\":\"ImageObject\",\"url\":\"https:\\\/\\\/noca.art\\\/wp-content\\\/uploads\\\/2025\\\/10\\\/noca.png\",\"@id\":\"https:\\\/\\\/noca.art\\\/hu\\\/noca-kids\\\/#organizationLogo\",\"width\":500,\"height\":514,\"caption\":\"NOCA Oradea\"},\"image\":{\"@id\":\"https:\\\/\\\/noca.art\\\/hu\\\/noca-kids\\\/#organizationLogo\"},\"sameAs\":[\"https:\\\/\\\/www.facebook.com\\\/noca.oradea\",\"https:\\\/\\\/www.instagram.com\\\/noca_oradea\"],\"address\":{\"@id\":\"https:\\\/\\\/noca.art\\\/hu\\\/#postaladdress\",\"@type\":\"PostalAddress\",\"streetAddress\":\", Strada Independen\\u021bei nr. 20\",\"addressLocality\":\"Oradea\",\"addressRegion\":\"Bihor\",\"addressCountry\":\"RO\"}},{\"@type\":\"WebPage\",\"@id\":\"https:\\\/\\\/noca.art\\\/hu\\\/noca-kids\\\/#webpage\",\"url\":\"https:\\\/\\\/noca.art\\\/hu\\\/noca-kids\\\/\",\"name\":\"NOCA kids - NOCA New Oradea Contemporary Art\",\"description\":\"NOCA kids este programul de educa\\u021bie cultural\\u0103 al New Oradea Contemporary Art, dedicat copiilor, adolescen\\u021bilor \\u0219i familiilor. Credem c\\u0103 cei mici pot \\u00eent\\u00e2lni arta contemporan\\u0103 aici \\u0219i acum, prin joac\\u0103, curiozitate, conversa\\u021bie \\u0219i experiment. La NOCA kids, copiii nu primesc r\\u0103spunsuri gata f\\u0103cute. Sunt invita\\u021bi s\\u0103 observe, s\\u0103 pun\\u0103 \\u00eentreb\\u0103ri, s\\u0103 \\u00eencerce, s\\u0103 gre\\u0219easc\\u0103 \\u0219i\",\"inLanguage\":\"hu-HU\",\"isPartOf\":{\"@id\":\"https:\\\/\\\/noca.art\\\/hu\\\/#website\"},\"breadcrumb\":{\"@id\":\"https:\\\/\\\/noca.art\\\/hu\\\/noca-kids\\\/#breadcrumblist\"},\"datePublished\":\"2026-03-11T15:52:01+02:00\",\"dateModified\":\"2026-03-12T16:15:48+02:00\"},{\"@type\":\"WebSite\",\"@id\":\"https:\\\/\\\/noca.art\\\/hu\\\/#website\",\"url\":\"https:\\\/\\\/noca.art\\\/hu\\\/\",\"name\":\"NOCA New Oradea Contemporary Art\",\"description\":\"Centru de art\\u0103 contemporan\\u0103 Oradea\",\"inLanguage\":\"hu-HU\",\"publisher\":{\"@id\":\"https:\\\/\\\/noca.art\\\/hu\\\/#organization\"}}]}\n\t\t<\/script>\n\t\t<!-- All in One SEO Pro -->\r\n\t\t<title>NOCA kids - NOCA New Oradea Contemporary Art<\/title>\n\n","aioseo_head_json":{"title":"NOCA gyerekek - NOCA New Oradea Contemporary Art","description":"A NOCA kids a New Oradea Kort\u00e1rs M\u0171v\u00e9szetek kultur\u00e1lis oktat\u00e1si programja, amely gyermekeknek, tin\u00e9dzsereknek \u00e9s csal\u00e1doknak sz\u00f3l. Hissz\u00fck, hogy a kicsik itt \u00e9s most tal\u00e1lkozhatnak a kort\u00e1rs m\u0171v\u00e9szettel, j\u00e1t\u00e9k, k\u00edv\u00e1ncsis\u00e1g, besz\u00e9lget\u00e9s \u00e9s k\u00eds\u00e9rletez\u00e9s r\u00e9v\u00e9n. A NOCA kidsn\u00e9l a gyerekek nem kapnak k\u00e9sz v\u00e1laszokat. Arra h\u00edvjuk \u0151ket, hogy megfigyeljenek, k\u00e9rd\u00e9seket tegyenek fel, pr\u00f3b\u00e1lkozzanak, hib\u00e1zzanak \u00e9s...","canonical_url":"https:\/\/noca.art\/hu\/noca-kids\/","robots":"max-image-preview:large","keywords":"","webmasterTools":{"miscellaneous":""},"schema":{"@context":"https:\/\/schema.org","@graph":[{"@type":"BreadcrumbList","@id":"https:\/\/noca.art\/hu\/noca-kids\/#breadcrumblist","itemListElement":[{"@type":"ListItem","@id":"https:\/\/noca.art\/hu#listItem","position":1,"name":"Home","item":"https:\/\/noca.art\/hu","nextItem":{"@type":"ListItem","@id":"https:\/\/noca.art\/hu\/noca-kids\/#listItem","name":"NOCA kids"}},{"@type":"ListItem","@id":"https:\/\/noca.art\/hu\/noca-kids\/#listItem","position":2,"name":"NOCA kids","previousItem":{"@type":"ListItem","@id":"https:\/\/noca.art\/hu#listItem","name":"Home"}}]},{"@type":"Organization","@id":"https:\/\/noca.art\/hu\/#organization","name":"NOCA New Oradea Contemporary Art","description":"Centru de art\u0103 contemporan\u0103 Oradea","url":"https:\/\/noca.art\/hu\/","email":"hello@noca.art","telephone":"+40715530655","foundingDate":"2025-10-21","numberOfEmployees":{"@type":"QuantitativeValue","value":5},"logo":{"@type":"ImageObject","url":"https:\/\/noca.art\/wp-content\/uploads\/2025\/10\/noca.png","@id":"https:\/\/noca.art\/hu\/noca-kids\/#organizationLogo","width":500,"height":514,"caption":"NOCA Oradea"},"image":{"@id":"https:\/\/noca.art\/hu\/noca-kids\/#organizationLogo"},"sameAs":["https:\/\/www.facebook.com\/noca.oradea","https:\/\/www.instagram.com\/noca_oradea"],"address":{"@id":"https:\/\/noca.art\/hu\/#postaladdress","@type":"PostalAddress","streetAddress":", Strada Independen\u021bei nr. 20","addressLocality":"Oradea","addressRegion":"Bihor","addressCountry":"RO"}},{"@type":"WebPage","@id":"https:\/\/noca.art\/hu\/noca-kids\/#webpage","url":"https:\/\/noca.art\/hu\/noca-kids\/","name":"NOCA kids - NOCA New Oradea Contemporary Art","description":"NOCA kids este programul de educa\u021bie cultural\u0103 al New Oradea Contemporary Art, dedicat copiilor, adolescen\u021bilor \u0219i familiilor. Credem c\u0103 cei mici pot \u00eent\u00e2lni arta contemporan\u0103 aici \u0219i acum, prin joac\u0103, curiozitate, conversa\u021bie \u0219i experiment. La NOCA kids, copiii nu primesc r\u0103spunsuri gata f\u0103cute. Sunt invita\u021bi s\u0103 observe, s\u0103 pun\u0103 \u00eentreb\u0103ri, s\u0103 \u00eencerce, s\u0103 gre\u0219easc\u0103 \u0219i","inLanguage":"hu-HU","isPartOf":{"@id":"https:\/\/noca.art\/hu\/#website"},"breadcrumb":{"@id":"https:\/\/noca.art\/hu\/noca-kids\/#breadcrumblist"},"datePublished":"2026-03-11T15:52:01+02:00","dateModified":"2026-03-12T16:15:48+02:00"},{"@type":"WebSite","@id":"https:\/\/noca.art\/hu\/#website","url":"https:\/\/noca.art\/hu\/","name":"NOCA New Oradea Contemporary Art","description":"Centru de art\u0103 contemporan\u0103 Oradea","inLanguage":"hu-HU","publisher":{"@id":"https:\/\/noca.art\/hu\/#organization"}}]},"og:locale":"hu_HU","og:site_name":"NOCA New Oradea Contemporary Art - Centru de art\u0103 contemporan\u0103 Oradea","og:type":"article","og:title":"NOCA kids - NOCA New Oradea Contemporary Art","og:description":"NOCA kids este programul de educa\u021bie cultural\u0103 al New Oradea Contemporary Art, dedicat copiilor, adolescen\u021bilor \u0219i familiilor. Credem c\u0103 cei mici pot \u00eent\u00e2lni arta contemporan\u0103 aici \u0219i acum, prin joac\u0103, curiozitate, conversa\u021bie \u0219i experiment. La NOCA kids, copiii nu primesc r\u0103spunsuri gata f\u0103cute. Sunt invita\u021bi s\u0103 observe, s\u0103 pun\u0103 \u00eentreb\u0103ri, s\u0103 \u00eencerce, s\u0103 gre\u0219easc\u0103 \u0219i","og:url":"https:\/\/noca.art\/hu\/noca-kids\/","article:published_time":"2026-03-11T13:52:01+00:00","article:modified_time":"2026-03-12T14:15:48+00:00","article:publisher":"https:\/\/www.facebook.com\/noca.oradea","twitter:card":"summary_large_image","twitter:title":"NOCA kids - NOCA New Oradea Contemporary Art","twitter:description":"NOCA kids este programul de educa\u021bie cultural\u0103 al New Oradea Contemporary Art, dedicat copiilor, adolescen\u021bilor \u0219i familiilor. Credem c\u0103 cei mici pot \u00eent\u00e2lni arta contemporan\u0103 aici \u0219i acum, prin joac\u0103, curiozitate, conversa\u021bie \u0219i experiment. La NOCA kids, copiii nu primesc r\u0103spunsuri gata f\u0103cute. Sunt invita\u021bi s\u0103 observe, s\u0103 pun\u0103 \u00eentreb\u0103ri, s\u0103 \u00eencerce, s\u0103 gre\u0219easc\u0103 \u0219i"},"aioseo_meta_data":{"post_id":"236","title":null,"description":null,"keywords":null,"keyphrases":{"focus":{"keyphrase":"","score":0,"analysis":{"keyphraseInTitle":{"score":0,"maxScore":9,"error":1}}},"additional":[]},"primary_term":null,"canonical_url":null,"og_title":null,"og_description":null,"og_object_type":"default","og_image_type":"default","og_image_url":null,"og_image_width":null,"og_image_height":null,"og_image_custom_url":null,"og_image_custom_fields":null,"og_video":"","og_custom_url":null,"og_article_section":null,"og_article_tags":null,"twitter_use_og":false,"twitter_card":"default","twitter_image_type":"default","twitter_image_url":null,"twitter_image_custom_url":null,"twitter_image_custom_fields":null,"twitter_title":null,"twitter_description":null,"schema":{"blockGraphs":[],"customGraphs":[],"default":{"data":{"Article":[],"Course":[],"Dataset":[],"FAQPage":[],"Movie":[],"Person":[],"Product":[],"ProductReview":[],"Car":[],"Recipe":[],"Service":[],"SoftwareApplication":[],"WebPage":[]},"graphName":"WebPage","isEnabled":true},"graphs":[]},"schema_type":"default","schema_type_options":null,"pillar_content":false,"robots_default":true,"robots_noindex":false,"robots_noarchive":false,"robots_nosnippet":false,"robots_nofollow":false,"robots_noimageindex":false,"robots_noodp":false,"robots_notranslate":false,"robots_max_snippet":"-1","robots_max_videopreview":"-1","robots_max_imagepreview":"large","priority":null,"frequency":"default","local_seo":null,"seo_analyzer_scan_date":"2026-03-12 14:39:29","breadcrumb_settings":null,"limit_modified_date":false,"open_ai":null,"ai":{"faqs":[],"keyPoints":[],"titles":[],"descriptions":[],"socialPosts":{"email":[],"linkedin":[],"twitter":[],"facebook":[],"instagram":[]}},"created":"2026-03-11 13:51:16","updated":"2026-03-12 14:41:07"},"aioseo_breadcrumb":"<div class=\"aioseo-breadcrumbs\"><span class=\"aioseo-breadcrumb\">\n\t<a href=\"https:\/\/noca.art\/hu\" title=\"Home\">Home<\/a>\n<\/span><span class=\"aioseo-breadcrumb-separator\">\u00bb<\/span><span class=\"aioseo-breadcrumb\">\n\tNOCA kids\n<\/span><\/div>","aioseo_breadcrumb_json":[{"label":"Home","link":"https:\/\/noca.art\/hu"},{"label":"NOCA kids","link":"https:\/\/noca.art\/hu\/noca-kids\/"}],"_links":{"self":[{"href":"https:\/\/noca.art\/hu\/wp-json\/wp\/v2\/pages\/236","targetHints":{"allow":["GET"]}}],"collection":[{"href":"https:\/\/noca.art\/hu\/wp-json\/wp\/v2\/pages"}],"about":[{"href":"https:\/\/noca.art\/hu\/wp-json\/wp\/v2\/types\/page"}],"author":[{"embeddable":true,"href":"https:\/\/noca.art\/hu\/wp-json\/wp\/v2\/users\/1"}],"replies":[{"embeddable":true,"href":"https:\/\/noca.art\/hu\/wp-json\/wp\/v2\/comments?post=236"}],"version-history":[{"count":3,"href":"https:\/\/noca.art\/hu\/wp-json\/wp\/v2\/pages\/236\/revisions"}],"predecessor-version":[{"id":297,"href":"https:\/\/noca.art\/hu\/wp-json\/wp\/v2\/pages\/236\/revisions\/297"}],"wp:attachment":[{"href":"https:\/\/noca.art\/hu\/wp-json\/wp\/v2\/media?parent=236"}],"curies":[{"name":"munkaf\u00fczet","href":"https:\/\/api.w.org\/{rel}","templated":true}]}}