{"id":180,"date":"2025-10-14T23:24:09","date_gmt":"2025-10-14T20:24:09","guid":{"rendered":"https:\/\/noca.art\/?page_id=180"},"modified":"2026-03-13T10:40:33","modified_gmt":"2026-03-13T08:40:33","slug":"suti-szabalyzat","status":"publish","type":"page","link":"https:\/\/noca.art\/hu\/politica-cookies\/","title":{"rendered":"S\u00fctikre vonatkoz\u00f3 szab\u00e1lyzat"},"content":{"rendered":"<p data-start=\"52\" data-end=\"89\">Utols\u00f3 friss\u00edt\u00e9s: 2025. okt\u00f3ber 16.<\/p>\n<h3 data-start=\"91\" data-end=\"108\">1. Kik vagyunk<\/h3>\n<p data-start=\"109\" data-end=\"438\">Ezt az oldalt a k\u00f6vetkez\u0151 kezeli: <strong data-start=\"140\" data-end=\"207\">Bihar megye t\u00f6rt\u00e9nelmi eml\u00e9keinek v\u00e9delm\u00e9\u00e9rt felel\u0151s alap\u00edtv\u00e1ny (Nagyv\u00e1radi \u00d6r\u00f6ks\u00e9g)<\/strong>, non-profit alap\u00edtv\u00e1ny, sz\u00e9khelye Nagyv\u00e1rad, Iosif Vulcan utca sz. 11, Bihar megye, CUI RO 17394856, k\u00e9pviseli Mr. <strong data-start=\"331\" data-end=\"370\">Chira Alexandru \u2013 \u00fcgyvezet\u0151 igazgat\u00f3<\/strong>.<br data-start=\"371\" data-end=\"374\" \/>\u00c9rintkez\u00e9s: <strong data-start=\"383\" data-end=\"393\">Mozg\u00f3:<\/strong> +40 771 553 0655 \u2022 <strong data-start=\"413\" data-end=\"423\">Email:<\/strong> <a class=\"decorated-link cursor-pointer\" rel=\"noopener\" data-start=\"424\" data-end=\"438\">hello@noca.art<\/a><\/p>\n<h3 data-start=\"440\" data-end=\"466\">2. Mik azok a s\u00fctik?<\/h3>\n<p data-start=\"467\" data-end=\"716\">A s\u00fctik kis sz\u00f6veges f\u00e1jlok, amelyek az \u00d6n eszk\u00f6z\u00e9n t\u00e1rol\u00f3dnak, amikor megl\u00e1togat egy weboldalt. Ezek lehet\u0151v\u00e9 teszik a weboldal sz\u00e1m\u00e1ra, hogy id\u0151vel megjegyezze a m\u0171veleteket \u00e9s a be\u00e1ll\u00edt\u00e1sokat (pl. bejelentkez\u00e9s, nyelv), \u00e9s seg\u00edtenek meg\u00e9rteni, hogyan haszn\u00e1lj\u00e1k a weboldalt.<\/p>\n<h3 data-start=\"718\" data-end=\"748\">3. Ki helyez el s\u00fctiket<\/h3>\n<ul data-start=\"749\" data-end=\"916\">\n<li data-start=\"749\" data-end=\"808\">\n<p data-start=\"751\" data-end=\"808\"><strong data-start=\"751\" data-end=\"787\">Els\u0151dleges s\u00fctik<\/strong>: noca.art \u00e1ll\u00edtotta be.<\/p>\n<\/li>\n<li data-start=\"809\" data-end=\"916\">\n<p data-start=\"811\" data-end=\"916\"><strong data-start=\"811\" data-end=\"845\">Harmadik f\u00e9lt\u0151l sz\u00e1rmaz\u00f3 s\u00fctik<\/strong>: a weboldalba integr\u00e1lt harmadik f\u00e9lt\u0151l sz\u00e1rmaz\u00f3 szolg\u00e1ltat\u00e1sok be\u00e1ll\u00edt\u00e1sai (pl. Google Analytics).<\/p>\n<\/li>\n<\/ul>\n<h3 data-start=\"918\" data-end=\"955\">4. Milyen t\u00edpus\u00fa s\u00fctiket haszn\u00e1lunk?<\/h3>\n<ul data-start=\"956\" data-end=\"1344\">\n<li data-start=\"956\" data-end=\"1118\">\n<p data-start=\"958\" data-end=\"1118\"><strong data-start=\"958\" data-end=\"970\">K\u00cdV\u00c1NT<\/strong>: elengedhetetlenek a weboldal m\u0171k\u00f6d\u00e9s\u00e9hez \u00e9s a s\u00fctikre vonatkoz\u00f3 hozz\u00e1j\u00e1rul\u00e1sok kezel\u00e9s\u00e9hez. Ezeket nem lehet letiltani a rendszereinkb\u0151l.<\/p>\n<\/li>\n<li data-start=\"1119\" data-end=\"1344\">\n<p data-start=\"1121\" data-end=\"1344\"><strong data-start=\"1121\" data-end=\"1134\">Analitika<\/strong>: seg\u00edt meg\u00e9rteni, hogyan haszn\u00e1lj\u00e1k a webhelyet (megl\u00e1togatott oldalak, interakci\u00f3k), hogy jav\u00edthassuk a felhaszn\u00e1l\u00f3i \u00e9lm\u00e9nyt. Az adatokat \u00f6sszes\u00edtj\u00fck \u00e9s anonimiz\u00e1ljuk; ezeket a s\u00fctiket nem haszn\u00e1ljuk az \u00d6n k\u00f6zvetlen azonos\u00edt\u00e1s\u00e1ra.<\/p>\n<\/li>\n<\/ul>\n<p data-start=\"1346\" data-end=\"1425\">Jelenleg NEM haszn\u00e1lunk viselked\u00e9salap\u00fa marketing\/hirdet\u00e9si s\u00fctiket.<\/p>\n<h3 data-start=\"1427\" data-end=\"1466\">5. A noca.art oldalon haszn\u00e1lt s\u00fctik<\/h3>\n<h3 data-start=\"1468\" data-end=\"1492\">A. Sz\u00fcks\u00e9ges s\u00fctik<\/h3>\n<div class=\"_tableContainer_1rjym_1\">\n<div class=\"group _tableWrapper_1rjym_13 flex w-fit flex-col-reverse\" tabindex=\"-1\">\n<table class=\"w-fit min-w-(--thread-content-width)\" data-start=\"1493\" data-end=\"1756\">\n<thead data-start=\"1493\" data-end=\"1528\">\n<tr data-start=\"1493\" data-end=\"1528\">\n<th data-start=\"1493\" data-end=\"1500\" data-col-size=\"sm\">N\u00e9v<\/th>\n<th data-start=\"1500\" data-end=\"1511\" data-col-size=\"sm\">SZOLG\u00c1LTAT\u00d3<\/th>\n<th data-start=\"1511\" data-end=\"1518\" data-col-size=\"lg\">Hat\u00f3k\u00f6r<\/th>\n<th data-start=\"1518\" data-end=\"1528\" data-col-size=\"sm\">Id\u0151tartam<\/th>\n<\/tr>\n<\/thead>\n<tbody data-start=\"1547\" data-end=\"1756\">\n<tr data-start=\"1547\" data-end=\"1756\">\n<td data-start=\"1547\" data-end=\"1571\" data-col-size=\"sm\"><code data-start=\"1549\" data-end=\"1570\">s\u00fctiadmin_hozz\u00e1j\u00e1rul\u00e1s<\/code><\/td>\n<td data-col-size=\"sm\" data-start=\"1571\" data-end=\"1582\">noca.art<\/td>\n<td data-col-size=\"lg\" data-start=\"1582\" data-end=\"1744\">T\u00e1rolja a WordPress CookieAdmin b\u0151v\u00edtm\u00e9ny\u00e9n kereszt\u00fcl be\u00e1ll\u00edtott hozz\u00e1j\u00e1rul\u00e1si opci\u00f3kat, hogy a k\u00e9s\u0151bbi l\u00e1togat\u00e1sok sor\u00e1n figyelembe vegy\u00e9k a preferenci\u00e1idat.<\/td>\n<td data-col-size=\"sm\" data-start=\"1744\" data-end=\"1756\">365 nap<\/td>\n<\/tr>\n<\/tbody>\n<\/table>\n<\/div>\n<\/div>\n<h3 data-start=\"1758\" data-end=\"1783\">B. Analitikai s\u00fctik<\/h3>\n<div class=\"_tableContainer_1rjym_1\">\n<div class=\"group _tableWrapper_1rjym_13 flex w-fit flex-col-reverse\" tabindex=\"-1\">\n<table class=\"w-fit min-w-(--thread-content-width)\" data-start=\"1784\" data-end=\"2062\">\n<thead data-start=\"1784\" data-end=\"1819\">\n<tr data-start=\"1784\" data-end=\"1819\">\n<th data-start=\"1784\" data-end=\"1791\" data-col-size=\"sm\">N\u00e9v<\/th>\n<th data-start=\"1791\" data-end=\"1802\" data-col-size=\"sm\">SZOLG\u00c1LTAT\u00d3<\/th>\n<th data-start=\"1802\" data-end=\"1809\" data-col-size=\"md\">Hat\u00f3k\u00f6r<\/th>\n<th data-start=\"1809\" data-end=\"1819\" data-col-size=\"sm\">Id\u0151tartam<\/th>\n<\/tr>\n<\/thead>\n<tbody data-start=\"1838\" data-end=\"2062\">\n<tr data-start=\"1838\" data-end=\"1946\">\n<td data-start=\"1838\" data-end=\"1846\" data-col-size=\"sm\"><code data-start=\"1840\" data-end=\"1845\">_ga<\/code><\/td>\n<td data-col-size=\"sm\" data-start=\"1846\" data-end=\"1865\">Google Analytics<\/td>\n<td data-col-size=\"md\" data-start=\"1865\" data-end=\"1934\">Az azonos\u00edt\u00f3 a felhaszn\u00e1l\u00f3k statisztikai c\u00e9l\u00fa megk\u00fcl\u00f6nb\u00f6ztet\u00e9s\u00e9re szolg\u00e1l.<\/td>\n<td data-col-size=\"sm\" data-start=\"1934\" data-end=\"1946\">365 nap<\/td>\n<\/tr>\n<tr data-start=\"1947\" data-end=\"2062\">\n<td data-start=\"1947\" data-end=\"1956\" data-col-size=\"sm\"><code data-start=\"1949\" data-end=\"1955\">_ga_<\/code><\/td>\n<td data-col-size=\"sm\" data-start=\"1956\" data-end=\"1975\">Google Analytics<\/td>\n<td data-col-size=\"md\" data-start=\"1975\" data-end=\"2050\">Azonos\u00edt\u00f3, amely a munkamenet fenntart\u00e1s\u00e1hoz \u00e9s a webhelyen v\u00e9gzett interakci\u00f3k m\u00e9r\u00e9s\u00e9hez szolg\u00e1l.<\/td>\n<td data-col-size=\"sm\" data-start=\"2050\" data-end=\"2062\">365 nap<\/td>\n<\/tr>\n<\/tbody>\n<\/table>\n<\/div>\n<\/div>\n<blockquote data-start=\"2064\" data-end=\"2165\">\n<p data-start=\"2066\" data-end=\"2165\">Megjegyz\u00e9s: Az analitikai s\u00fctik csak akkor ker\u00fclnek be\u00e1ll\u00edt\u00e1sra, ha \u00d6n kifejezi hozz\u00e1j\u00e1rul\u00e1s\u00e1t a hozz\u00e1j\u00e1rul\u00e1si s\u00e1vban.<\/p>\n<\/blockquote>\n<h3 data-start=\"2167\" data-end=\"2201\">6. Az adatkezel\u00e9s jogalapja<\/h3>\n<ul data-start=\"2202\" data-end=\"2442\">\n<li data-start=\"2202\" data-end=\"2330\">\n<p data-start=\"2204\" data-end=\"2330\"><strong data-start=\"2204\" data-end=\"2227\">Sz\u00fcks\u00e9ges s\u00fctik<\/strong>az \u00fczemeltet\u0151 jogos \u00e9rdeke a weboldal m\u0171k\u00f6d\u00e9s\u00e9nek biztos\u00edt\u00e1s\u00e1ra (GDPR 6. cikk (1) bekezd\u00e9s f) pont).<\/p>\n<\/li>\n<li data-start=\"2331\" data-end=\"2442\">\n<p data-start=\"2333\" data-end=\"2442\"><strong data-start=\"2333\" data-end=\"2357\">Analitikai s\u00fctik<\/strong>az \u00d6n hozz\u00e1j\u00e1rul\u00e1sa (a GDPR 6. cikk (1) bekezd\u00e9s\u00e9nek pontja), amelyet b\u00e1rmikor visszavonhat.<\/p>\n<\/li>\n<\/ul>\n<h3 data-start=\"2444\" data-end=\"2483\">7. Hogyan kezelheti a hozz\u00e1j\u00e1rul\u00e1s\u00e1t<\/h3>\n<ul data-start=\"2484\" data-end=\"2823\">\n<li data-start=\"2484\" data-end=\"2550\">\n<p data-start=\"2486\" data-end=\"2550\">Els\u0151 l\u00e1togat\u00e1skor egy banner jelenik meg a be\u00e1ll\u00edt\u00e1sok megad\u00e1s\u00e1hoz.<\/p>\n<\/li>\n<li data-start=\"2551\" data-end=\"2706\">\n<p data-start=\"2553\" data-end=\"2706\">Hozz\u00e1j\u00e1rul\u00e1s\u00e1t k\u00e9s\u0151bb m\u00f3dos\u00edthatja vagy visszavonhatja a weboldalon megjelen\u0151 s\u00fctibe\u00e1ll\u00edt\u00e1sok gombbal\/ikonnal, vagy a s\u00fctik b\u00f6ng\u00e9sz\u0151b\u0151l val\u00f3 t\u00f6rl\u00e9s\u00e9vel.<\/p>\n<\/li>\n<li data-start=\"2707\" data-end=\"2823\">\n<p data-start=\"2709\" data-end=\"2823\">A s\u00fctiket k\u00f6zvetlen\u00fcl a b\u00f6ng\u00e9sz\u0151 be\u00e1ll\u00edt\u00e1saiban blokkolhatja\/t\u00f6r\u00f6lheti (a pontos utas\u00edt\u00e1sok b\u00f6ng\u00e9sz\u0151t\u0151l f\u00fcgg\u0151en v\u00e1ltoznak).<\/p>\n<\/li>\n<\/ul>\n<blockquote data-start=\"2825\" data-end=\"2899\">\n<p data-start=\"2827\" data-end=\"2899\">A sz\u00fcks\u00e9ges s\u00fctik letilt\u00e1sa befoly\u00e1solhatja a weboldal m\u0171k\u00f6d\u00e9s\u00e9t.<\/p>\n<\/blockquote>\n<h3 data-start=\"2901\" data-end=\"2944\">8. Harmadik f\u00e9l szolg\u00e1ltat\u00e1sai \u00e9s adat\u00e1tvitel<\/h3>\n<p data-start=\"2945\" data-end=\"3303\">A forgalomelemz\u00e9shez haszn\u00e1ljuk <strong data-start=\"2979\" data-end=\"2999\">Google Analytics<\/strong>, amelyet a Google LLC biztos\u00edt. Az adatok az EGT-n k\u00edv\u00fclre is tov\u00e1bb\u00edthat\u00f3k. Adott esetben a megfelel\u0151 jogi eszk\u00f6z\u00f6k (pl. \u00e1ltal\u00e1nos szerz\u0151d\u00e9si felt\u00e9telek) \u00e9rv\u00e9nyesek. Nem haszn\u00e1ljuk a Google Analytics szolg\u00e1ltat\u00e1st egy\u00e9ni marketingprofilok l\u00e9trehoz\u00e1s\u00e1ra, \u00e9s nem kombin\u00e1ljuk az analitikai adatokat olyan adatokkal, amelyek k\u00f6zvetlen\u00fcl azonos\u00edtj\u00e1k \u00d6nt.<\/p>\n<h3 data-start=\"3305\" data-end=\"3330\">9. T\u00e1rol\u00e1si id\u0151szakok<\/h3>\n<p data-start=\"3331\" data-end=\"3488\">A t\u00e1rol\u00e1si id\u0151szakokat a fenti t\u00e1bl\u00e1zatok mutatj\u00e1k. Lej\u00e1rat ut\u00e1n a s\u00fctik automatikusan t\u00f6rl\u0151dnek. Manu\u00e1lisan is t\u00f6r\u00f6lheti \u0151ket b\u00e1rmikor a b\u00f6ng\u00e9sz\u0151j\u00e9b\u0151l.<\/p>\n<h3 data-start=\"3490\" data-end=\"3519\">10. Az \u00d6n jogai (GDPR)<\/h3>\n<p data-start=\"3520\" data-end=\"3817\">\u00d6nnek joga van hozz\u00e1f\u00e9rni, helyesb\u00edteni, t\u00f6r\u00f6lni, korl\u00e1tozni, hordozhat\u00f3s\u00e1ghoz, kifog\u00e1st emelni, valamint joga van visszavonni a hozz\u00e1j\u00e1rul\u00e1s\u00e1t az analitikai s\u00fctikhez. \u00d6nnek joga van panaszt beny\u00fajtani a k\u00f6vetkez\u0151h\u00f6z: <strong data-start=\"3732\" data-end=\"3816\">Szem\u00e9lyes Adatok Feldolgoz\u00e1s\u00e1t Fel\u00fcgyel\u0151 Nemzeti Hat\u00f3s\u00e1g<\/strong>.<\/p>\n<p data-start=\"3819\" data-end=\"3911\">Jogainak gyakorl\u00e1s\u00e1hoz: <strong data-start=\"3851\" data-end=\"3869\"><a class=\"decorated-link cursor-pointer\" rel=\"noopener\" data-start=\"3853\" data-end=\"3867\">hello@noca.art<\/a><\/strong> vagy postai \u00faton az 1. szakaszban szerepl\u0151 c\u00edmre.<\/p>\n<h3 data-start=\"3913\" data-end=\"3944\">11. Szab\u00e1lyzatv\u00e1ltoz\u00e1sok<\/h3>\n<p data-start=\"3945\" data-end=\"4139\">Jogi vagy m\u0171k\u00f6d\u00e9si v\u00e1ltoz\u00e1sok miatt friss\u00edthetj\u00fck ezt a szab\u00e1lyzatot. A v\u00e1ltoz\u00e1sokat ezen az oldalon tessz\u00fck k\u00f6zz\u00e9, a dokumentum elej\u00e9n tal\u00e1lhat\u00f3 d\u00e1tummal friss\u00edtve.<\/p>","protected":false},"excerpt":{"rendered":"<p>Ultima actualizare: 16 octombrie 2025 1. Cine suntem Acest site este administrat de Funda\u021bia de Protejare a Monumentelor Istorice din Jude\u021bul Bihor (Oradea Heritage), funda\u021bie non-profit, cu sediul \u00een Oradea, str. Iosif Vulcan nr. 11, jud. Bihor, CUI RO 17394856, reprezentat\u0103 prin domnul Chira Alexandru \u2013 director executiv.Contact: Mobil: +40 771 553 0655 \u2022 Email: [&hellip;]<\/p>\n","protected":false},"author":1,"featured_media":0,"parent":0,"menu_order":0,"comment_status":"closed","ping_status":"closed","template":"","meta":{"_acf_changed":false,"footnotes":""},"class_list":["post-180","page","type-page","status-publish","hentry"],"acf":[],"aioseo_notices":[],"_links":{"self":[{"href":"https:\/\/noca.art\/hu\/wp-json\/wp\/v2\/pages\/180","targetHints":{"allow":["GET"]}}],"collection":[{"href":"https:\/\/noca.art\/hu\/wp-json\/wp\/v2\/pages"}],"about":[{"href":"https:\/\/noca.art\/hu\/wp-json\/wp\/v2\/types\/page"}],"author":[{"embeddable":true,"href":"https:\/\/noca.art\/hu\/wp-json\/wp\/v2\/users\/1"}],"replies":[{"embeddable":true,"href":"https:\/\/noca.art\/hu\/wp-json\/wp\/v2\/comments?post=180"}],"version-history":[{"count":3,"href":"https:\/\/noca.art\/hu\/wp-json\/wp\/v2\/pages\/180\/revisions"}],"predecessor-version":[{"id":344,"href":"https:\/\/noca.art\/hu\/wp-json\/wp\/v2\/pages\/180\/revisions\/344"}],"wp:attachment":[{"href":"https:\/\/noca.art\/hu\/wp-json\/wp\/v2\/media?parent=180"}],"curies":[{"name":"munkaf\u00fczet","href":"https:\/\/api.w.org\/{rel}","templated":true}]}}