{"id":88,"date":"2025-10-12T17:47:58","date_gmt":"2025-10-12T14:47:58","guid":{"rendered":"https:\/\/noca.art\/?page_id=88"},"modified":"2026-03-13T10:42:15","modified_gmt":"2026-03-13T08:42:15","slug":"visit","status":"publish","type":"page","link":"https:\/\/noca.art\/en\/viziteaza\/","title":{"rendered":"Explore"},"content":{"rendered":"<p>New Oradea Contemporary Art (NOCA) offers a professional platform for experimenting with innovative curatorial and artistic premises. Through its curated exhibition program, led by cultural entrepreneur and gallerist Suzana Vasilescu and curator Cristina Vasilescu, NOCA invites artists and audiences from diverse backgrounds and generations to reflect on what it means to live in today&#039;s society.<\/p>\n<p>The program aims to include two major exhibitions each year, along with a third dedicated to students from the University of Arts of Oradea and the surrounding region. These are accompanied by discursive and performative events that will support multidisciplinary practices, reinvigorate historical collaborations, and encourage new approaches to contemporary culture in small and medium-sized cities.<\/p>\n<p>Within the center, diverse artistic voices and disciplines converge, drawing on the vast experience of the Foundation for the Protection of Historical Monuments in Bihor County (Oradea Heritage), both as an initiator and as a key facilitator. The program will bring together local and international artists, both emerging and established, as well as rediscovered and new voices, in exhibitions and discursive programs that deepen the close relationship between art, culture and society.<\/p>\n<p>Taking a site-sensitive approach, the center aims to challenge the past, interrogate the present, and focus on the future. It also intends to foster collaborations with artistic communities in neighboring countries, basing its program on a strong local context, equally open to international exchange.<\/p>\n<p>With this in mind, New Oradea Contemporary Art (NOCA) aims to create connections between artists, galleries, art universities and museums, contributing to the development of a sustainable cultural ecosystem for contemporary art in the Bihor region and throughout Romania.<\/p>","protected":false},"excerpt":{"rendered":"<p>New Oradea Contemporary Art (NOCA) ofer\u0103 o platform\u0103 profesional\u0103 pentru experimentarea premiselor curatoriale \u0219i artistice inovatoare. Prin programul s\u0103u de expozi\u021bii curatat, condus de antreprenoarea cultural\u0103 \u0219i galerista Suzana Vasilescu \u0219i curatoarea Cristina Vasilescu, NOCA invit\u0103 arti\u0219ti \u0219i public din medii \u0219i genera\u021bii diverse s\u0103 reflecteze asupra a ceea ce \u00eenseamn\u0103 s\u0103 tr\u0103ie\u0219ti \u00een societatea [&hellip;]<\/p>\n","protected":false},"author":1,"featured_media":0,"parent":0,"menu_order":0,"comment_status":"closed","ping_status":"closed","template":"","meta":{"_acf_changed":false,"footnotes":""},"class_list":["post-88","page","type-page","status-publish","hentry"],"acf":[],"aioseo_notices":[],"aioseo_head":"\n\t\t<!-- All in One SEO Pro 4.9.6.2 - aioseo.com -->\n\t<meta name=\"description\" content=\"New Oradea Contemporary Art (NOCA) ofer\u0103 o platform\u0103 profesional\u0103 pentru experimentarea premiselor curatoriale \u0219i artistice inovatoare. Prin programul s\u0103u de expozi\u021bii curatat, condus de antreprenoarea cultural\u0103 \u0219i galerista Suzana Vasilescu \u0219i curatoarea Cristina Vasilescu, NOCA invit\u0103 arti\u0219ti \u0219i public din medii \u0219i genera\u021bii diverse s\u0103 reflecteze asupra a ceea ce \u00eenseamn\u0103 s\u0103 tr\u0103ie\u0219ti \u00een societatea\" \/>\n\t<meta name=\"robots\" content=\"max-image-preview:large\" \/>\n\t<link rel=\"canonical\" href=\"https:\/\/noca.art\/en\/viziteaza\/\" \/>\n\t<meta name=\"generator\" content=\"All in One SEO Pro (AIOSEO) 4.9.6.2\" \/>\n\t\t<meta property=\"og:locale\" content=\"en_GB\" \/>\n\t\t<meta property=\"og:site_name\" content=\"NOCA New Oradea Contemporary Art - Centru de art\u0103 contemporan\u0103 Oradea\" \/>\n\t\t<meta property=\"og:type\" content=\"article\" \/>\n\t\t<meta property=\"og:title\" content=\"Viziteaz\u0103 - NOCA New Oradea Contemporary Art\" \/>\n\t\t<meta property=\"og:description\" content=\"New Oradea Contemporary Art (NOCA) ofer\u0103 o platform\u0103 profesional\u0103 pentru experimentarea premiselor curatoriale \u0219i artistice inovatoare. Prin programul s\u0103u de expozi\u021bii curatat, condus de antreprenoarea cultural\u0103 \u0219i galerista Suzana Vasilescu \u0219i curatoarea Cristina Vasilescu, NOCA invit\u0103 arti\u0219ti \u0219i public din medii \u0219i genera\u021bii diverse s\u0103 reflecteze asupra a ceea ce \u00eenseamn\u0103 s\u0103 tr\u0103ie\u0219ti \u00een societatea\" \/>\n\t\t<meta property=\"og:url\" content=\"https:\/\/noca.art\/en\/viziteaza\/\" \/>\n\t\t<meta property=\"article:published_time\" content=\"2025-10-12T14:47:58+00:00\" \/>\n\t\t<meta property=\"article:modified_time\" content=\"2026-03-13T08:42:15+00:00\" \/>\n\t\t<meta property=\"article:publisher\" content=\"https:\/\/www.facebook.com\/noca.oradea\" \/>\n\t\t<meta name=\"twitter:card\" content=\"summary_large_image\" \/>\n\t\t<meta name=\"twitter:title\" content=\"Viziteaz\u0103 - NOCA New Oradea Contemporary Art\" \/>\n\t\t<meta name=\"twitter:description\" content=\"New Oradea Contemporary Art (NOCA) ofer\u0103 o platform\u0103 profesional\u0103 pentru experimentarea premiselor curatoriale \u0219i artistice inovatoare. Prin programul s\u0103u de expozi\u021bii curatat, condus de antreprenoarea cultural\u0103 \u0219i galerista Suzana Vasilescu \u0219i curatoarea Cristina Vasilescu, NOCA invit\u0103 arti\u0219ti \u0219i public din medii \u0219i genera\u021bii diverse s\u0103 reflecteze asupra a ceea ce \u00eenseamn\u0103 s\u0103 tr\u0103ie\u0219ti \u00een societatea\" \/>\n\t\t<script type=\"application\/ld+json\" class=\"aioseo-schema\">\n\t\t\t{\"@context\":\"https:\\\/\\\/schema.org\",\"@graph\":[{\"@type\":\"BreadcrumbList\",\"@id\":\"https:\\\/\\\/noca.art\\\/en\\\/viziteaza\\\/#breadcrumblist\",\"itemListElement\":[{\"@type\":\"ListItem\",\"@id\":\"https:\\\/\\\/noca.art\\\/en#listItem\",\"position\":1,\"name\":\"Home\",\"item\":\"https:\\\/\\\/noca.art\\\/en\",\"nextItem\":{\"@type\":\"ListItem\",\"@id\":\"https:\\\/\\\/noca.art\\\/en\\\/viziteaza\\\/#listItem\",\"name\":\"Viziteaz\\u0103\"}},{\"@type\":\"ListItem\",\"@id\":\"https:\\\/\\\/noca.art\\\/en\\\/viziteaza\\\/#listItem\",\"position\":2,\"name\":\"Viziteaz\\u0103\",\"previousItem\":{\"@type\":\"ListItem\",\"@id\":\"https:\\\/\\\/noca.art\\\/en#listItem\",\"name\":\"Home\"}}]},{\"@type\":\"Organization\",\"@id\":\"https:\\\/\\\/noca.art\\\/en\\\/#organization\",\"name\":\"NOCA New Oradea Contemporary Art\",\"description\":\"Centru de art\\u0103 contemporan\\u0103 Oradea\",\"url\":\"https:\\\/\\\/noca.art\\\/en\\\/\",\"email\":\"hello@noca.art\",\"telephone\":\"+40715530655\",\"foundingDate\":\"2025-10-21\",\"numberOfEmployees\":{\"@type\":\"QuantitativeValue\",\"value\":5},\"logo\":{\"@type\":\"ImageObject\",\"url\":\"https:\\\/\\\/noca.art\\\/wp-content\\\/uploads\\\/2025\\\/10\\\/noca.png\",\"@id\":\"https:\\\/\\\/noca.art\\\/en\\\/viziteaza\\\/#organizationLogo\",\"width\":500,\"height\":514,\"caption\":\"NOCA Oradea\"},\"image\":{\"@id\":\"https:\\\/\\\/noca.art\\\/en\\\/viziteaza\\\/#organizationLogo\"},\"sameAs\":[\"https:\\\/\\\/www.facebook.com\\\/noca.oradea\",\"https:\\\/\\\/www.instagram.com\\\/noca_oradea\"],\"address\":{\"@id\":\"https:\\\/\\\/noca.art\\\/en\\\/#postaladdress\",\"@type\":\"PostalAddress\",\"streetAddress\":\", Strada Independen\\u021bei nr. 20\",\"addressLocality\":\"Oradea\",\"addressRegion\":\"Bihor\",\"addressCountry\":\"RO\"}},{\"@type\":\"WebPage\",\"@id\":\"https:\\\/\\\/noca.art\\\/en\\\/viziteaza\\\/#webpage\",\"url\":\"https:\\\/\\\/noca.art\\\/en\\\/viziteaza\\\/\",\"name\":\"Viziteaz\\u0103 - NOCA New Oradea Contemporary Art\",\"description\":\"New Oradea Contemporary Art (NOCA) ofer\\u0103 o platform\\u0103 profesional\\u0103 pentru experimentarea premiselor curatoriale \\u0219i artistice inovatoare. Prin programul s\\u0103u de expozi\\u021bii curatat, condus de antreprenoarea cultural\\u0103 \\u0219i galerista Suzana Vasilescu \\u0219i curatoarea Cristina Vasilescu, NOCA invit\\u0103 arti\\u0219ti \\u0219i public din medii \\u0219i genera\\u021bii diverse s\\u0103 reflecteze asupra a ceea ce \\u00eenseamn\\u0103 s\\u0103 tr\\u0103ie\\u0219ti \\u00een societatea\",\"inLanguage\":\"en-GB\",\"isPartOf\":{\"@id\":\"https:\\\/\\\/noca.art\\\/en\\\/#website\"},\"breadcrumb\":{\"@id\":\"https:\\\/\\\/noca.art\\\/en\\\/viziteaza\\\/#breadcrumblist\"},\"datePublished\":\"2025-10-12T17:47:58+03:00\",\"dateModified\":\"2026-03-13T10:42:15+02:00\"},{\"@type\":\"WebSite\",\"@id\":\"https:\\\/\\\/noca.art\\\/en\\\/#website\",\"url\":\"https:\\\/\\\/noca.art\\\/en\\\/\",\"name\":\"NOCA New Oradea Contemporary Art\",\"description\":\"Centru de art\\u0103 contemporan\\u0103 Oradea\",\"inLanguage\":\"en-GB\",\"publisher\":{\"@id\":\"https:\\\/\\\/noca.art\\\/en\\\/#organization\"}}]}\n\t\t<\/script>\n\t\t<!-- All in One SEO Pro -->\r\n\t\t<title>Viziteaz\u0103 - NOCA New Oradea Contemporary Art<\/title>\n\n","aioseo_head_json":{"title":"Visit - NOCA New Oradea Contemporary Art","description":"New Oradea Contemporary Art (NOCA) offers a professional platform for experimenting with innovative curatorial and artistic premises. Through its curated exhibition program, led by cultural entrepreneur and gallerist Suzana Vasilescu and curator Cristina Vasilescu, NOCA invites artists and audiences from diverse backgrounds and generations to reflect on what it means to live in a society","canonical_url":"https:\/\/noca.art\/en\/viziteaza\/","robots":"max-image-preview:large","keywords":"","webmasterTools":{"miscellaneous":""},"schema":{"@context":"https:\/\/schema.org","@graph":[{"@type":"BreadcrumbList","@id":"https:\/\/noca.art\/en\/viziteaza\/#breadcrumblist","itemListElement":[{"@type":"ListItem","@id":"https:\/\/noca.art\/en#listItem","position":1,"name":"Home","item":"https:\/\/noca.art\/en","nextItem":{"@type":"ListItem","@id":"https:\/\/noca.art\/en\/viziteaza\/#listItem","name":"Viziteaz\u0103"}},{"@type":"ListItem","@id":"https:\/\/noca.art\/en\/viziteaza\/#listItem","position":2,"name":"Viziteaz\u0103","previousItem":{"@type":"ListItem","@id":"https:\/\/noca.art\/en#listItem","name":"Home"}}]},{"@type":"Organization","@id":"https:\/\/noca.art\/en\/#organization","name":"NOCA New Oradea Contemporary Art","description":"Centru de art\u0103 contemporan\u0103 Oradea","url":"https:\/\/noca.art\/en\/","email":"hello@noca.art","telephone":"+40715530655","foundingDate":"2025-10-21","numberOfEmployees":{"@type":"QuantitativeValue","value":5},"logo":{"@type":"ImageObject","url":"https:\/\/noca.art\/wp-content\/uploads\/2025\/10\/noca.png","@id":"https:\/\/noca.art\/en\/viziteaza\/#organizationLogo","width":500,"height":514,"caption":"NOCA Oradea"},"image":{"@id":"https:\/\/noca.art\/en\/viziteaza\/#organizationLogo"},"sameAs":["https:\/\/www.facebook.com\/noca.oradea","https:\/\/www.instagram.com\/noca_oradea"],"address":{"@id":"https:\/\/noca.art\/en\/#postaladdress","@type":"PostalAddress","streetAddress":", Strada Independen\u021bei nr. 20","addressLocality":"Oradea","addressRegion":"Bihor","addressCountry":"RO"}},{"@type":"WebPage","@id":"https:\/\/noca.art\/en\/viziteaza\/#webpage","url":"https:\/\/noca.art\/en\/viziteaza\/","name":"Viziteaz\u0103 - NOCA New Oradea Contemporary Art","description":"New Oradea Contemporary Art (NOCA) ofer\u0103 o platform\u0103 profesional\u0103 pentru experimentarea premiselor curatoriale \u0219i artistice inovatoare. Prin programul s\u0103u de expozi\u021bii curatat, condus de antreprenoarea cultural\u0103 \u0219i galerista Suzana Vasilescu \u0219i curatoarea Cristina Vasilescu, NOCA invit\u0103 arti\u0219ti \u0219i public din medii \u0219i genera\u021bii diverse s\u0103 reflecteze asupra a ceea ce \u00eenseamn\u0103 s\u0103 tr\u0103ie\u0219ti \u00een societatea","inLanguage":"en-GB","isPartOf":{"@id":"https:\/\/noca.art\/en\/#website"},"breadcrumb":{"@id":"https:\/\/noca.art\/en\/viziteaza\/#breadcrumblist"},"datePublished":"2025-10-12T17:47:58+03:00","dateModified":"2026-03-13T10:42:15+02:00"},{"@type":"WebSite","@id":"https:\/\/noca.art\/en\/#website","url":"https:\/\/noca.art\/en\/","name":"NOCA New Oradea Contemporary Art","description":"Centru de art\u0103 contemporan\u0103 Oradea","inLanguage":"en-GB","publisher":{"@id":"https:\/\/noca.art\/en\/#organization"}}]},"og:locale":"en_GB","og:site_name":"NOCA New Oradea Contemporary Art - Centru de art\u0103 contemporan\u0103 Oradea","og:type":"article","og:title":"Viziteaz\u0103 - NOCA New Oradea Contemporary Art","og:description":"New Oradea Contemporary Art (NOCA) ofer\u0103 o platform\u0103 profesional\u0103 pentru experimentarea premiselor curatoriale \u0219i artistice inovatoare. Prin programul s\u0103u de expozi\u021bii curatat, condus de antreprenoarea cultural\u0103 \u0219i galerista Suzana Vasilescu \u0219i curatoarea Cristina Vasilescu, NOCA invit\u0103 arti\u0219ti \u0219i public din medii \u0219i genera\u021bii diverse s\u0103 reflecteze asupra a ceea ce \u00eenseamn\u0103 s\u0103 tr\u0103ie\u0219ti \u00een societatea","og:url":"https:\/\/noca.art\/en\/viziteaza\/","article:published_time":"2025-10-12T14:47:58+00:00","article:modified_time":"2026-03-13T08:42:15+00:00","article:publisher":"https:\/\/www.facebook.com\/noca.oradea","twitter:card":"summary_large_image","twitter:title":"Viziteaz\u0103 - NOCA New Oradea Contemporary Art","twitter:description":"New Oradea Contemporary Art (NOCA) ofer\u0103 o platform\u0103 profesional\u0103 pentru experimentarea premiselor curatoriale \u0219i artistice inovatoare. Prin programul s\u0103u de expozi\u021bii curatat, condus de antreprenoarea cultural\u0103 \u0219i galerista Suzana Vasilescu \u0219i curatoarea Cristina Vasilescu, NOCA invit\u0103 arti\u0219ti \u0219i public din medii \u0219i genera\u021bii diverse s\u0103 reflecteze asupra a ceea ce \u00eenseamn\u0103 s\u0103 tr\u0103ie\u0219ti \u00een societatea"},"aioseo_meta_data":{"post_id":"88","title":null,"description":null,"keywords":null,"keyphrases":{"focus":{"keyphrase":"","score":0,"analysis":{"keyphraseInTitle":{"score":0,"maxScore":9,"error":1}}},"additional":[]},"primary_term":null,"canonical_url":null,"og_title":null,"og_description":null,"og_object_type":"default","og_image_type":"default","og_image_url":null,"og_image_width":null,"og_image_height":null,"og_image_custom_url":null,"og_image_custom_fields":null,"og_video":"","og_custom_url":null,"og_article_section":null,"og_article_tags":null,"twitter_use_og":false,"twitter_card":"default","twitter_image_type":"default","twitter_image_url":null,"twitter_image_custom_url":null,"twitter_image_custom_fields":null,"twitter_title":null,"twitter_description":null,"schema":{"blockGraphs":[],"customGraphs":[],"default":{"data":{"Article":[],"Course":[],"Dataset":[],"FAQPage":[],"Movie":[],"Person":[],"Product":[],"ProductReview":[],"Car":[],"Recipe":[],"Service":[],"SoftwareApplication":[],"WebPage":[]},"graphName":"WebPage","isEnabled":true},"graphs":[]},"schema_type":"default","schema_type_options":null,"pillar_content":false,"robots_default":true,"robots_noindex":false,"robots_noarchive":false,"robots_nosnippet":false,"robots_nofollow":false,"robots_noimageindex":false,"robots_noodp":false,"robots_notranslate":false,"robots_max_snippet":"-1","robots_max_videopreview":"-1","robots_max_imagepreview":"large","priority":null,"frequency":"default","local_seo":null,"seo_analyzer_scan_date":"2026-03-13 09:36:41","breadcrumb_settings":null,"limit_modified_date":false,"open_ai":null,"ai":{"faqs":[],"keyPoints":[],"titles":[],"descriptions":[],"socialPosts":{"email":[],"linkedin":[],"twitter":[],"facebook":[],"instagram":[]}},"created":"2025-10-15 09:39:38","updated":"2026-03-13 09:37:08"},"aioseo_breadcrumb":"<div class=\"aioseo-breadcrumbs\"><span class=\"aioseo-breadcrumb\">\n\t<a href=\"https:\/\/noca.art\/en\" title=\"Home\">Home<\/a>\n<\/span><span class=\"aioseo-breadcrumb-separator\">\u00bb<\/span><span class=\"aioseo-breadcrumb\">\n\tViziteaz\u0103\n<\/span><\/div>","aioseo_breadcrumb_json":[{"label":"Home","link":"https:\/\/noca.art\/en"},{"label":"Viziteaz\u0103","link":"https:\/\/noca.art\/en\/viziteaza\/"}],"_links":{"self":[{"href":"https:\/\/noca.art\/en\/wp-json\/wp\/v2\/pages\/88","targetHints":{"allow":["GET"]}}],"collection":[{"href":"https:\/\/noca.art\/en\/wp-json\/wp\/v2\/pages"}],"about":[{"href":"https:\/\/noca.art\/en\/wp-json\/wp\/v2\/types\/page"}],"author":[{"embeddable":true,"href":"https:\/\/noca.art\/en\/wp-json\/wp\/v2\/users\/1"}],"replies":[{"embeddable":true,"href":"https:\/\/noca.art\/en\/wp-json\/wp\/v2\/comments?post=88"}],"version-history":[{"count":3,"href":"https:\/\/noca.art\/en\/wp-json\/wp\/v2\/pages\/88\/revisions"}],"predecessor-version":[{"id":346,"href":"https:\/\/noca.art\/en\/wp-json\/wp\/v2\/pages\/88\/revisions\/346"}],"wp:attachment":[{"href":"https:\/\/noca.art\/en\/wp-json\/wp\/v2\/media?parent=88"}],"curies":[{"name":"wp","href":"https:\/\/api.w.org\/{rel}","templated":true}]}}