{"id":3,"date":"2025-10-07T11:24:06","date_gmt":"2025-10-07T11:24:06","guid":{"rendered":"https:\/\/noca.art\/?page_id=3"},"modified":"2026-03-13T10:39:47","modified_gmt":"2026-03-13T08:39:47","slug":"terms-and-conditions","status":"publish","type":"page","link":"https:\/\/noca.art\/en\/termeni-si-conditii\/","title":{"rendered":"Terms and Conditions"},"content":{"rendered":"<p>The Foundation for the Protection of Historical Monuments in Bihor County (Oradea Heritage), a non-profit foundation headquartered in Oradea, 11 Iosif Vulcan Street, Bihor County, CUI RO 17394856 represented by Mr. Chira Alexandru \u2013 executive director, brings to your attention the following:<\/p>\n<p>We do not use personal data for automated processing or profiling. We never make automated decisions about you. We use technical means to store data securely. We do not process data for secondary purposes incompatible with the purposes for which we collected it.<br \/>\nWe strictly respect and ensure the confidentiality of your data, which reaches us through various registration forms published on our website.<br \/>\nOn our website you will find hyperlinks that will take you directly to other external sites. We cannot assume responsibility for maintaining your privacy once external domains are accessed, as they belong to other companies.<br \/>\nWe use Google Analytics for optimization and analysis. Google Analytics uses cookies to analyze our visitors.<br \/>\nBy accessing this page, I have acknowledged and fully understood this information.<\/p>\n<p><strong>Text and image usage policy<\/strong><\/p>\n<p>This site is the exclusive property of the Foundation for the Protection of Historical Monuments in Bihor County (Oradea Heritage).<br \/>\nThe use of texts and images without the Foundation&#039;s consent is punishable according to the laws in force regarding the protection of intellectual and copyright rights.<br \/>\nIf you would like to use the information on this site, please contact us: contact@noca.art<\/p>\n<p><strong>Disclaimer<\/strong><\/p>\n<p>SC oradeaheritage Terapia SRL reserves the right to complete and modify any information on the SITE.<br \/>\nSC oradeaheritage Terapia SRL is not responsible for any damages caused as a result of the Site not functioning.<br \/>\nThe maximum amount of the Company&#039;s obligations towards any user in the event of non-delivery or improper delivery is the amount of the amounts collected by the Company from the respective buyer.<\/p>\n<p><strong>Fraud<\/strong><\/p>\n<p>Any attempt to access another user&#039;s personal data or to modify the content of the www.noca.art site, or to affect the performance of the server on which the www.noca.art site runs will be considered an attempt to defraud the www.noca.art site and will lead to the initiation of a criminal investigation against the person or persons who attempted this.<\/p>\n<p><strong>Copyright<\/strong><\/p>\n<p>The entire content of the website www.noca.art, including, but not limited to, images, texts, buttons, programs, scripts and any other data, is the property of the Foundation for the Protection of Historical Monuments in Bihor County (Oradea Heritage) and is protected under the Copyright Law and the laws on intellectual and industrial property rights. The use without the written consent of the Foundation for the Protection of Historical Monuments in Bihor County (Oradea Heritage) of any of the elements listed above is punishable under the laws in force.<\/p>\n<p>To report issues related to intellectual property rights, please contact us at the email address: contact@noca.art<\/p>\n<p><strong>Force majeure<\/strong><\/p>\n<p>Neither party shall be liable for the failure to perform its contractual obligations if such failure is due to a force majeure event. Force majeure is an unforeseeable event, beyond the control of the parties and which cannot be avoided.<\/p>\n<p><strong>Use of cookies<\/strong><\/p>\n<p>See COOKIE POLICY.<\/p>\n<p><strong>Personal data<\/strong><\/p>\n<p>The information of the users of the website www.noca.art is confidential and may only be used for commercial communications with its partners for the legitimate purpose of responding to customer requests or sending the newsletter. Any specific data regarding the situation and status of the contacts can be obtained by contacting us online, at the coordinates contained in this website.<\/p>\n<p>The processing of personal data is carried out in accordance with Law No. 677\/2001 on the protection of individuals with regard to the processing of personal data and on the free movement of such data and with Regulation (EU) 2016\/679 of the European Parliament on the protection of natural persons with regard to the processing of personal data (GDPR).<\/p>\n<p><strong>More information about Data Privacy<\/strong><\/p>\n<p>To report issues related to the protection of personal data, please contact us at: contact@noca.art<\/p>\n<p><strong>Security of personal data and information<\/strong><\/p>\n<p>The personal data entered by the user will be used by oradeaheritage only for the stated purpose of this site. The information in the forms is necessary to be able to contact.<\/p>\n<p>The website www.noca.art uses security measures against the loss, alteration or misuse of information under the Company&#039;s control.<\/p>","protected":false},"excerpt":{"rendered":"<p>Funda\u021bia de Protejare a Monumentelor Istorice din Jude\u021bul Bihor (Oradea Heritage), funda\u021bie non-profit cu sediul \u00een Oradea, str. Iosif Vulcan, nr.11, jude\u021bul Bihor, CUI RO 17394856 reprezentat\u0103 prin domnul Chira Alexandru \u2013 director executiv, v\u0103 aduce la cuno\u0219tin\u021b\u0103 urm\u0103toarele: Nu utiliz\u0103m datele cu caracter personal pentru prelucrare automatizat\u0103 s\u0326i nici pentru realizarea de profile. Nu [&hellip;]<\/p>\n","protected":false},"author":1,"featured_media":0,"parent":0,"menu_order":0,"comment_status":"closed","ping_status":"closed","template":"","meta":{"_acf_changed":false,"footnotes":""},"class_list":["post-3","page","type-page","status-publish","hentry"],"acf":[],"aioseo_notices":[],"aioseo_head":"\n\t\t<!-- All in One SEO Pro 4.9.5.2 - aioseo.com -->\n\t<meta name=\"description\" content=\"Funda\u021bia de Protejare a Monumentelor Istorice din Jude\u021bul Bihor (Oradea Heritage), funda\u021bie non-profit cu sediul \u00een Oradea, str. Iosif Vulcan, nr.11, jude\u021bul Bihor, CUI RO 17394856 reprezentat\u0103 prin domnul Chira Alexandru \u2013 director executiv, v\u0103 aduce la cuno\u0219tin\u021b\u0103 urm\u0103toarele: Nu utiliz\u0103m datele cu caracter personal pentru prelucrare automatizat\u0103 s\u0326i nici pentru realizarea de profile. Nu\" \/>\n\t<meta name=\"robots\" content=\"max-image-preview:large\" \/>\n\t<link rel=\"canonical\" href=\"https:\/\/noca.art\/en\/termeni-si-conditii\/\" \/>\n\t<meta name=\"generator\" content=\"All in One SEO Pro (AIOSEO) 4.9.5.2\" \/>\n\t\t<meta property=\"og:locale\" content=\"en_GB\" \/>\n\t\t<meta property=\"og:site_name\" content=\"NOCA New Oradea Contemporary Art - Centru de art\u0103 contemporan\u0103 Oradea\" \/>\n\t\t<meta property=\"og:type\" content=\"article\" \/>\n\t\t<meta property=\"og:title\" content=\"Termeni \u0219i Condi\u021bii - NOCA New Oradea Contemporary Art\" \/>\n\t\t<meta property=\"og:description\" content=\"Funda\u021bia de Protejare a Monumentelor Istorice din Jude\u021bul Bihor (Oradea Heritage), funda\u021bie non-profit cu sediul \u00een Oradea, str. Iosif Vulcan, nr.11, jude\u021bul Bihor, CUI RO 17394856 reprezentat\u0103 prin domnul Chira Alexandru \u2013 director executiv, v\u0103 aduce la cuno\u0219tin\u021b\u0103 urm\u0103toarele: Nu utiliz\u0103m datele cu caracter personal pentru prelucrare automatizat\u0103 s\u0326i nici pentru realizarea de profile. Nu\" \/>\n\t\t<meta property=\"og:url\" content=\"https:\/\/noca.art\/en\/termeni-si-conditii\/\" \/>\n\t\t<meta property=\"article:published_time\" content=\"2025-10-07T11:24:06+00:00\" \/>\n\t\t<meta property=\"article:modified_time\" content=\"2026-03-13T08:39:47+00:00\" \/>\n\t\t<meta property=\"article:publisher\" content=\"https:\/\/www.facebook.com\/noca.oradea\" \/>\n\t\t<meta name=\"twitter:card\" content=\"summary_large_image\" \/>\n\t\t<meta name=\"twitter:title\" content=\"Termeni \u0219i Condi\u021bii - NOCA New Oradea Contemporary Art\" \/>\n\t\t<meta name=\"twitter:description\" content=\"Funda\u021bia de Protejare a Monumentelor Istorice din Jude\u021bul Bihor (Oradea Heritage), funda\u021bie non-profit cu sediul \u00een Oradea, str. Iosif Vulcan, nr.11, jude\u021bul Bihor, CUI RO 17394856 reprezentat\u0103 prin domnul Chira Alexandru \u2013 director executiv, v\u0103 aduce la cuno\u0219tin\u021b\u0103 urm\u0103toarele: Nu utiliz\u0103m datele cu caracter personal pentru prelucrare automatizat\u0103 s\u0326i nici pentru realizarea de profile. Nu\" \/>\n\t\t<script type=\"application\/ld+json\" class=\"aioseo-schema\">\n\t\t\t{\"@context\":\"https:\\\/\\\/schema.org\",\"@graph\":[{\"@type\":\"BreadcrumbList\",\"@id\":\"https:\\\/\\\/noca.art\\\/en\\\/termeni-si-conditii\\\/#breadcrumblist\",\"itemListElement\":[{\"@type\":\"ListItem\",\"@id\":\"https:\\\/\\\/noca.art\\\/en#listItem\",\"position\":1,\"name\":\"Home\",\"item\":\"https:\\\/\\\/noca.art\\\/en\",\"nextItem\":{\"@type\":\"ListItem\",\"@id\":\"https:\\\/\\\/noca.art\\\/en\\\/termeni-si-conditii\\\/#listItem\",\"name\":\"Termeni \\u0219i Condi\\u021bii\"}},{\"@type\":\"ListItem\",\"@id\":\"https:\\\/\\\/noca.art\\\/en\\\/termeni-si-conditii\\\/#listItem\",\"position\":2,\"name\":\"Termeni \\u0219i Condi\\u021bii\",\"previousItem\":{\"@type\":\"ListItem\",\"@id\":\"https:\\\/\\\/noca.art\\\/en#listItem\",\"name\":\"Home\"}}]},{\"@type\":\"Organization\",\"@id\":\"https:\\\/\\\/noca.art\\\/en\\\/#organization\",\"name\":\"NOCA New Oradea Contemporary Art\",\"description\":\"Centru de art\\u0103 contemporan\\u0103 Oradea\",\"url\":\"https:\\\/\\\/noca.art\\\/en\\\/\",\"email\":\"hello@noca.art\",\"telephone\":\"+40715530655\",\"foundingDate\":\"2025-10-21\",\"numberOfEmployees\":{\"@type\":\"QuantitativeValue\",\"value\":5},\"logo\":{\"@type\":\"ImageObject\",\"url\":\"https:\\\/\\\/noca.art\\\/wp-content\\\/uploads\\\/2025\\\/10\\\/noca.png\",\"@id\":\"https:\\\/\\\/noca.art\\\/en\\\/termeni-si-conditii\\\/#organizationLogo\",\"width\":500,\"height\":514,\"caption\":\"NOCA Oradea\"},\"image\":{\"@id\":\"https:\\\/\\\/noca.art\\\/en\\\/termeni-si-conditii\\\/#organizationLogo\"},\"sameAs\":[\"https:\\\/\\\/www.facebook.com\\\/noca.oradea\",\"https:\\\/\\\/www.instagram.com\\\/noca_oradea\"],\"address\":{\"@id\":\"https:\\\/\\\/noca.art\\\/en\\\/#postaladdress\",\"@type\":\"PostalAddress\",\"streetAddress\":\", Strada Independen\\u021bei nr. 20\",\"addressLocality\":\"Oradea\",\"addressRegion\":\"Bihor\",\"addressCountry\":\"RO\"}},{\"@type\":\"WebPage\",\"@id\":\"https:\\\/\\\/noca.art\\\/en\\\/termeni-si-conditii\\\/#webpage\",\"url\":\"https:\\\/\\\/noca.art\\\/en\\\/termeni-si-conditii\\\/\",\"name\":\"Termeni \\u0219i Condi\\u021bii - NOCA New Oradea Contemporary Art\",\"description\":\"Funda\\u021bia de Protejare a Monumentelor Istorice din Jude\\u021bul Bihor (Oradea Heritage), funda\\u021bie non-profit cu sediul \\u00een Oradea, str. Iosif Vulcan, nr.11, jude\\u021bul Bihor, CUI RO 17394856 reprezentat\\u0103 prin domnul Chira Alexandru \\u2013 director executiv, v\\u0103 aduce la cuno\\u0219tin\\u021b\\u0103 urm\\u0103toarele: Nu utiliz\\u0103m datele cu caracter personal pentru prelucrare automatizat\\u0103 s\\u0326i nici pentru realizarea de profile. Nu\",\"inLanguage\":\"en-GB\",\"isPartOf\":{\"@id\":\"https:\\\/\\\/noca.art\\\/en\\\/#website\"},\"breadcrumb\":{\"@id\":\"https:\\\/\\\/noca.art\\\/en\\\/termeni-si-conditii\\\/#breadcrumblist\"},\"datePublished\":\"2025-10-07T11:24:06+03:00\",\"dateModified\":\"2026-03-13T10:39:47+02:00\"},{\"@type\":\"WebSite\",\"@id\":\"https:\\\/\\\/noca.art\\\/en\\\/#website\",\"url\":\"https:\\\/\\\/noca.art\\\/en\\\/\",\"name\":\"NOCA New Oradea Contemporary Art\",\"description\":\"Centru de art\\u0103 contemporan\\u0103 Oradea\",\"inLanguage\":\"en-GB\",\"publisher\":{\"@id\":\"https:\\\/\\\/noca.art\\\/en\\\/#organization\"}}]}\n\t\t<\/script>\n\t\t<!-- All in One SEO Pro -->\r\n\t\t<title>Termeni \u0219i Condi\u021bii - NOCA New Oradea Contemporary Art<\/title>\n\n","aioseo_head_json":{"title":"Terms and Conditions - NOCA New Oradea Contemporary Art","description":"The Foundation for the Protection of Historical Monuments in Bihor County (Oradea Heritage), a non-profit foundation headquartered in Oradea, str. Iosif Vulcan, no. 11, Bihor County, CUI RO 17394856 represented by Mr. Chira Alexandru \u2013 executive director, informs you of the following: We do not use personal data for automated processing or for profiling. We do not","canonical_url":"https:\/\/noca.art\/en\/termeni-si-conditii\/","robots":"max-image-preview:large","keywords":"","webmasterTools":{"miscellaneous":""},"schema":{"@context":"https:\/\/schema.org","@graph":[{"@type":"BreadcrumbList","@id":"https:\/\/noca.art\/en\/termeni-si-conditii\/#breadcrumblist","itemListElement":[{"@type":"ListItem","@id":"https:\/\/noca.art\/en#listItem","position":1,"name":"Home","item":"https:\/\/noca.art\/en","nextItem":{"@type":"ListItem","@id":"https:\/\/noca.art\/en\/termeni-si-conditii\/#listItem","name":"Termeni \u0219i Condi\u021bii"}},{"@type":"ListItem","@id":"https:\/\/noca.art\/en\/termeni-si-conditii\/#listItem","position":2,"name":"Termeni \u0219i Condi\u021bii","previousItem":{"@type":"ListItem","@id":"https:\/\/noca.art\/en#listItem","name":"Home"}}]},{"@type":"Organization","@id":"https:\/\/noca.art\/en\/#organization","name":"NOCA New Oradea Contemporary Art","description":"Centru de art\u0103 contemporan\u0103 Oradea","url":"https:\/\/noca.art\/en\/","email":"hello@noca.art","telephone":"+40715530655","foundingDate":"2025-10-21","numberOfEmployees":{"@type":"QuantitativeValue","value":5},"logo":{"@type":"ImageObject","url":"https:\/\/noca.art\/wp-content\/uploads\/2025\/10\/noca.png","@id":"https:\/\/noca.art\/en\/termeni-si-conditii\/#organizationLogo","width":500,"height":514,"caption":"NOCA Oradea"},"image":{"@id":"https:\/\/noca.art\/en\/termeni-si-conditii\/#organizationLogo"},"sameAs":["https:\/\/www.facebook.com\/noca.oradea","https:\/\/www.instagram.com\/noca_oradea"],"address":{"@id":"https:\/\/noca.art\/en\/#postaladdress","@type":"PostalAddress","streetAddress":", Strada Independen\u021bei nr. 20","addressLocality":"Oradea","addressRegion":"Bihor","addressCountry":"RO"}},{"@type":"WebPage","@id":"https:\/\/noca.art\/en\/termeni-si-conditii\/#webpage","url":"https:\/\/noca.art\/en\/termeni-si-conditii\/","name":"Termeni \u0219i Condi\u021bii - NOCA New Oradea Contemporary Art","description":"Funda\u021bia de Protejare a Monumentelor Istorice din Jude\u021bul Bihor (Oradea Heritage), funda\u021bie non-profit cu sediul \u00een Oradea, str. Iosif Vulcan, nr.11, jude\u021bul Bihor, CUI RO 17394856 reprezentat\u0103 prin domnul Chira Alexandru \u2013 director executiv, v\u0103 aduce la cuno\u0219tin\u021b\u0103 urm\u0103toarele: Nu utiliz\u0103m datele cu caracter personal pentru prelucrare automatizat\u0103 s\u0326i nici pentru realizarea de profile. Nu","inLanguage":"en-GB","isPartOf":{"@id":"https:\/\/noca.art\/en\/#website"},"breadcrumb":{"@id":"https:\/\/noca.art\/en\/termeni-si-conditii\/#breadcrumblist"},"datePublished":"2025-10-07T11:24:06+03:00","dateModified":"2026-03-13T10:39:47+02:00"},{"@type":"WebSite","@id":"https:\/\/noca.art\/en\/#website","url":"https:\/\/noca.art\/en\/","name":"NOCA New Oradea Contemporary Art","description":"Centru de art\u0103 contemporan\u0103 Oradea","inLanguage":"en-GB","publisher":{"@id":"https:\/\/noca.art\/en\/#organization"}}]},"og:locale":"en_GB","og:site_name":"NOCA New Oradea Contemporary Art - Centru de art\u0103 contemporan\u0103 Oradea","og:type":"article","og:title":"Termeni \u0219i Condi\u021bii - NOCA New Oradea Contemporary Art","og:description":"Funda\u021bia de Protejare a Monumentelor Istorice din Jude\u021bul Bihor (Oradea Heritage), funda\u021bie non-profit cu sediul \u00een Oradea, str. Iosif Vulcan, nr.11, jude\u021bul Bihor, CUI RO 17394856 reprezentat\u0103 prin domnul Chira Alexandru \u2013 director executiv, v\u0103 aduce la cuno\u0219tin\u021b\u0103 urm\u0103toarele: Nu utiliz\u0103m datele cu caracter personal pentru prelucrare automatizat\u0103 s\u0326i nici pentru realizarea de profile. Nu","og:url":"https:\/\/noca.art\/en\/termeni-si-conditii\/","article:published_time":"2025-10-07T11:24:06+00:00","article:modified_time":"2026-03-13T08:39:47+00:00","article:publisher":"https:\/\/www.facebook.com\/noca.oradea","twitter:card":"summary_large_image","twitter:title":"Termeni \u0219i Condi\u021bii - NOCA New Oradea Contemporary Art","twitter:description":"Funda\u021bia de Protejare a Monumentelor Istorice din Jude\u021bul Bihor (Oradea Heritage), funda\u021bie non-profit cu sediul \u00een Oradea, str. Iosif Vulcan, nr.11, jude\u021bul Bihor, CUI RO 17394856 reprezentat\u0103 prin domnul Chira Alexandru \u2013 director executiv, v\u0103 aduce la cuno\u0219tin\u021b\u0103 urm\u0103toarele: Nu utiliz\u0103m datele cu caracter personal pentru prelucrare automatizat\u0103 s\u0326i nici pentru realizarea de profile. Nu"},"aioseo_meta_data":{"post_id":"3","title":null,"description":null,"keywords":null,"keyphrases":{"focus":{"keyphrase":"","score":0,"analysis":{"keyphraseInTitle":{"score":0,"maxScore":9,"error":1}}},"additional":[]},"primary_term":null,"canonical_url":null,"og_title":null,"og_description":null,"og_object_type":"default","og_image_type":"default","og_image_url":null,"og_image_width":null,"og_image_height":null,"og_image_custom_url":null,"og_image_custom_fields":null,"og_video":"","og_custom_url":null,"og_article_section":null,"og_article_tags":null,"twitter_use_og":false,"twitter_card":"default","twitter_image_type":"default","twitter_image_url":null,"twitter_image_custom_url":null,"twitter_image_custom_fields":null,"twitter_title":null,"twitter_description":null,"schema":{"blockGraphs":[],"customGraphs":[],"default":{"data":{"Article":[],"Course":[],"Dataset":[],"FAQPage":[],"Movie":[],"Person":[],"Product":[],"ProductReview":[],"Car":[],"Recipe":[],"Service":[],"SoftwareApplication":[],"WebPage":[]},"graphName":"WebPage","isEnabled":true},"graphs":[]},"schema_type":"default","schema_type_options":null,"pillar_content":false,"robots_default":true,"robots_noindex":false,"robots_noarchive":false,"robots_nosnippet":false,"robots_nofollow":false,"robots_noimageindex":false,"robots_noodp":false,"robots_notranslate":false,"robots_max_snippet":"-1","robots_max_videopreview":"-1","robots_max_imagepreview":"large","priority":null,"frequency":"default","local_seo":null,"seo_analyzer_scan_date":"2026-03-13 09:36:41","breadcrumb_settings":null,"limit_modified_date":false,"open_ai":null,"ai":{"faqs":[],"keyPoints":[],"titles":[],"descriptions":[],"socialPosts":{"email":[],"linkedin":[],"twitter":[],"facebook":[],"instagram":[]}},"created":"2025-10-15 09:39:38","updated":"2026-03-13 09:37:08"},"aioseo_breadcrumb":"<div class=\"aioseo-breadcrumbs\"><span class=\"aioseo-breadcrumb\">\n\t<a href=\"https:\/\/noca.art\/en\" title=\"Home\">Home<\/a>\n<\/span><span class=\"aioseo-breadcrumb-separator\">\u00bb<\/span><span class=\"aioseo-breadcrumb\">\n\tTermeni \u0219i Condi\u021bii\n<\/span><\/div>","aioseo_breadcrumb_json":[{"label":"Home","link":"https:\/\/noca.art\/en"},{"label":"Termeni \u0219i Condi\u021bii","link":"https:\/\/noca.art\/en\/termeni-si-conditii\/"}],"_links":{"self":[{"href":"https:\/\/noca.art\/en\/wp-json\/wp\/v2\/pages\/3","targetHints":{"allow":["GET"]}}],"collection":[{"href":"https:\/\/noca.art\/en\/wp-json\/wp\/v2\/pages"}],"about":[{"href":"https:\/\/noca.art\/en\/wp-json\/wp\/v2\/types\/page"}],"author":[{"embeddable":true,"href":"https:\/\/noca.art\/en\/wp-json\/wp\/v2\/users\/1"}],"replies":[{"embeddable":true,"href":"https:\/\/noca.art\/en\/wp-json\/wp\/v2\/comments?post=3"}],"version-history":[{"count":5,"href":"https:\/\/noca.art\/en\/wp-json\/wp\/v2\/pages\/3\/revisions"}],"predecessor-version":[{"id":343,"href":"https:\/\/noca.art\/en\/wp-json\/wp\/v2\/pages\/3\/revisions\/343"}],"wp:attachment":[{"href":"https:\/\/noca.art\/en\/wp-json\/wp\/v2\/media?parent=3"}],"curies":[{"name":"wp","href":"https:\/\/api.w.org\/{rel}","templated":true}]}}