{"id":180,"date":"2025-10-14T23:24:09","date_gmt":"2025-10-14T20:24:09","guid":{"rendered":"https:\/\/noca.art\/?page_id=180"},"modified":"2026-03-13T10:40:33","modified_gmt":"2026-03-13T08:40:33","slug":"cookie-policy","status":"publish","type":"page","link":"https:\/\/noca.art\/en\/politica-cookies\/","title":{"rendered":"Cookie policy"},"content":{"rendered":"<p data-start=\"52\" data-end=\"89\">Last updated: October 16, 2025<\/p>\n<h3 data-start=\"91\" data-end=\"108\">1. Who we are<\/h3>\n<p data-start=\"109\" data-end=\"438\">This site is managed by <strong data-start=\"140\" data-end=\"207\">The Foundation for the Protection of Historical Monuments in Bihor County (Oradea Heritage)<\/strong>, non-profit foundation, headquartered in Oradea, Iosif Vulcan Street no. 11, Bihor County, CUI RO 17394856, represented by Mr. <strong data-start=\"331\" data-end=\"370\">Chira Alexandru \u2013 executive director<\/strong>.<br data-start=\"371\" data-end=\"374\" \/>Contact: <strong data-start=\"383\" data-end=\"393\">Mobile:<\/strong> +40 771 553 0655 \u2022 <strong data-start=\"413\" data-end=\"423\">E-mail:<\/strong> <a class=\"decorated-link cursor-pointer\" rel=\"noopener\" data-start=\"424\" data-end=\"438\">hello@noca.art<\/a><\/p>\n<h3 data-start=\"440\" data-end=\"466\">2. What are cookies?<\/h3>\n<p data-start=\"467\" data-end=\"716\">Cookies are small text files stored on your device when you visit a website. They allow the website to remember actions and preferences (e.g. login, language) over time and help us understand how the website is used.<\/p>\n<h3 data-start=\"718\" data-end=\"748\">3. Who places cookies<\/h3>\n<ul data-start=\"749\" data-end=\"916\">\n<li data-start=\"749\" data-end=\"808\">\n<p data-start=\"751\" data-end=\"808\"><strong data-start=\"751\" data-end=\"787\">First-party cookies<\/strong>: set by noca.art.<\/p>\n<\/li>\n<li data-start=\"809\" data-end=\"916\">\n<p data-start=\"811\" data-end=\"916\"><strong data-start=\"811\" data-end=\"845\">Third-party cookies<\/strong>: settings of third-party services integrated on the site (e.g. Google Analytics).<\/p>\n<\/li>\n<\/ul>\n<h3 data-start=\"918\" data-end=\"955\">4. What types of cookies do we use?<\/h3>\n<ul data-start=\"956\" data-end=\"1344\">\n<li data-start=\"956\" data-end=\"1118\">\n<p data-start=\"958\" data-end=\"1118\"><strong data-start=\"958\" data-end=\"970\">REQUIRED<\/strong>: essential for the operation of the site and the management of cookie consent. These cannot be disabled from our systems.<\/p>\n<\/li>\n<li data-start=\"1119\" data-end=\"1344\">\n<p data-start=\"1121\" data-end=\"1344\"><strong data-start=\"1121\" data-end=\"1134\">Analytics<\/strong>: helps us understand how the site is used (pages visited, interactions) to improve the experience. The data is aggregated and anonymized; we do not use these cookies to directly identify you.<\/p>\n<\/li>\n<\/ul>\n<p data-start=\"1346\" data-end=\"1425\">We do NOT currently use behavioral marketing\/advertising cookies.<\/p>\n<h3 data-start=\"1427\" data-end=\"1466\">5. Cookies used on noca.art<\/h3>\n<h3 data-start=\"1468\" data-end=\"1492\">A. Necessary Cookies<\/h3>\n<div class=\"_tableContainer_1rjym_1\">\n<div class=\"group _tableWrapper_1rjym_13 flex w-fit flex-col-reverse\" tabindex=\"-1\">\n<table class=\"w-fit min-w-(--thread-content-width)\" data-start=\"1493\" data-end=\"1756\">\n<thead data-start=\"1493\" data-end=\"1528\">\n<tr data-start=\"1493\" data-end=\"1528\">\n<th data-start=\"1493\" data-end=\"1500\" data-col-size=\"sm\">Name<\/th>\n<th data-start=\"1500\" data-end=\"1511\" data-col-size=\"sm\">PROVIDER<\/th>\n<th data-start=\"1511\" data-end=\"1518\" data-col-size=\"lg\">Scope<\/th>\n<th data-start=\"1518\" data-end=\"1528\" data-col-size=\"sm\">DuRATion<\/th>\n<\/tr>\n<\/thead>\n<tbody data-start=\"1547\" data-end=\"1756\">\n<tr data-start=\"1547\" data-end=\"1756\">\n<td data-start=\"1547\" data-end=\"1571\" data-col-size=\"sm\"><code data-start=\"1549\" data-end=\"1570\">cookieadmin_consent<\/code><\/td>\n<td data-col-size=\"sm\" data-start=\"1571\" data-end=\"1582\">noca.art<\/td>\n<td data-col-size=\"lg\" data-start=\"1582\" data-end=\"1744\">Stores the consent options set through the CookieAdmin plugin for WordPress so that your preferences are respected on subsequent visits.<\/td>\n<td data-col-size=\"sm\" data-start=\"1744\" data-end=\"1756\">365 days<\/td>\n<\/tr>\n<\/tbody>\n<\/table>\n<\/div>\n<\/div>\n<h3 data-start=\"1758\" data-end=\"1783\">B. Analytical Cookies<\/h3>\n<div class=\"_tableContainer_1rjym_1\">\n<div class=\"group _tableWrapper_1rjym_13 flex w-fit flex-col-reverse\" tabindex=\"-1\">\n<table class=\"w-fit min-w-(--thread-content-width)\" data-start=\"1784\" data-end=\"2062\">\n<thead data-start=\"1784\" data-end=\"1819\">\n<tr data-start=\"1784\" data-end=\"1819\">\n<th data-start=\"1784\" data-end=\"1791\" data-col-size=\"sm\">Name<\/th>\n<th data-start=\"1791\" data-end=\"1802\" data-col-size=\"sm\">PROVIDER<\/th>\n<th data-start=\"1802\" data-end=\"1809\" data-col-size=\"md\">Scope<\/th>\n<th data-start=\"1809\" data-end=\"1819\" data-col-size=\"sm\">DuRATion<\/th>\n<\/tr>\n<\/thead>\n<tbody data-start=\"1838\" data-end=\"2062\">\n<tr data-start=\"1838\" data-end=\"1946\">\n<td data-start=\"1838\" data-end=\"1846\" data-col-size=\"sm\"><code data-start=\"1840\" data-end=\"1845\">_ga<\/code><\/td>\n<td data-col-size=\"sm\" data-start=\"1846\" data-end=\"1865\">Google Analytics<\/td>\n<td data-col-size=\"md\" data-start=\"1865\" data-end=\"1934\">ID used to differentiate users for statistical purposes.<\/td>\n<td data-col-size=\"sm\" data-start=\"1934\" data-end=\"1946\">365 days<\/td>\n<\/tr>\n<tr data-start=\"1947\" data-end=\"2062\">\n<td data-start=\"1947\" data-end=\"1956\" data-col-size=\"sm\"><code data-start=\"1949\" data-end=\"1955\">_ga_<\/code><\/td>\n<td data-col-size=\"sm\" data-start=\"1956\" data-end=\"1975\">Google Analytics<\/td>\n<td data-col-size=\"md\" data-start=\"1975\" data-end=\"2050\">ID used to maintain the session and measure interactions on the site.<\/td>\n<td data-col-size=\"sm\" data-start=\"2050\" data-end=\"2062\">365 days<\/td>\n<\/tr>\n<\/tbody>\n<\/table>\n<\/div>\n<\/div>\n<blockquote data-start=\"2064\" data-end=\"2165\">\n<p data-start=\"2066\" data-end=\"2165\">Note: Analytical cookies are only set if you express your agreement in the consent banner.<\/p>\n<\/blockquote>\n<h3 data-start=\"2167\" data-end=\"2201\">6. Legal basis for processing<\/h3>\n<ul data-start=\"2202\" data-end=\"2442\">\n<li data-start=\"2202\" data-end=\"2330\">\n<p data-start=\"2204\" data-end=\"2330\"><strong data-start=\"2204\" data-end=\"2227\">Necessary cookies<\/strong>: the legitimate interest of the operator to ensure the functioning of the site (art. 6 para. (1) letter f GDPR).<\/p>\n<\/li>\n<li data-start=\"2331\" data-end=\"2442\">\n<p data-start=\"2333\" data-end=\"2442\"><strong data-start=\"2333\" data-end=\"2357\">Analytical cookies<\/strong>: your consent (art. 6 para. (1) lit. of the GDPR), which you can withdraw at any time.<\/p>\n<\/li>\n<\/ul>\n<h3 data-start=\"2444\" data-end=\"2483\">7. How to manage your consent<\/h3>\n<ul data-start=\"2484\" data-end=\"2823\">\n<li data-start=\"2484\" data-end=\"2550\">\n<p data-start=\"2486\" data-end=\"2550\">On your first visit, a banner appears to set your preferences.<\/p>\n<\/li>\n<li data-start=\"2551\" data-end=\"2706\">\n<p data-start=\"2553\" data-end=\"2706\">You can change or withdraw your consent later using the cookie preferences button\/icon displayed on the site or by deleting cookies from your browser.<\/p>\n<\/li>\n<li data-start=\"2707\" data-end=\"2823\">\n<p data-start=\"2709\" data-end=\"2823\">You can block\/delete cookies directly from your browser settings (exact instructions vary depending on the browser).<\/p>\n<\/li>\n<\/ul>\n<blockquote data-start=\"2825\" data-end=\"2899\">\n<p data-start=\"2827\" data-end=\"2899\">Disabling necessary cookies may affect the functioning of the site.<\/p>\n<\/blockquote>\n<h3 data-start=\"2901\" data-end=\"2944\">8. Third-party services and data transfers<\/h3>\n<p data-start=\"2945\" data-end=\"3303\">For traffic analysis we use <strong data-start=\"2979\" data-end=\"2999\">Google Analytics<\/strong>, provided by Google LLC. Data may be transferred outside the EEA. Where applicable, appropriate legal instruments (e.g. standard contractual clauses) apply. We do not use Google Analytics to create individual marketing profiles and do not combine analytical data with data that directly identifies you.<\/p>\n<h3 data-start=\"3305\" data-end=\"3330\">9. Storage periods<\/h3>\n<p data-start=\"3331\" data-end=\"3488\">The storage periods are indicated in the tables above. After expiration, cookies are automatically deleted. You can also delete them manually at any time from your browser.<\/p>\n<h3 data-start=\"3490\" data-end=\"3519\">10. Your rights (GDPR)<\/h3>\n<p data-start=\"3520\" data-end=\"3817\">You have the right to access, rectify, delete, restrict, portability, object, as well as the right to withdraw consent for analytical cookies. You also have the right to file a complaint with <strong data-start=\"3732\" data-end=\"3816\">National Supervisory Authority for Personal Data Processing<\/strong>.<\/p>\n<p data-start=\"3819\" data-end=\"3911\">To exercise your rights: <strong data-start=\"3851\" data-end=\"3869\"><a class=\"decorated-link cursor-pointer\" rel=\"noopener\" data-start=\"3853\" data-end=\"3867\">hello@noca.art<\/a><\/strong> or by mail to the address in section 1.<\/p>\n<h3 data-start=\"3913\" data-end=\"3944\">11. Policy changes<\/h3>\n<p data-start=\"3945\" data-end=\"4139\">We may update this policy to reflect legislative or operational changes. Any changes will be posted on this page, with the date at the beginning of the document updated.<\/p>","protected":false},"excerpt":{"rendered":"<p>Ultima actualizare: 16 octombrie 2025 1. Cine suntem Acest site este administrat de Funda\u021bia de Protejare a Monumentelor Istorice din Jude\u021bul Bihor (Oradea Heritage), funda\u021bie non-profit, cu sediul \u00een Oradea, str. Iosif Vulcan nr. 11, jud. Bihor, CUI RO 17394856, reprezentat\u0103 prin domnul Chira Alexandru \u2013 director executiv.Contact: Mobil: +40 771 553 0655 \u2022 Email: [&hellip;]<\/p>\n","protected":false},"author":1,"featured_media":0,"parent":0,"menu_order":0,"comment_status":"closed","ping_status":"closed","template":"","meta":{"_acf_changed":false,"footnotes":""},"class_list":["post-180","page","type-page","status-publish","hentry"],"acf":[],"aioseo_notices":[],"aioseo_head":"\n\t\t<!-- All in One SEO Pro 4.9.5.2 - aioseo.com -->\n\t<meta name=\"description\" content=\"Ultima actualizare: 16 octombrie 2025 1. Cine suntem Acest site este administrat de Funda\u021bia de Protejare a Monumentelor Istorice din Jude\u021bul Bihor (Oradea Heritage), funda\u021bie non-profit, cu sediul \u00een Oradea, str. Iosif Vulcan nr. 11, jud. Bihor, CUI RO 17394856, reprezentat\u0103 prin domnul Chira Alexandru \u2013 director executiv.Contact: Mobil: +40 771 553 0655 \u2022 Email:\" \/>\n\t<meta name=\"robots\" content=\"max-image-preview:large\" \/>\n\t<link rel=\"canonical\" href=\"https:\/\/noca.art\/en\/politica-cookies\/\" \/>\n\t<meta name=\"generator\" content=\"All in One SEO Pro (AIOSEO) 4.9.5.2\" \/>\n\t\t<meta property=\"og:locale\" content=\"en_GB\" \/>\n\t\t<meta property=\"og:site_name\" content=\"NOCA New Oradea Contemporary Art - Centru de art\u0103 contemporan\u0103 Oradea\" \/>\n\t\t<meta property=\"og:type\" content=\"article\" \/>\n\t\t<meta property=\"og:title\" content=\"Politic\u0103 cookies - NOCA New Oradea Contemporary Art\" \/>\n\t\t<meta property=\"og:description\" content=\"Ultima actualizare: 16 octombrie 2025 1. Cine suntem Acest site este administrat de Funda\u021bia de Protejare a Monumentelor Istorice din Jude\u021bul Bihor (Oradea Heritage), funda\u021bie non-profit, cu sediul \u00een Oradea, str. Iosif Vulcan nr. 11, jud. Bihor, CUI RO 17394856, reprezentat\u0103 prin domnul Chira Alexandru \u2013 director executiv.Contact: Mobil: +40 771 553 0655 \u2022 Email:\" \/>\n\t\t<meta property=\"og:url\" content=\"https:\/\/noca.art\/en\/politica-cookies\/\" \/>\n\t\t<meta property=\"article:published_time\" content=\"2025-10-14T20:24:09+00:00\" \/>\n\t\t<meta property=\"article:modified_time\" content=\"2026-03-13T08:40:33+00:00\" \/>\n\t\t<meta property=\"article:publisher\" content=\"https:\/\/www.facebook.com\/noca.oradea\" \/>\n\t\t<meta name=\"twitter:card\" content=\"summary_large_image\" \/>\n\t\t<meta name=\"twitter:title\" content=\"Politic\u0103 cookies - NOCA New Oradea Contemporary Art\" \/>\n\t\t<meta name=\"twitter:description\" content=\"Ultima actualizare: 16 octombrie 2025 1. Cine suntem Acest site este administrat de Funda\u021bia de Protejare a Monumentelor Istorice din Jude\u021bul Bihor (Oradea Heritage), funda\u021bie non-profit, cu sediul \u00een Oradea, str. Iosif Vulcan nr. 11, jud. Bihor, CUI RO 17394856, reprezentat\u0103 prin domnul Chira Alexandru \u2013 director executiv.Contact: Mobil: +40 771 553 0655 \u2022 Email:\" \/>\n\t\t<script type=\"application\/ld+json\" class=\"aioseo-schema\">\n\t\t\t{\"@context\":\"https:\\\/\\\/schema.org\",\"@graph\":[{\"@type\":\"BreadcrumbList\",\"@id\":\"https:\\\/\\\/noca.art\\\/en\\\/politica-cookies\\\/#breadcrumblist\",\"itemListElement\":[{\"@type\":\"ListItem\",\"@id\":\"https:\\\/\\\/noca.art\\\/en#listItem\",\"position\":1,\"name\":\"Home\",\"item\":\"https:\\\/\\\/noca.art\\\/en\",\"nextItem\":{\"@type\":\"ListItem\",\"@id\":\"https:\\\/\\\/noca.art\\\/en\\\/politica-cookies\\\/#listItem\",\"name\":\"Politic\\u0103 cookies\"}},{\"@type\":\"ListItem\",\"@id\":\"https:\\\/\\\/noca.art\\\/en\\\/politica-cookies\\\/#listItem\",\"position\":2,\"name\":\"Politic\\u0103 cookies\",\"previousItem\":{\"@type\":\"ListItem\",\"@id\":\"https:\\\/\\\/noca.art\\\/en#listItem\",\"name\":\"Home\"}}]},{\"@type\":\"Organization\",\"@id\":\"https:\\\/\\\/noca.art\\\/en\\\/#organization\",\"name\":\"NOCA New Oradea Contemporary Art\",\"description\":\"Centru de art\\u0103 contemporan\\u0103 Oradea\",\"url\":\"https:\\\/\\\/noca.art\\\/en\\\/\",\"email\":\"hello@noca.art\",\"telephone\":\"+40715530655\",\"foundingDate\":\"2025-10-21\",\"numberOfEmployees\":{\"@type\":\"QuantitativeValue\",\"value\":5},\"logo\":{\"@type\":\"ImageObject\",\"url\":\"https:\\\/\\\/noca.art\\\/wp-content\\\/uploads\\\/2025\\\/10\\\/noca.png\",\"@id\":\"https:\\\/\\\/noca.art\\\/en\\\/politica-cookies\\\/#organizationLogo\",\"width\":500,\"height\":514,\"caption\":\"NOCA Oradea\"},\"image\":{\"@id\":\"https:\\\/\\\/noca.art\\\/en\\\/politica-cookies\\\/#organizationLogo\"},\"sameAs\":[\"https:\\\/\\\/www.facebook.com\\\/noca.oradea\",\"https:\\\/\\\/www.instagram.com\\\/noca_oradea\"],\"address\":{\"@id\":\"https:\\\/\\\/noca.art\\\/en\\\/#postaladdress\",\"@type\":\"PostalAddress\",\"streetAddress\":\", Strada Independen\\u021bei nr. 20\",\"addressLocality\":\"Oradea\",\"addressRegion\":\"Bihor\",\"addressCountry\":\"RO\"}},{\"@type\":\"WebPage\",\"@id\":\"https:\\\/\\\/noca.art\\\/en\\\/politica-cookies\\\/#webpage\",\"url\":\"https:\\\/\\\/noca.art\\\/en\\\/politica-cookies\\\/\",\"name\":\"Politic\\u0103 cookies - NOCA New Oradea Contemporary Art\",\"description\":\"Ultima actualizare: 16 octombrie 2025 1. Cine suntem Acest site este administrat de Funda\\u021bia de Protejare a Monumentelor Istorice din Jude\\u021bul Bihor (Oradea Heritage), funda\\u021bie non-profit, cu sediul \\u00een Oradea, str. Iosif Vulcan nr. 11, jud. Bihor, CUI RO 17394856, reprezentat\\u0103 prin domnul Chira Alexandru \\u2013 director executiv.Contact: Mobil: +40 771 553 0655 \\u2022 Email:\",\"inLanguage\":\"en-GB\",\"isPartOf\":{\"@id\":\"https:\\\/\\\/noca.art\\\/en\\\/#website\"},\"breadcrumb\":{\"@id\":\"https:\\\/\\\/noca.art\\\/en\\\/politica-cookies\\\/#breadcrumblist\"},\"datePublished\":\"2025-10-14T23:24:09+03:00\",\"dateModified\":\"2026-03-13T10:40:33+02:00\"},{\"@type\":\"WebSite\",\"@id\":\"https:\\\/\\\/noca.art\\\/en\\\/#website\",\"url\":\"https:\\\/\\\/noca.art\\\/en\\\/\",\"name\":\"NOCA New Oradea Contemporary Art\",\"description\":\"Centru de art\\u0103 contemporan\\u0103 Oradea\",\"inLanguage\":\"en-GB\",\"publisher\":{\"@id\":\"https:\\\/\\\/noca.art\\\/en\\\/#organization\"}}]}\n\t\t<\/script>\n\t\t<!-- All in One SEO Pro -->\r\n\t\t<title>Politic\u0103 cookies - NOCA New Oradea Contemporary Art<\/title>\n\n","aioseo_head_json":{"title":"Cookies policy - NOCA New Oradea Contemporary Art","description":"Last update: October 16, 2025 1. Who we are This site is managed by the Foundation for the Protection of Historical Monuments in Bihor County (Oradea Heritage), a non-profit foundation, headquartered in Oradea, str. Iosif Vulcan no. 11, Bihor county, CUI RO 17394856, represented by Mr. Chira Alexandru \u2013 executive director. Contact: Mobile: +40 771 553 0655 \u2022 Email:","canonical_url":"https:\/\/noca.art\/en\/politica-cookies\/","robots":"max-image-preview:large","keywords":"","webmasterTools":{"miscellaneous":""},"schema":{"@context":"https:\/\/schema.org","@graph":[{"@type":"BreadcrumbList","@id":"https:\/\/noca.art\/en\/politica-cookies\/#breadcrumblist","itemListElement":[{"@type":"ListItem","@id":"https:\/\/noca.art\/en#listItem","position":1,"name":"Home","item":"https:\/\/noca.art\/en","nextItem":{"@type":"ListItem","@id":"https:\/\/noca.art\/en\/politica-cookies\/#listItem","name":"Politic\u0103 cookies"}},{"@type":"ListItem","@id":"https:\/\/noca.art\/en\/politica-cookies\/#listItem","position":2,"name":"Politic\u0103 cookies","previousItem":{"@type":"ListItem","@id":"https:\/\/noca.art\/en#listItem","name":"Home"}}]},{"@type":"Organization","@id":"https:\/\/noca.art\/en\/#organization","name":"NOCA New Oradea Contemporary Art","description":"Centru de art\u0103 contemporan\u0103 Oradea","url":"https:\/\/noca.art\/en\/","email":"hello@noca.art","telephone":"+40715530655","foundingDate":"2025-10-21","numberOfEmployees":{"@type":"QuantitativeValue","value":5},"logo":{"@type":"ImageObject","url":"https:\/\/noca.art\/wp-content\/uploads\/2025\/10\/noca.png","@id":"https:\/\/noca.art\/en\/politica-cookies\/#organizationLogo","width":500,"height":514,"caption":"NOCA Oradea"},"image":{"@id":"https:\/\/noca.art\/en\/politica-cookies\/#organizationLogo"},"sameAs":["https:\/\/www.facebook.com\/noca.oradea","https:\/\/www.instagram.com\/noca_oradea"],"address":{"@id":"https:\/\/noca.art\/en\/#postaladdress","@type":"PostalAddress","streetAddress":", Strada Independen\u021bei nr. 20","addressLocality":"Oradea","addressRegion":"Bihor","addressCountry":"RO"}},{"@type":"WebPage","@id":"https:\/\/noca.art\/en\/politica-cookies\/#webpage","url":"https:\/\/noca.art\/en\/politica-cookies\/","name":"Politic\u0103 cookies - NOCA New Oradea Contemporary Art","description":"Ultima actualizare: 16 octombrie 2025 1. Cine suntem Acest site este administrat de Funda\u021bia de Protejare a Monumentelor Istorice din Jude\u021bul Bihor (Oradea Heritage), funda\u021bie non-profit, cu sediul \u00een Oradea, str. Iosif Vulcan nr. 11, jud. Bihor, CUI RO 17394856, reprezentat\u0103 prin domnul Chira Alexandru \u2013 director executiv.Contact: Mobil: +40 771 553 0655 \u2022 Email:","inLanguage":"en-GB","isPartOf":{"@id":"https:\/\/noca.art\/en\/#website"},"breadcrumb":{"@id":"https:\/\/noca.art\/en\/politica-cookies\/#breadcrumblist"},"datePublished":"2025-10-14T23:24:09+03:00","dateModified":"2026-03-13T10:40:33+02:00"},{"@type":"WebSite","@id":"https:\/\/noca.art\/en\/#website","url":"https:\/\/noca.art\/en\/","name":"NOCA New Oradea Contemporary Art","description":"Centru de art\u0103 contemporan\u0103 Oradea","inLanguage":"en-GB","publisher":{"@id":"https:\/\/noca.art\/en\/#organization"}}]},"og:locale":"en_GB","og:site_name":"NOCA New Oradea Contemporary Art - Centru de art\u0103 contemporan\u0103 Oradea","og:type":"article","og:title":"Politic\u0103 cookies - NOCA New Oradea Contemporary Art","og:description":"Ultima actualizare: 16 octombrie 2025 1. Cine suntem Acest site este administrat de Funda\u021bia de Protejare a Monumentelor Istorice din Jude\u021bul Bihor (Oradea Heritage), funda\u021bie non-profit, cu sediul \u00een Oradea, str. Iosif Vulcan nr. 11, jud. Bihor, CUI RO 17394856, reprezentat\u0103 prin domnul Chira Alexandru \u2013 director executiv.Contact: Mobil: +40 771 553 0655 \u2022 Email:","og:url":"https:\/\/noca.art\/en\/politica-cookies\/","article:published_time":"2025-10-14T20:24:09+00:00","article:modified_time":"2026-03-13T08:40:33+00:00","article:publisher":"https:\/\/www.facebook.com\/noca.oradea","twitter:card":"summary_large_image","twitter:title":"Politic\u0103 cookies - NOCA New Oradea Contemporary Art","twitter:description":"Ultima actualizare: 16 octombrie 2025 1. Cine suntem Acest site este administrat de Funda\u021bia de Protejare a Monumentelor Istorice din Jude\u021bul Bihor (Oradea Heritage), funda\u021bie non-profit, cu sediul \u00een Oradea, str. Iosif Vulcan nr. 11, jud. Bihor, CUI RO 17394856, reprezentat\u0103 prin domnul Chira Alexandru \u2013 director executiv.Contact: Mobil: +40 771 553 0655 \u2022 Email:"},"aioseo_meta_data":{"post_id":"180","title":null,"description":null,"keywords":null,"keyphrases":{"focus":{"keyphrase":"","score":0,"analysis":{"keyphraseInTitle":{"score":0,"maxScore":9,"error":1}}},"additional":[]},"primary_term":null,"canonical_url":null,"og_title":null,"og_description":null,"og_object_type":"default","og_image_type":"default","og_image_url":null,"og_image_width":null,"og_image_height":null,"og_image_custom_url":null,"og_image_custom_fields":null,"og_video":"","og_custom_url":null,"og_article_section":null,"og_article_tags":null,"twitter_use_og":false,"twitter_card":"default","twitter_image_type":"default","twitter_image_url":null,"twitter_image_custom_url":null,"twitter_image_custom_fields":null,"twitter_title":null,"twitter_description":null,"schema":{"blockGraphs":[],"customGraphs":[],"default":{"data":{"Article":[],"Course":[],"Dataset":[],"FAQPage":[],"Movie":[],"Person":[],"Product":[],"ProductReview":[],"Car":[],"Recipe":[],"Service":[],"SoftwareApplication":[],"WebPage":[]},"graphName":"WebPage","isEnabled":true},"graphs":[]},"schema_type":"default","schema_type_options":null,"pillar_content":false,"robots_default":true,"robots_noindex":false,"robots_noarchive":false,"robots_nosnippet":false,"robots_nofollow":false,"robots_noimageindex":false,"robots_noodp":false,"robots_notranslate":false,"robots_max_snippet":"-1","robots_max_videopreview":"-1","robots_max_imagepreview":"large","priority":null,"frequency":"default","local_seo":null,"seo_analyzer_scan_date":"2026-03-13 09:36:42","breadcrumb_settings":null,"limit_modified_date":false,"open_ai":null,"ai":{"faqs":[],"keyPoints":[],"titles":[],"descriptions":[],"socialPosts":{"email":[],"linkedin":[],"twitter":[],"facebook":[],"instagram":[]}},"created":"2025-10-15 09:40:20","updated":"2026-03-13 09:37:08"},"aioseo_breadcrumb":"<div class=\"aioseo-breadcrumbs\"><span class=\"aioseo-breadcrumb\">\n\t<a href=\"https:\/\/noca.art\/en\" title=\"Home\">Home<\/a>\n<\/span><span class=\"aioseo-breadcrumb-separator\">\u00bb<\/span><span class=\"aioseo-breadcrumb\">\n\tPolitic\u0103 cookies\n<\/span><\/div>","aioseo_breadcrumb_json":[{"label":"Home","link":"https:\/\/noca.art\/en"},{"label":"Politic\u0103 cookies","link":"https:\/\/noca.art\/en\/politica-cookies\/"}],"_links":{"self":[{"href":"https:\/\/noca.art\/en\/wp-json\/wp\/v2\/pages\/180","targetHints":{"allow":["GET"]}}],"collection":[{"href":"https:\/\/noca.art\/en\/wp-json\/wp\/v2\/pages"}],"about":[{"href":"https:\/\/noca.art\/en\/wp-json\/wp\/v2\/types\/page"}],"author":[{"embeddable":true,"href":"https:\/\/noca.art\/en\/wp-json\/wp\/v2\/users\/1"}],"replies":[{"embeddable":true,"href":"https:\/\/noca.art\/en\/wp-json\/wp\/v2\/comments?post=180"}],"version-history":[{"count":4,"href":"https:\/\/noca.art\/en\/wp-json\/wp\/v2\/pages\/180\/revisions"}],"predecessor-version":[{"id":344,"href":"https:\/\/noca.art\/en\/wp-json\/wp\/v2\/pages\/180\/revisions\/344"}],"wp:attachment":[{"href":"https:\/\/noca.art\/en\/wp-json\/wp\/v2\/media?parent=180"}],"curies":[{"name":"wp","href":"https:\/\/api.w.org\/{rel}","templated":true}]}}